{"id":116717,"date":"2016-09-24T09:49:38","date_gmt":"2016-09-24T07:49:38","guid":{"rendered":"https:\/\/www.fabioferro.eu\/fabio-ferro-halskette-aus-weissgold-mit-ovalem-smaragd-und-diamant-anhaenger.html"},"modified":"2024-02-08T12:39:11","modified_gmt":"2024-02-08T11:39:11","slug":"fabio-ferro-halskette-aus-weissgold-mit-ovalem-smaragd-und-diamant-anhaenger","status":"publish","type":"product","link":"https:\/\/www.fabioferro.eu\/de\/fabio-ferro-halskette-aus-weissgold-mit-ovalem-smaragd-und-diamant-anhaenger.html","title":{"rendered":"Fabio Ferro Halskette aus Wei\u00dfgold mit ovalem Smaragd- und Diamant-Anh\u00e4nger"},"content":{"rendered":"<div class=\"description\">\n<div class=\"description\">\n<div class=\"description\">\n<p>Halskette Fabio Ferro, handgefertigt in unserer Goldschmiedewerkstatt, aus Wei\u00dfgold 750\/1000, Gewicht ca. 2,60 g.<\/p>\n<p>Kette aus Mini-Rollover-Gliedern mit praktischem Karabinerverschluss, L\u00e4nge 45,00 cm. Mit der M\u00f6glichkeit, auch 42,00 cm. zu tragen, dank eines kleinen Rings, der in die Kette eingef\u00fcgt ist.<\/p>\n<p>An der Kette gleitender Anh\u00e4nger in Form einer kleinen Raute, umgeben von Diamanten im Brillantschliff von insgesamt 0,10 Karat, Farbe G, Reinheit VS.<\/p>\n<p>In der Mitte befindet sich ein pr\u00e4chtiger kolumbianischer Smaragd im Ovalschliff von insgesamt 0,30 Karat, der mit 4 Greifen besetzt ist.<\/p>\n<p>Der zentrale Anh\u00e4nger misst 6,80 x 7,50 mm in der Breite und 4,00 mm in der Dicke.<\/p>\n<p>Das Schmuckst\u00fcck wird mit einem Qualit\u00e4tszertifikat und einer Garantie von Fabio Ferro i Gioielli, einer Couvette und einer kostenlosen Geschenkbox f\u00fcr den besonderen Anlass geliefert.<\/p>\n<\/div>\n<\/div>\n<\/div>\n","protected":false},"excerpt":{"rendered":"<p>Fabio Ferro Halskette aus Wei\u00dfgold und Anh\u00e4nger in Form eines Rosenkranzes mit Diamanten im Brillantschliff und einem Smaragd im Ovalschliff.<\/p>\n","protected":false},"featured_media":116735,"comment_status":"open","ping_status":"closed","template":"","meta":[],"product_brand":[],"product_cat":[6015],"product_tag":[],"class_list":{"0":"post-116717","1":"product","2":"type-product","3":"status-publish","4":"has-post-thumbnail","6":"product_cat-halsketten","8":"first","9":"instock","10":"sale","11":"taxable","12":"shipping-taxable","13":"purchasable","14":"product-type-simple"},"exclude_global_add_ons":[],"addons":[],"df_price":1596,"df_sale_price":1596,"df_regular_price":2280,"df_image_link":"https:\/\/cdn02.fabioferro.eu\/wp-content\/uploads\/virtuemart\/product\/ab761-s-girocollo-mirco-visconti-oro-bianco-smeraldo-diamanti.jpg","_links":{"self":[{"href":"https:\/\/www.fabioferro.eu\/de\/wp-json\/wp\/v2\/product\/116717","targetHints":{"allow":["GET"]}}],"collection":[{"href":"https:\/\/www.fabioferro.eu\/de\/wp-json\/wp\/v2\/product"}],"about":[{"href":"https:\/\/www.fabioferro.eu\/de\/wp-json\/wp\/v2\/types\/product"}],"replies":[{"embeddable":true,"href":"https:\/\/www.fabioferro.eu\/de\/wp-json\/wp\/v2\/comments?post=116717"}],"version-history":[{"count":0,"href":"https:\/\/www.fabioferro.eu\/de\/wp-json\/wp\/v2\/product\/116717\/revisions"}],"wp:featuredmedia":[{"embeddable":true,"href":"https:\/\/www.fabioferro.eu\/de\/wp-json\/wp\/v2\/media\/116735"}],"wp:attachment":[{"href":"https:\/\/www.fabioferro.eu\/de\/wp-json\/wp\/v2\/media?parent=116717"}],"wp:term":[{"taxonomy":"product_brand","embeddable":true,"href":"https:\/\/www.fabioferro.eu\/de\/wp-json\/wp\/v2\/product_brand?post=116717"},{"taxonomy":"product_cat","embeddable":true,"href":"https:\/\/www.fabioferro.eu\/de\/wp-json\/wp\/v2\/product_cat?post=116717"},{"taxonomy":"product_tag","embeddable":true,"href":"https:\/\/www.fabioferro.eu\/de\/wp-json\/wp\/v2\/product_tag?post=116717"}],"curies":[{"name":"wp","href":"https:\/\/api.w.org\/{rel}","templated":true}]}}