{"id":116813,"date":"2016-09-09T09:32:51","date_gmt":"2016-09-09T07:32:51","guid":{"rendered":"https:\/\/www.fabioferro.eu\/comete-jewellery-herrenschluesselanhaenger-goleador-kollektion-in-stahl-und-gelb-pvd.html"},"modified":"2025-06-06T16:11:51","modified_gmt":"2025-06-06T14:11:51","slug":"comete-jewellery-herrenschluesselanhaenger-goleador-kollektion-in-stahl-und-gelb-pvd","status":"publish","type":"product","link":"https:\/\/www.fabioferro.eu\/de\/comete-jewellery-herrenschluesselanhaenger-goleador-kollektion-in-stahl-und-gelb-pvd.html","title":{"rendered":"Comete Jewellery Herrenschl\u00fcsselanh\u00e4nger Goleador Kollektion in Stahl und Gelb PVD"},"content":{"rendered":"<p><span style=\"text-decoration: underline;\"><strong>LETZTES VERF\u00dcGBARES ST\u00dcCK.<\/strong><\/span><\/p>\n<p>Comete Gioielli Herren-Schl\u00fcsselanh\u00e4nger \u2018Goleador\u2019 Kollektion aus Edelstahl mit gelbem PVD.<\/p>\n<p>Bestehend aus Spirale Stahl bris\u00e8 Durchmesser 27 mm. R\u00f6hrenanh\u00e4nger, 53 mm Durchmesser, 7 mm, gitterf\u00f6rmig mit einer Kugel im Inneren, die durch ihre Schwingungen einen lustigen Klang erzeugt.<\/p>\n<p>Der Schl\u00fcsselanh\u00e4nger hat eine Gesamtl\u00e4nge von 9,00 cm.<\/p>\n<p>Neuer Artikel mit Box und offizieller Comete Gioielli Garantie.<\/p>\n<p>Ich stelle eine Quittung und\/oder Rechnung aus.<\/p>\n<p>\u00a0<\/p>\n","protected":false},"excerpt":{"rendered":"<p>Comete Gioielli Herren-Schl\u00fcsselanh\u00e4nger der Kollektion Goleador aus Edelstahl und gelbem PVD. LETZTES ST\u00dcCK VERF\u00dcGBAR<\/p>\n","protected":false},"featured_media":116847,"comment_status":"open","ping_status":"closed","template":"","meta":[],"product_brand":[157],"product_cat":[6392],"product_tag":[7442],"class_list":{"0":"post-116813","1":"product","2":"type-product","3":"status-publish","4":"has-post-thumbnail","6":"product_brand-comete","7":"product_cat-comete-accessoires-manner","8":"product_tag-verfugbar","10":"first","11":"instock","12":"sale","13":"taxable","14":"shipping-taxable","15":"purchasable","16":"product-type-simple"},"exclude_global_add_ons":[],"addons":[],"df_price":88.2,"df_sale_price":88.2,"df_regular_price":98,"df_image_link":"https:\/\/cdn02.fabioferro.eu\/wp-content\/uploads\/virtuemart\/product\/portachiavi-comete-uomo-reverse-UCH162.jpg","_links":{"self":[{"href":"https:\/\/www.fabioferro.eu\/de\/wp-json\/wp\/v2\/product\/116813","targetHints":{"allow":["GET"]}}],"collection":[{"href":"https:\/\/www.fabioferro.eu\/de\/wp-json\/wp\/v2\/product"}],"about":[{"href":"https:\/\/www.fabioferro.eu\/de\/wp-json\/wp\/v2\/types\/product"}],"replies":[{"embeddable":true,"href":"https:\/\/www.fabioferro.eu\/de\/wp-json\/wp\/v2\/comments?post=116813"}],"version-history":[{"count":0,"href":"https:\/\/www.fabioferro.eu\/de\/wp-json\/wp\/v2\/product\/116813\/revisions"}],"wp:featuredmedia":[{"embeddable":true,"href":"https:\/\/www.fabioferro.eu\/de\/wp-json\/wp\/v2\/media\/116847"}],"wp:attachment":[{"href":"https:\/\/www.fabioferro.eu\/de\/wp-json\/wp\/v2\/media?parent=116813"}],"wp:term":[{"taxonomy":"product_brand","embeddable":true,"href":"https:\/\/www.fabioferro.eu\/de\/wp-json\/wp\/v2\/product_brand?post=116813"},{"taxonomy":"product_cat","embeddable":true,"href":"https:\/\/www.fabioferro.eu\/de\/wp-json\/wp\/v2\/product_cat?post=116813"},{"taxonomy":"product_tag","embeddable":true,"href":"https:\/\/www.fabioferro.eu\/de\/wp-json\/wp\/v2\/product_tag?post=116813"}],"curies":[{"name":"wp","href":"https:\/\/api.w.org\/{rel}","templated":true}]}}