{"id":116898,"date":"2016-09-09T07:23:19","date_gmt":"2016-09-09T05:23:19","guid":{"rendered":"https:\/\/www.fabioferro.eu\/comete-jewellery-herrenarmband-building-collection-aus-stahl-und-kohlenstoff-mit-gelber-pvd.html"},"modified":"2024-06-18T11:49:22","modified_gmt":"2024-06-18T09:49:22","slug":"comete-jewellery-herrenarmband-building-collection-aus-stahl-und-kohlenstoff-mit-gelber-pvd","status":"publish","type":"product","link":"https:\/\/www.fabioferro.eu\/de\/comete-jewellery-herrenarmband-building-collection-aus-stahl-und-kohlenstoff-mit-gelber-pvd.html","title":{"rendered":"Comete Jewellery Herrenarmband Building Kollektion aus Stahl und Carbon mit gelber PVD"},"content":{"rendered":"<div class=\"description\">\n<p><strong>LETZTES ST\u00dcCK VERF\u00dcGBAR<\/strong><\/p>\n<p>Comete Herrenarmband &#8216;Building&#8217; Kollektion mit poliertem Edelstahl, gelbem PVD und Karbonfaser.<\/p>\n<p>Ein spezielles U-f\u00f6rmiges Glied aus poliertem Stahl, das mit Minibolzen drehbar ist. Die r\u00f6hrenf\u00f6rmige Zentralplatte besteht aus Stahl und Kohlefaser und ist 4,60&#215;4 mm dick. Ein wei\u00dfer Zirkon ist in der Mitte auf einer gelben PVD-Basis gefasst.<\/p>\n<p>Gesamtl\u00e4nge des Armbands cm. 21 mit der M\u00f6glichkeit, es bis zu cm. 19 zu tragen, dank einer Verl\u00e4ngerung von 4 Ringen.<\/p>\n<p>Verschluss mit praktischem Karabinerhaken.<\/p>\n<p>Neuer Artikel mit Originalverpackung und Garantie von Comete Gioielli.<\/p>\n<p>Ausstellen einer Quittung und\/oder Rechnung<\/p>\n<\/div>\n","protected":false},"excerpt":{"rendered":"<p>Comete Gioielli Herrenarmband Building Kollektion aus Stahl mit Karbonfaser und gelbem PVD.<\/p>\n","protected":false},"featured_media":116946,"comment_status":"open","ping_status":"closed","template":"","meta":[],"product_brand":[157],"product_cat":[6341,6380],"product_tag":[7442],"class_list":{"0":"post-116898","1":"product","2":"type-product","3":"status-publish","4":"has-post-thumbnail","6":"product_brand-comete","7":"product_cat-comete-armbander-manner","8":"product_cat-mannerschmuck","9":"product_tag-verfugbar","11":"first","12":"outofstock","13":"sale","14":"taxable","15":"shipping-taxable","16":"purchasable","17":"product-type-simple"},"exclude_global_add_ons":[],"addons":[],"df_price":142.2,"df_sale_price":142.2,"df_regular_price":158,"df_image_link":"https:\/\/cdn02.fabioferro.eu\/wp-content\/uploads\/virtuemart\/product\/ubr753-bracciale-comete-uomo-acciaio-carbonio.jpg","_links":{"self":[{"href":"https:\/\/www.fabioferro.eu\/de\/wp-json\/wp\/v2\/product\/116898","targetHints":{"allow":["GET"]}}],"collection":[{"href":"https:\/\/www.fabioferro.eu\/de\/wp-json\/wp\/v2\/product"}],"about":[{"href":"https:\/\/www.fabioferro.eu\/de\/wp-json\/wp\/v2\/types\/product"}],"replies":[{"embeddable":true,"href":"https:\/\/www.fabioferro.eu\/de\/wp-json\/wp\/v2\/comments?post=116898"}],"version-history":[{"count":0,"href":"https:\/\/www.fabioferro.eu\/de\/wp-json\/wp\/v2\/product\/116898\/revisions"}],"wp:featuredmedia":[{"embeddable":true,"href":"https:\/\/www.fabioferro.eu\/de\/wp-json\/wp\/v2\/media\/116946"}],"wp:attachment":[{"href":"https:\/\/www.fabioferro.eu\/de\/wp-json\/wp\/v2\/media?parent=116898"}],"wp:term":[{"taxonomy":"product_brand","embeddable":true,"href":"https:\/\/www.fabioferro.eu\/de\/wp-json\/wp\/v2\/product_brand?post=116898"},{"taxonomy":"product_cat","embeddable":true,"href":"https:\/\/www.fabioferro.eu\/de\/wp-json\/wp\/v2\/product_cat?post=116898"},{"taxonomy":"product_tag","embeddable":true,"href":"https:\/\/www.fabioferro.eu\/de\/wp-json\/wp\/v2\/product_tag?post=116898"}],"curies":[{"name":"wp","href":"https:\/\/api.w.org\/{rel}","templated":true}]}}