{"id":116919,"date":"2016-07-27T16:40:32","date_gmt":"2016-07-27T14:40:32","guid":{"rendered":"https:\/\/www.fabioferro.eu\/fope-flex-it-armband-eka-kollektion-in-weissgold.html"},"modified":"2026-01-09T16:29:53","modified_gmt":"2026-01-09T15:29:53","slug":"fope-flex-it-armband-eka-kollektion-in-weissgold","status":"publish","type":"product","link":"https:\/\/www.fabioferro.eu\/de\/fope-flex-it-armband-eka-kollektion-in-weissgold.html","title":{"rendered":"Fope Flex It Armband Eka Kollektion in Wei\u00dfgold"},"content":{"rendered":"<p>Armband der Flex&#8217;It Eka-Kollektion aus 750\/1000 Wei\u00dfgold mit patentiertem elastischem Netz von Fope. Die Federn im Inneren des Schmuckst\u00fccks sind ebenfalls vollst\u00e4ndig aus Gold gefertigt.<\/p>\n<p>Da das Armband elastisch ist, kann es an verschiedenen Handgelenkgr\u00f6\u00dfen getragen werden. Die Maschenweite betr\u00e4gt 5 mm.<\/p>\n<p>Das bewegliche kugelf\u00f6rmige Zentralmotiv aus poliertem Wei\u00dfgold hat einen Durchmesser von 9 mm.<\/p>\n<p>In Italien handgefertigtes Schmuckst\u00fcck.<\/p>\n<p>Bevor es zum Verkauf angeboten wird, durchl\u00e4uft jedes Armband einen Belastungstest mit 12.000 Ziehungen, um seine extreme Qualit\u00e4t zu garantieren.<\/p>\n<p>Der Artikel wird von einer eleganten Verpackung und einer internationalen Garantie von Fope begleitet.<\/p>\n<p><img decoding=\"async\" class=\"alignnone size-full wp-image-205465\" src=\"http:\/\/cdn02.fabioferro.eu\/wp-content\/uploads\/tabelle-misure-bracciali.jpg\" alt=\"\" width=\"1900\" height=\"153\" title=\"\" srcset=\"https:\/\/cdn02.fabioferro.eu\/wp-content\/uploads\/tabelle-misure-bracciali.jpg 1900w, https:\/\/cdn02.fabioferro.eu\/wp-content\/uploads\/tabelle-misure-bracciali-768x62.jpg 768w, https:\/\/cdn02.fabioferro.eu\/wp-content\/uploads\/tabelle-misure-bracciali-1536x124.jpg 1536w, https:\/\/cdn02.fabioferro.eu\/wp-content\/uploads\/tabelle-misure-bracciali-990x80.jpg 990w, https:\/\/cdn02.fabioferro.eu\/wp-content\/uploads\/tabelle-misure-bracciali-441x36.jpg 441w, https:\/\/cdn02.fabioferro.eu\/wp-content\/uploads\/tabelle-misure-bracciali-600x48.jpg 600w, https:\/\/cdn02.fabioferro.eu\/wp-content\/uploads\/tabelle-misure-bracciali-150x12.jpg 150w\" sizes=\"(max-width: 1900px) 100vw, 1900px\" \/><\/p>\n","protected":false},"excerpt":{"rendered":"<p>Fope und sein dehnbares Flex&#8217;It-Gestrick ziehen alle Blicke auf sich, die man auf sie richtet.<\/p>\n","protected":false},"featured_media":116930,"comment_status":"open","ping_status":"closed","template":"","meta":[],"product_brand":[154],"product_cat":[6161],"product_tag":[],"class_list":{"0":"post-116919","1":"product","2":"type-product","3":"status-publish","4":"has-post-thumbnail","6":"product_brand-fope","7":"product_cat-fope-armbander","9":"first","10":"instock","11":"taxable","12":"shipping-taxable","13":"purchasable","14":"product-type-variable","15":"has-default-attributes"},"exclude_global_add_ons":[],"addons":[],"df_price":4460,"df_sale_price":"","df_regular_price":4460,"df_image_link":"https:\/\/cdn02.fabioferro.eu\/wp-content\/uploads\/virtuemart\/product\/bracciale_fope_collezione_eka_in_oro_bianco_721BM_B__1594402111_362.jpg","_links":{"self":[{"href":"https:\/\/www.fabioferro.eu\/de\/wp-json\/wp\/v2\/product\/116919","targetHints":{"allow":["GET"]}}],"collection":[{"href":"https:\/\/www.fabioferro.eu\/de\/wp-json\/wp\/v2\/product"}],"about":[{"href":"https:\/\/www.fabioferro.eu\/de\/wp-json\/wp\/v2\/types\/product"}],"replies":[{"embeddable":true,"href":"https:\/\/www.fabioferro.eu\/de\/wp-json\/wp\/v2\/comments?post=116919"}],"version-history":[{"count":1,"href":"https:\/\/www.fabioferro.eu\/de\/wp-json\/wp\/v2\/product\/116919\/revisions"}],"predecessor-version":[{"id":206774,"href":"https:\/\/www.fabioferro.eu\/de\/wp-json\/wp\/v2\/product\/116919\/revisions\/206774"}],"wp:featuredmedia":[{"embeddable":true,"href":"https:\/\/www.fabioferro.eu\/de\/wp-json\/wp\/v2\/media\/116930"}],"wp:attachment":[{"href":"https:\/\/www.fabioferro.eu\/de\/wp-json\/wp\/v2\/media?parent=116919"}],"wp:term":[{"taxonomy":"product_brand","embeddable":true,"href":"https:\/\/www.fabioferro.eu\/de\/wp-json\/wp\/v2\/product_brand?post=116919"},{"taxonomy":"product_cat","embeddable":true,"href":"https:\/\/www.fabioferro.eu\/de\/wp-json\/wp\/v2\/product_cat?post=116919"},{"taxonomy":"product_tag","embeddable":true,"href":"https:\/\/www.fabioferro.eu\/de\/wp-json\/wp\/v2\/product_tag?post=116919"}],"curies":[{"name":"wp","href":"https:\/\/api.w.org\/{rel}","templated":true}]}}