{"id":116974,"date":"2016-06-10T17:21:04","date_gmt":"2016-06-10T15:21:04","guid":{"rendered":"https:\/\/www.fabioferro.eu\/festina-damen-stahl-uhr-mit-braunem-zifferblatt-und-stahlarmband.html"},"modified":"2016-06-10T17:21:04","modified_gmt":"2016-06-10T15:21:04","slug":"festina-damen-stahl-uhr-mit-braunem-zifferblatt-und-stahlarmband","status":"publish","type":"product","link":"https:\/\/www.fabioferro.eu\/de\/festina-damen-stahl-uhr-mit-braunem-zifferblatt-und-stahlarmband.html","title":{"rendered":"Festina Damen Stahl Uhr mit braunem Zifferblatt und Stahlarmband"},"content":{"rendered":"<p>Festina Damenuhr aus Edelstahl mit braunem Zifferblatt.<\/p>\n<p>Analoges Quarzwerk mit reiner Zeitmessung.<\/p>\n<p>Das runde, polierte Stahlgeh\u00e4use hat einen Durchmesser von 32,00 mm und eine Dicke von 8,00 mm. Geh\u00e4useboden aus Stahl, druckfest verschlossen und wasserdicht bis 5 ATM. Wasserdichte Krone aus ger\u00e4ndeltem Stahl.<\/p>\n<p>Geh\u00e4rtetes Mineralglas.<\/p>\n<p>Braunes Zifferblatt mit Stunden-, Minuten- und Sekundenzeiger aus ros\u00e9farbenem, poliertem Metall. Ros\u00e9farbene, polierte Metallindexe und r\u00f6mische Ziffern.<\/p>\n<p>Edelstahlarmband mit elegantem Gravurmotiv. Faltschlie\u00dfe mit zwei seitlichen \u00d6ffnungskn\u00f6pfen.<\/p>\n<p>Neuer Artikel mit elegantem Etui und original Festina Zweijahresgarantie.<\/p>\n<p>Ich stelle eine Quittung und\/oder Rechnung aus.<\/p>\n","protected":false},"excerpt":{"rendered":"<p>Festina Damenuhr aus Stahl mit braunem Zifferblatt und ros\u00e9vergoldeten Indexen.<\/p>\n","protected":false},"featured_media":116981,"comment_status":"open","ping_status":"closed","template":"","meta":[],"product_brand":[171],"product_cat":[5976],"product_tag":[7442],"class_list":{"0":"post-116974","1":"product","2":"type-product","3":"status-publish","4":"has-post-thumbnail","6":"product_brand-festina","7":"product_cat-festina-damenuhren","8":"product_tag-verfugbar","10":"first","11":"instock","12":"sale","13":"taxable","14":"shipping-taxable","15":"purchasable","16":"product-type-simple"},"exclude_global_add_ons":[],"addons":[],"df_price":79.2,"df_sale_price":79.2,"df_regular_price":99,"df_image_link":"https:\/\/cdn02.fabioferro.eu\/wp-content\/uploads\/virtuemart\/product\/orologio_festina_F16940_3.jpg","_links":{"self":[{"href":"https:\/\/www.fabioferro.eu\/de\/wp-json\/wp\/v2\/product\/116974","targetHints":{"allow":["GET"]}}],"collection":[{"href":"https:\/\/www.fabioferro.eu\/de\/wp-json\/wp\/v2\/product"}],"about":[{"href":"https:\/\/www.fabioferro.eu\/de\/wp-json\/wp\/v2\/types\/product"}],"replies":[{"embeddable":true,"href":"https:\/\/www.fabioferro.eu\/de\/wp-json\/wp\/v2\/comments?post=116974"}],"version-history":[{"count":0,"href":"https:\/\/www.fabioferro.eu\/de\/wp-json\/wp\/v2\/product\/116974\/revisions"}],"wp:featuredmedia":[{"embeddable":true,"href":"https:\/\/www.fabioferro.eu\/de\/wp-json\/wp\/v2\/media\/116981"}],"wp:attachment":[{"href":"https:\/\/www.fabioferro.eu\/de\/wp-json\/wp\/v2\/media?parent=116974"}],"wp:term":[{"taxonomy":"product_brand","embeddable":true,"href":"https:\/\/www.fabioferro.eu\/de\/wp-json\/wp\/v2\/product_brand?post=116974"},{"taxonomy":"product_cat","embeddable":true,"href":"https:\/\/www.fabioferro.eu\/de\/wp-json\/wp\/v2\/product_cat?post=116974"},{"taxonomy":"product_tag","embeddable":true,"href":"https:\/\/www.fabioferro.eu\/de\/wp-json\/wp\/v2\/product_tag?post=116974"}],"curies":[{"name":"wp","href":"https:\/\/api.w.org\/{rel}","templated":true}]}}