{"id":116975,"date":"2016-06-10T14:27:56","date_gmt":"2016-06-10T12:27:56","guid":{"rendered":"https:\/\/www.fabioferro.eu\/festina-damenuhr-new-collection-mademoiselle-weisser-stahl-mit-strass-luenette.html"},"modified":"2016-06-10T14:27:56","modified_gmt":"2016-06-10T12:27:56","slug":"festina-damenuhr-new-collection-mademoiselle-weisser-stahl-mit-strass-luenette","status":"publish","type":"product","link":"https:\/\/www.fabioferro.eu\/de\/festina-damenuhr-new-collection-mademoiselle-weisser-stahl-mit-strass-luenette.html","title":{"rendered":"Festina Damenuhr New Collection Mademoiselle Wei\u00dfer Stahl mit Strass-L\u00fcnette"},"content":{"rendered":"<div class=\"description\">\n<p>Die Linie Festina Mademoiselle kleidet Frauen mit Eleganz und Raffinesse. F\u00fcr die Frau, die im Alltag nicht auf ihre Weiblichkeit verzichten will, aber gleichzeitig praktisch und robust sein m\u00f6chte. Die Mademoiselle-Linie bietet all dies!<\/p>\n<p>Festina Damenuhr Modell Medemoiselle aus Edelstahl mit Strasssteinen auf der \u00e4u\u00dferen L\u00fcnette.<\/p>\n<p>Analoges Quarzwerk mit reiner Zeitmessung.<\/p>\n<p>Das polierte Stahlgeh\u00e4use ist leicht oval und hat eine Breite von 32,00 mm und eine Dicke von 8,00 mm. Geh\u00e4useboden aus Stahl, druckfest verschlossen und wasserdicht bis 5 ATM. Wasserdichte Krone aus ger\u00e4ndeltem Stahl. Die \u00e4u\u00dfere L\u00fcnette ist mit leuchtenden wei\u00dfen Strasssteinen besetzt.<\/p>\n<p>Geh\u00e4rtetes Mineralglas.<\/p>\n<p>Zweifarbiges Zifferblatt mit perlwei\u00dfem Zebra-Effekt, Stunden-, Minuten- und Sekundenzeiger aus ros\u00e9farbenem Metall. Kugelf\u00f6rmige Stundenmarkierungen und r\u00f6mische Ziffern bei 3, 6, 9 und 12 Uhr aus rosafarbenem Metall.<\/p>\n<p>Poliertes Edelstahlarmband mit Faltschlie\u00dfe und zwei seitlichen Druckkn\u00f6pfen. Festina-Logo.<\/p>\n<p>Neuer Artikel mit elegantem Etui und original Festina Zweijahresgarantie.<\/p>\n<p>Ich stelle eine Quittung und\/oder Rechnung aus.<\/p>\n<\/div>\n","protected":false},"excerpt":{"rendered":"<p>Festina Damenuhr der neuen Mademoiselle-Kollektion aus Stahl mit strassbesetzter L\u00fcnette und ros\u00e9farbenen Indexen.<\/p>\n","protected":false},"featured_media":116996,"comment_status":"open","ping_status":"closed","template":"","meta":[],"product_brand":[171],"product_cat":[5976],"product_tag":[],"class_list":{"0":"post-116975","1":"product","2":"type-product","3":"status-publish","4":"has-post-thumbnail","6":"product_brand-festina","7":"product_cat-festina-damenuhren","9":"first","10":"outofstock","11":"sale","12":"taxable","13":"shipping-taxable","14":"purchasable","15":"product-type-simple"},"exclude_global_add_ons":[],"addons":[],"df_price":103.2,"df_sale_price":103.2,"df_regular_price":129,"df_image_link":"https:\/\/cdn02.fabioferro.eu\/wp-content\/uploads\/virtuemart\/product\/Mademoiselle_f16919_1.jpg","_links":{"self":[{"href":"https:\/\/www.fabioferro.eu\/de\/wp-json\/wp\/v2\/product\/116975","targetHints":{"allow":["GET"]}}],"collection":[{"href":"https:\/\/www.fabioferro.eu\/de\/wp-json\/wp\/v2\/product"}],"about":[{"href":"https:\/\/www.fabioferro.eu\/de\/wp-json\/wp\/v2\/types\/product"}],"replies":[{"embeddable":true,"href":"https:\/\/www.fabioferro.eu\/de\/wp-json\/wp\/v2\/comments?post=116975"}],"version-history":[{"count":0,"href":"https:\/\/www.fabioferro.eu\/de\/wp-json\/wp\/v2\/product\/116975\/revisions"}],"wp:featuredmedia":[{"embeddable":true,"href":"https:\/\/www.fabioferro.eu\/de\/wp-json\/wp\/v2\/media\/116996"}],"wp:attachment":[{"href":"https:\/\/www.fabioferro.eu\/de\/wp-json\/wp\/v2\/media?parent=116975"}],"wp:term":[{"taxonomy":"product_brand","embeddable":true,"href":"https:\/\/www.fabioferro.eu\/de\/wp-json\/wp\/v2\/product_brand?post=116975"},{"taxonomy":"product_cat","embeddable":true,"href":"https:\/\/www.fabioferro.eu\/de\/wp-json\/wp\/v2\/product_cat?post=116975"},{"taxonomy":"product_tag","embeddable":true,"href":"https:\/\/www.fabioferro.eu\/de\/wp-json\/wp\/v2\/product_tag?post=116975"}],"curies":[{"name":"wp","href":"https:\/\/api.w.org\/{rel}","templated":true}]}}