{"id":117000,"date":"2016-06-10T15:16:45","date_gmt":"2016-06-10T13:16:45","guid":{"rendered":"https:\/\/www.fabioferro.eu\/festina-damenuhr-new-collection-mademoiselle-schwarz-stahl-mit-strass-luenette.html"},"modified":"2016-06-10T15:16:45","modified_gmt":"2016-06-10T13:16:45","slug":"festina-damenuhr-new-collection-mademoiselle-schwarz-stahl-mit-strass-luenette","status":"publish","type":"product","link":"https:\/\/www.fabioferro.eu\/de\/festina-damenuhr-new-collection-mademoiselle-schwarz-stahl-mit-strass-luenette.html","title":{"rendered":"Festina Damenuhr New Collection Mademoiselle Schwarz Stahl mit Strass L\u00fcnette"},"content":{"rendered":"<div class=\"description\">\n<p>Die Linie Festina Mademoiselle kleidet Frauen mit Eleganz und Raffinesse. F\u00fcr die Frau, die im Alltag nicht auf ihre Weiblichkeit verzichten will, aber gleichzeitig praktisch und robust sein m\u00f6chte. Die Mademoiselle-Linie bietet all dies!<\/p>\n<p>Festina Damenuhr Modell Medemoiselle aus Edelstahl mit Strasssteinen auf der \u00e4u\u00dferen L\u00fcnette.<\/p>\n<p>Analoges Quarzwerk mit reiner Zeitmessung.<\/p>\n<p>Das polierte Stahlgeh\u00e4use ist leicht oval und hat eine Breite von 32,00 mm und eine Dicke von 8,00 mm. Geh\u00e4useboden aus Stahl, druckfest verschlossen und wasserdicht bis 5 ATM. Wasserdichte Krone aus ger\u00e4ndeltem Stahl. Die \u00e4u\u00dfere L\u00fcnette ist mit leuchtenden wei\u00dfen Strasssteinen besetzt.<\/p>\n<p>Geh\u00e4rtetes Mineralglas.<\/p>\n<p>Schwarzes Zifferblatt mit polierten Metallzeigern f\u00fcr Stunden und Minuten. Kleine Sekunde bei 6 Uhr. Angewandte Markierungen aus poliertem Metall.<\/p>\n<p>Poliertes Edelstahlarmband mit Faltschlie\u00dfe und zwei seitlichen Druckkn\u00f6pfen. Festina-Logo.<\/p>\n<p>Neuer Artikel mit elegantem Etui und original Festina Zweijahresgarantie.<\/p>\n<p>Ich stelle eine Quittung und\/oder Rechnung aus.<\/p>\n<\/div>\n","protected":false},"excerpt":{"rendered":"<p>Festina Damenuhr der neuen Mademoiselle-Kollektion aus Stahl mit schwarzem Zifferblatt und strassbesetzter L\u00fcnette.<\/p>\n","protected":false},"featured_media":117006,"comment_status":"open","ping_status":"closed","template":"","meta":[],"product_brand":[171],"product_cat":[5976],"product_tag":[],"class_list":{"0":"post-117000","1":"product","2":"type-product","3":"status-publish","4":"has-post-thumbnail","6":"product_brand-festina","7":"product_cat-festina-damenuhren","9":"first","10":"outofstock","11":"sale","12":"taxable","13":"shipping-taxable","14":"purchasable","15":"product-type-simple"},"exclude_global_add_ons":[],"addons":[],"df_price":111.2,"df_sale_price":111.2,"df_regular_price":139,"df_image_link":"https:\/\/cdn02.fabioferro.eu\/wp-content\/uploads\/virtuemart\/product\/F16909_2mademoiselle_nero_piccoli_secondi.jpg","_links":{"self":[{"href":"https:\/\/www.fabioferro.eu\/de\/wp-json\/wp\/v2\/product\/117000","targetHints":{"allow":["GET"]}}],"collection":[{"href":"https:\/\/www.fabioferro.eu\/de\/wp-json\/wp\/v2\/product"}],"about":[{"href":"https:\/\/www.fabioferro.eu\/de\/wp-json\/wp\/v2\/types\/product"}],"replies":[{"embeddable":true,"href":"https:\/\/www.fabioferro.eu\/de\/wp-json\/wp\/v2\/comments?post=117000"}],"version-history":[{"count":0,"href":"https:\/\/www.fabioferro.eu\/de\/wp-json\/wp\/v2\/product\/117000\/revisions"}],"wp:featuredmedia":[{"embeddable":true,"href":"https:\/\/www.fabioferro.eu\/de\/wp-json\/wp\/v2\/media\/117006"}],"wp:attachment":[{"href":"https:\/\/www.fabioferro.eu\/de\/wp-json\/wp\/v2\/media?parent=117000"}],"wp:term":[{"taxonomy":"product_brand","embeddable":true,"href":"https:\/\/www.fabioferro.eu\/de\/wp-json\/wp\/v2\/product_brand?post=117000"},{"taxonomy":"product_cat","embeddable":true,"href":"https:\/\/www.fabioferro.eu\/de\/wp-json\/wp\/v2\/product_cat?post=117000"},{"taxonomy":"product_tag","embeddable":true,"href":"https:\/\/www.fabioferro.eu\/de\/wp-json\/wp\/v2\/product_tag?post=117000"}],"curies":[{"name":"wp","href":"https:\/\/api.w.org\/{rel}","templated":true}]}}