{"id":117022,"date":"2016-06-09T17:36:14","date_gmt":"2016-06-09T15:36:14","guid":{"rendered":"https:\/\/www.fabioferro.eu\/festina-herrenuhr-retro-collection-schwarz-stahl-mit-lederarmband.html"},"modified":"2025-06-06T16:18:29","modified_gmt":"2025-06-06T14:18:29","slug":"festina-herrenuhr-retro-collection-schwarz-stahl-mit-lederarmband","status":"publish","type":"product","link":"https:\/\/www.fabioferro.eu\/de\/festina-herrenuhr-retro-collection-schwarz-stahl-mit-lederarmband.html","title":{"rendered":"Festina Herrenuhr Retro Collection Schwarz Stahl mit Lederarmband"},"content":{"rendered":"<div class=\"description\">\n<div class=\"description\">\n<p>Festina Men&#8217;s Retro Retro Collection Uhr aus Edelstahl und Leder<\/p>\n<p>Retro-Modell mit kleiner Sekunde.<\/p>\n<p>Analoges Quarzwerk mit reiner Zeitmessung.<\/p>\n<p>Geh\u00e4use aus poliertem und satiniertem Stahl, Durchmesser 44,00 mm und Dicke 13,00 mm, mit wasserdichter, ger\u00e4ndelter Stahlkrone. Verschraubter Stahlboden und wasserdicht bis 5 ATM.<\/p>\n<p>Geh\u00e4rtetes Mineralglas.<\/p>\n<p>Schwarzes Zifferblatt mit elegantem, zentralem Sonnenschliff-Effekt, Stunden- und Minutenzeiger aus poliertem Metall mit nachleuchtendem Mittelteil. Kleine Sekundenanzeige bei 6 Uhr. Applizierte arabische Ziffern aus poliertem Metall. Datumsfenster bei 3 Uhr.<\/p>\n<p>Schwarzes bedrucktes Lederarmband mit wei\u00dfen Kontrastn\u00e4hten, Stahlschlie\u00dfe mit Festina-Logo.<\/p>\n<p>Neuer Artikel mit Box und original Festina 2 Jahre Garantie.<\/p>\n<p>Ich stelle eine Quittung und\/oder Rechnung aus.<\/p>\n<\/div>\n<\/div>\n","protected":false},"excerpt":{"rendered":"<p>Festina Herrenuhr Modell Retr\u00f2 aus Edelstahl mit Lederband und schwarzem Zifferblatt.<\/p>\n","protected":false},"featured_media":117032,"comment_status":"open","ping_status":"closed","template":"","meta":[],"product_brand":[171],"product_cat":[5998],"product_tag":[],"class_list":{"0":"post-117022","1":"product","2":"type-product","3":"status-publish","4":"has-post-thumbnail","6":"product_brand-festina","7":"product_cat-festina-herrenuhren","9":"first","10":"outofstock","11":"sale","12":"taxable","13":"shipping-taxable","14":"purchasable","15":"product-type-simple"},"exclude_global_add_ons":[],"addons":[],"df_price":79.2,"df_sale_price":79.2,"df_regular_price":99,"df_image_link":"https:\/\/cdn02.fabioferro.eu\/wp-content\/uploads\/virtuemart\/product\/F16486_4festina_uomo_multifunzione.jpg","_links":{"self":[{"href":"https:\/\/www.fabioferro.eu\/de\/wp-json\/wp\/v2\/product\/117022","targetHints":{"allow":["GET"]}}],"collection":[{"href":"https:\/\/www.fabioferro.eu\/de\/wp-json\/wp\/v2\/product"}],"about":[{"href":"https:\/\/www.fabioferro.eu\/de\/wp-json\/wp\/v2\/types\/product"}],"replies":[{"embeddable":true,"href":"https:\/\/www.fabioferro.eu\/de\/wp-json\/wp\/v2\/comments?post=117022"}],"version-history":[{"count":0,"href":"https:\/\/www.fabioferro.eu\/de\/wp-json\/wp\/v2\/product\/117022\/revisions"}],"wp:featuredmedia":[{"embeddable":true,"href":"https:\/\/www.fabioferro.eu\/de\/wp-json\/wp\/v2\/media\/117032"}],"wp:attachment":[{"href":"https:\/\/www.fabioferro.eu\/de\/wp-json\/wp\/v2\/media?parent=117022"}],"wp:term":[{"taxonomy":"product_brand","embeddable":true,"href":"https:\/\/www.fabioferro.eu\/de\/wp-json\/wp\/v2\/product_brand?post=117022"},{"taxonomy":"product_cat","embeddable":true,"href":"https:\/\/www.fabioferro.eu\/de\/wp-json\/wp\/v2\/product_cat?post=117022"},{"taxonomy":"product_tag","embeddable":true,"href":"https:\/\/www.fabioferro.eu\/de\/wp-json\/wp\/v2\/product_tag?post=117022"}],"curies":[{"name":"wp","href":"https:\/\/api.w.org\/{rel}","templated":true}]}}