{"id":117027,"date":"2016-05-28T07:19:40","date_gmt":"2016-05-28T05:19:40","guid":{"rendered":"https:\/\/www.fabioferro.eu\/comete-uomo-armband-neue-kollektion-blu-di-genova-in-stahl-mit-nautischen-schnur-blau.html"},"modified":"2016-05-28T07:19:40","modified_gmt":"2016-05-28T05:19:40","slug":"comete-uomo-armband-neue-kollektion-blu-di-genova-in-stahl-mit-nautischen-schnur-blau","status":"publish","type":"product","link":"https:\/\/www.fabioferro.eu\/de\/comete-uomo-armband-neue-kollektion-blu-di-genova-in-stahl-mit-nautischen-schnur-blau.html","title":{"rendered":"Comete Uomo Armband neue Kollektion Blu Di Genova in Stahl mit nautischen Schnur blau"},"content":{"rendered":"<p><strong>Die neue Comete-Kollektion &#8220;Blu Di Genova&#8221; ist all jenen gewidmet, die wissen, dass das Meer und die Freiheit immer in die gleiche Richtung segeln. F\u00fcr diejenigen, die \u00fcber das Blau hinaus sehen k\u00f6nnen, die tausend Schattierungen, die das Wasser zu einer bewegten Leinwand machen. Es ist inspiriert von dem Stoff, der allgemein als Blue Jeans bekannt ist und der seinen Namen einer Farbe, n\u00e4mlich Blau, und einer Stadt, n\u00e4mlich Genua, verdankt. Es war n\u00e4mlich der Stoff, mit dem die Waren auf den Decks der Schiffe bedeckt waren, die vom Hafen von Lanterna in die ganze Welt fuhren. Eine wahre italienische Geschichte.  <\/strong><\/p>\n<p><strong>Kristalle, so blau wie das Meer, schm\u00fccken den Schmuck der Kollektion Blu Di Genova. Blaue und gelbe PVD-Behandlungen werden auf Stahlarmb\u00e4nder aufgetragen, um sie zum Leuchten zu bringen. Die Berufung des Schmucks zur Seefahrt wird auch durch die als Unterlage verwendeten nautischen Schn\u00fcre unterstrichen, die sehr wasser- und rei\u00dffest sind.  <\/strong><\/p>\n<p>&nbsp;<\/p>\n<p>Herrenarmband der Kollektion Blu Di Genova von Comete aus nautischer Kordel und poliertem Stahl, gelbem PVD und blauen Kristallen.<\/p>\n<p>Der K\u00f6rper des Armbands besteht aus doppelter blauer Kordel mit Stahlverschl\u00fcssen, die mit blauen Kristallen besetzt sind. Stahl und gelbes PVD-Zentrum.<\/p>\n<p>Verschluss mit speziellem Marine-Karabinerhaken.<\/p>\n<p>Gesamtl\u00e4nge des Armbands 20,50 cm.<\/p>\n<p>Neuer Artikel mit original Comete-Schmuckk\u00e4stchen und Garantie f\u00fcr M\u00e4nner.<\/p>\n<p>Ausstellen einer Quittung und\/oder Rechnung<\/p>\n","protected":false},"excerpt":{"rendered":"<p>Comete Herrenarmband neue Blu Di Genova Kollektion in blauer nautischer Kordel und gelbem PVD-Edelstahl.<\/p>\n","protected":false},"featured_media":117041,"comment_status":"open","ping_status":"closed","template":"","meta":[],"product_brand":[157],"product_cat":[6341,6380],"product_tag":[],"class_list":{"0":"post-117027","1":"product","2":"type-product","3":"status-publish","4":"has-post-thumbnail","6":"product_brand-comete","7":"product_cat-comete-armbander-manner","8":"product_cat-mannerschmuck","10":"first","11":"outofstock","12":"sale","13":"taxable","14":"shipping-taxable","15":"purchasable","16":"product-type-simple"},"exclude_global_add_ons":[],"addons":[],"df_price":110.7,"df_sale_price":110.7,"df_regular_price":123,"df_image_link":"https:\/\/cdn02.fabioferro.eu\/wp-content\/uploads\/virtuemart\/product\/ubr727.jpg","_links":{"self":[{"href":"https:\/\/www.fabioferro.eu\/de\/wp-json\/wp\/v2\/product\/117027","targetHints":{"allow":["GET"]}}],"collection":[{"href":"https:\/\/www.fabioferro.eu\/de\/wp-json\/wp\/v2\/product"}],"about":[{"href":"https:\/\/www.fabioferro.eu\/de\/wp-json\/wp\/v2\/types\/product"}],"replies":[{"embeddable":true,"href":"https:\/\/www.fabioferro.eu\/de\/wp-json\/wp\/v2\/comments?post=117027"}],"version-history":[{"count":0,"href":"https:\/\/www.fabioferro.eu\/de\/wp-json\/wp\/v2\/product\/117027\/revisions"}],"wp:featuredmedia":[{"embeddable":true,"href":"https:\/\/www.fabioferro.eu\/de\/wp-json\/wp\/v2\/media\/117041"}],"wp:attachment":[{"href":"https:\/\/www.fabioferro.eu\/de\/wp-json\/wp\/v2\/media?parent=117027"}],"wp:term":[{"taxonomy":"product_brand","embeddable":true,"href":"https:\/\/www.fabioferro.eu\/de\/wp-json\/wp\/v2\/product_brand?post=117027"},{"taxonomy":"product_cat","embeddable":true,"href":"https:\/\/www.fabioferro.eu\/de\/wp-json\/wp\/v2\/product_cat?post=117027"},{"taxonomy":"product_tag","embeddable":true,"href":"https:\/\/www.fabioferro.eu\/de\/wp-json\/wp\/v2\/product_tag?post=117027"}],"curies":[{"name":"wp","href":"https:\/\/api.w.org\/{rel}","templated":true}]}}