{"id":117063,"date":"2016-03-23T09:04:39","date_gmt":"2016-03-23T08:04:39","guid":{"rendered":"https:\/\/www.fabioferro.eu\/ti-sento-milano-damen-silber-halskette-mit-perlmutt.html"},"modified":"2016-03-23T09:04:39","modified_gmt":"2016-03-23T08:04:39","slug":"ti-sento-milano-damen-silber-halskette-mit-perlmutt","status":"publish","type":"product","link":"https:\/\/www.fabioferro.eu\/de\/ti-sento-milano-damen-silber-halskette-mit-perlmutt.html","title":{"rendered":"Ti Sento Milano Damen Silber Halskette mit Perlmutt"},"content":{"rendered":"<p><span style=\"text-decoration: underline;\"><strong>LETZTES ST\u00dcCK VERF\u00dcGBAR<\/strong><\/span><\/p>\n<p>Ti Sento Milano Damenhalskette aus rhodiniertem 925\/1000 Silber mit wei\u00dfem Perlmuttanh\u00e4nger.<\/p>\n<p>Rolo Mini-Gliederkette L\u00e4nge 45,00 cm mit Karabinerverschluss.<\/p>\n<p>Ros\u00e9vergoldeter Anh\u00e4nger mit geschlossener L\u00fcnette und wei\u00dfem Perlmutt-Cabochon mm. 14,00 mm dick. 7,00 mm. Ein Karabinerhaken, mit dem der Anh\u00e4nger als Charm an einem Armband oder einer anderen Halskette befestigt werden kann.<\/p>\n<p>Der neue Artikel wird von einer eleganten Verpackung und der Ti Sento Milano Garantie begleitet.<\/p>\n<p>Ausstellen einer Quittung und\/oder Rechnung<\/p>\n","protected":false},"excerpt":{"rendered":"<p>Ti Sento Milano Damenhalskette aus 925\/1000 Aegento Silber und wei\u00dfem Cabochon-Perlmutt. LETZTES ST\u00dcCK VERF\u00dcGBAR<\/p>\n","protected":false},"featured_media":117065,"comment_status":"open","ping_status":"closed","template":"","meta":[],"product_brand":[158],"product_cat":[6090],"product_tag":[7442],"class_list":{"0":"post-117063","1":"product","2":"type-product","3":"status-publish","4":"has-post-thumbnail","6":"product_brand-ti-sento-milano","7":"product_cat-ti-sento-milano-halsketten","8":"product_tag-verfugbar","10":"first","11":"outofstock","12":"taxable","13":"shipping-taxable","14":"purchasable","15":"product-type-simple"},"exclude_global_add_ons":[],"addons":[],"df_price":119,"df_sale_price":"","df_regular_price":119,"df_image_link":"https:\/\/cdn02.fabioferro.eu\/wp-content\/uploads\/virtuemart\/product\/6729mw.jpg","_links":{"self":[{"href":"https:\/\/www.fabioferro.eu\/de\/wp-json\/wp\/v2\/product\/117063","targetHints":{"allow":["GET"]}}],"collection":[{"href":"https:\/\/www.fabioferro.eu\/de\/wp-json\/wp\/v2\/product"}],"about":[{"href":"https:\/\/www.fabioferro.eu\/de\/wp-json\/wp\/v2\/types\/product"}],"replies":[{"embeddable":true,"href":"https:\/\/www.fabioferro.eu\/de\/wp-json\/wp\/v2\/comments?post=117063"}],"version-history":[{"count":0,"href":"https:\/\/www.fabioferro.eu\/de\/wp-json\/wp\/v2\/product\/117063\/revisions"}],"wp:featuredmedia":[{"embeddable":true,"href":"https:\/\/www.fabioferro.eu\/de\/wp-json\/wp\/v2\/media\/117065"}],"wp:attachment":[{"href":"https:\/\/www.fabioferro.eu\/de\/wp-json\/wp\/v2\/media?parent=117063"}],"wp:term":[{"taxonomy":"product_brand","embeddable":true,"href":"https:\/\/www.fabioferro.eu\/de\/wp-json\/wp\/v2\/product_brand?post=117063"},{"taxonomy":"product_cat","embeddable":true,"href":"https:\/\/www.fabioferro.eu\/de\/wp-json\/wp\/v2\/product_cat?post=117063"},{"taxonomy":"product_tag","embeddable":true,"href":"https:\/\/www.fabioferro.eu\/de\/wp-json\/wp\/v2\/product_tag?post=117063"}],"curies":[{"name":"wp","href":"https:\/\/api.w.org\/{rel}","templated":true}]}}