{"id":117108,"date":"2016-04-13T14:46:46","date_gmt":"2016-04-13T12:46:46","guid":{"rendered":"https:\/\/www.fabioferro.eu\/ti-sento-milano-damen-silber-halskette-mit-barrel-anhaenger.html"},"modified":"2016-04-13T14:46:46","modified_gmt":"2016-04-13T12:46:46","slug":"ti-sento-milano-damen-silber-halskette-mit-barrel-anhaenger","status":"publish","type":"product","link":"https:\/\/www.fabioferro.eu\/de\/ti-sento-milano-damen-silber-halskette-mit-barrel-anhaenger.html","title":{"rendered":"Ti Sento Milano Damen Silber Halskette mit Barrel-Anh\u00e4nger"},"content":{"rendered":"<div class=\"description\">\n<div class=\"description\">\n<p><span style=\"text-decoration: underline;\"><strong>LETZTES ST\u00dcCK VERF\u00dcGBAR<\/strong><\/span><\/p>\n<p>Ti Sento Milano Damenhalskette aus 925\/1000 rhodiniertem und hypoallergenem Silber mit Zirkoniumdioxid.<\/p>\n<p>48,00 cm lange Mini-Rollokette. Es kann auch bei cm. 45- 42-40-38 dank der Anwesenheit von Jumprings in das Ende der Kette eingef\u00fcgt getragen werden.<\/p>\n<p>Verschluss mit praktischem Karabinerhaken.<\/p>\n<p>Gleitender Anh\u00e4nger in Form eines Fasses mit 5 verschiedenen Ausarbeitungen, verziert mit Zirkonia im Brillantschliff. Der Anh\u00e4nger hat eine L\u00e4nge von 10,50 mm und einen Durchmesser von 10,00 mm.<\/p>\n<p>Der neue Artikel wird von einer eleganten Verpackung und der Ti Sento Milano Garantie begleitet.<\/p>\n<p>Ausstellen einer Quittung und\/oder Rechnung<\/p>\n<\/div>\n<\/div>\n","protected":false},"excerpt":{"rendered":"<p>Ti Sento Milano Damenhalskette aus 925\/1000 Sterlingsilber mit 5-teiligem tonnenf\u00f6rmigem Anh\u00e4nger. LETZTES ST\u00dcCK VERF\u00dcGBAR<\/p>\n","protected":false},"featured_media":117116,"comment_status":"open","ping_status":"closed","template":"","meta":[],"product_brand":[158],"product_cat":[6090],"product_tag":[7442],"class_list":{"0":"post-117108","1":"product","2":"type-product","3":"status-publish","4":"has-post-thumbnail","6":"product_brand-ti-sento-milano","7":"product_cat-ti-sento-milano-halsketten","8":"product_tag-verfugbar","10":"first","11":"instock","12":"taxable","13":"shipping-taxable","14":"purchasable","15":"product-type-simple"},"exclude_global_add_ons":[],"addons":[],"df_price":129,"df_sale_price":"","df_regular_price":129,"df_image_link":"https:\/\/cdn02.fabioferro.eu\/wp-content\/uploads\/virtuemart\/product\/collana_barilotto_3853zi.jpg","_links":{"self":[{"href":"https:\/\/www.fabioferro.eu\/de\/wp-json\/wp\/v2\/product\/117108","targetHints":{"allow":["GET"]}}],"collection":[{"href":"https:\/\/www.fabioferro.eu\/de\/wp-json\/wp\/v2\/product"}],"about":[{"href":"https:\/\/www.fabioferro.eu\/de\/wp-json\/wp\/v2\/types\/product"}],"replies":[{"embeddable":true,"href":"https:\/\/www.fabioferro.eu\/de\/wp-json\/wp\/v2\/comments?post=117108"}],"version-history":[{"count":0,"href":"https:\/\/www.fabioferro.eu\/de\/wp-json\/wp\/v2\/product\/117108\/revisions"}],"wp:featuredmedia":[{"embeddable":true,"href":"https:\/\/www.fabioferro.eu\/de\/wp-json\/wp\/v2\/media\/117116"}],"wp:attachment":[{"href":"https:\/\/www.fabioferro.eu\/de\/wp-json\/wp\/v2\/media?parent=117108"}],"wp:term":[{"taxonomy":"product_brand","embeddable":true,"href":"https:\/\/www.fabioferro.eu\/de\/wp-json\/wp\/v2\/product_brand?post=117108"},{"taxonomy":"product_cat","embeddable":true,"href":"https:\/\/www.fabioferro.eu\/de\/wp-json\/wp\/v2\/product_cat?post=117108"},{"taxonomy":"product_tag","embeddable":true,"href":"https:\/\/www.fabioferro.eu\/de\/wp-json\/wp\/v2\/product_tag?post=117108"}],"curies":[{"name":"wp","href":"https:\/\/api.w.org\/{rel}","templated":true}]}}