{"id":117147,"date":"2016-03-23T17:38:54","date_gmt":"2016-03-23T16:38:54","guid":{"rendered":"https:\/\/www.fabioferro.eu\/fope-vendome-kollektion-flex-it-armband-in-weissgold.html"},"modified":"2026-01-09T16:29:54","modified_gmt":"2026-01-09T15:29:54","slug":"fope-vendome-kollektion-flex-it-armband-in-weissgold","status":"publish","type":"product","link":"https:\/\/www.fabioferro.eu\/de\/fope-vendome-kollektion-flex-it-armband-in-weissgold.html","title":{"rendered":"Fope Vendome Kollektion Flex It Armband in Wei\u00dfgold"},"content":{"rendered":"<div class=\"description\">\n<p>Fope-Armband aus 18 Karat Wei\u00dfgold, Kollektion Vendome.<\/p>\n<p>Das patentierte, abgeflachte, elastische Flex&#8217;it-Glied von Vendome enth\u00e4lt Dutzende von Federn aus Wei\u00dfgold, die das Tragen des Armbands in verschiedenen Gr\u00f6\u00dfen erm\u00f6glichen.<\/p>\n<p>Handgefertigt in Italien. Die verwendeten Federn sind vollst\u00e4ndig aus Gold gefertigt.<\/p>\n<p>Bevor das Armband auf den Markt kommt, wird es einem Belastungstest mit 12.000 Ziehungen unterzogen.<\/p>\n<p>Armband mit original Fope-Box und Garantie.<\/p>\n<p><img decoding=\"async\" class=\"alignnone size-full wp-image-205465\" src=\"http:\/\/cdn02.fabioferro.eu\/wp-content\/uploads\/tabelle-misure-bracciali.jpg\" alt=\"\" width=\"1900\" height=\"153\" title=\"\" srcset=\"https:\/\/cdn02.fabioferro.eu\/wp-content\/uploads\/tabelle-misure-bracciali.jpg 1900w, https:\/\/cdn02.fabioferro.eu\/wp-content\/uploads\/tabelle-misure-bracciali-768x62.jpg 768w, https:\/\/cdn02.fabioferro.eu\/wp-content\/uploads\/tabelle-misure-bracciali-1536x124.jpg 1536w, https:\/\/cdn02.fabioferro.eu\/wp-content\/uploads\/tabelle-misure-bracciali-990x80.jpg 990w, https:\/\/cdn02.fabioferro.eu\/wp-content\/uploads\/tabelle-misure-bracciali-441x36.jpg 441w, https:\/\/cdn02.fabioferro.eu\/wp-content\/uploads\/tabelle-misure-bracciali-600x48.jpg 600w, https:\/\/cdn02.fabioferro.eu\/wp-content\/uploads\/tabelle-misure-bracciali-150x12.jpg 150w\" sizes=\"(max-width: 1900px) 100vw, 1900px\" \/><\/p>\n<\/div>\n","protected":false},"excerpt":{"rendered":"<p>Ein bequemes und elegantes Armband, das man zu jeder Gelegenheit tragen kann. Leichter Tragekomfort durch das flex&#8217;it-Mesh.<\/p>\n","protected":false},"featured_media":117173,"comment_status":"open","ping_status":"closed","template":"","meta":[],"product_brand":[154],"product_cat":[6161],"product_tag":[],"class_list":{"0":"post-117147","1":"product","2":"type-product","3":"status-publish","4":"has-post-thumbnail","6":"product_brand-fope","7":"product_cat-fope-armbander","9":"first","10":"instock","11":"taxable","12":"shipping-taxable","13":"purchasable","14":"product-type-variable","15":"has-default-attributes"},"exclude_global_add_ons":[],"addons":[],"df_price":4990,"df_sale_price":"","df_regular_price":4990,"df_image_link":"https:\/\/cdn02.fabioferro.eu\/wp-content\/uploads\/virtuemart\/product\/bracciale_fope_collezione_vendome_in_oro_bianco_561B_B__1594800972_433.jpg","_links":{"self":[{"href":"https:\/\/www.fabioferro.eu\/de\/wp-json\/wp\/v2\/product\/117147","targetHints":{"allow":["GET"]}}],"collection":[{"href":"https:\/\/www.fabioferro.eu\/de\/wp-json\/wp\/v2\/product"}],"about":[{"href":"https:\/\/www.fabioferro.eu\/de\/wp-json\/wp\/v2\/types\/product"}],"replies":[{"embeddable":true,"href":"https:\/\/www.fabioferro.eu\/de\/wp-json\/wp\/v2\/comments?post=117147"}],"version-history":[{"count":1,"href":"https:\/\/www.fabioferro.eu\/de\/wp-json\/wp\/v2\/product\/117147\/revisions"}],"predecessor-version":[{"id":206775,"href":"https:\/\/www.fabioferro.eu\/de\/wp-json\/wp\/v2\/product\/117147\/revisions\/206775"}],"wp:featuredmedia":[{"embeddable":true,"href":"https:\/\/www.fabioferro.eu\/de\/wp-json\/wp\/v2\/media\/117173"}],"wp:attachment":[{"href":"https:\/\/www.fabioferro.eu\/de\/wp-json\/wp\/v2\/media?parent=117147"}],"wp:term":[{"taxonomy":"product_brand","embeddable":true,"href":"https:\/\/www.fabioferro.eu\/de\/wp-json\/wp\/v2\/product_brand?post=117147"},{"taxonomy":"product_cat","embeddable":true,"href":"https:\/\/www.fabioferro.eu\/de\/wp-json\/wp\/v2\/product_cat?post=117147"},{"taxonomy":"product_tag","embeddable":true,"href":"https:\/\/www.fabioferro.eu\/de\/wp-json\/wp\/v2\/product_tag?post=117147"}],"curies":[{"name":"wp","href":"https:\/\/api.w.org\/{rel}","templated":true}]}}