{"id":117170,"date":"2016-02-20T14:48:43","date_gmt":"2016-02-20T13:48:43","guid":{"rendered":"https:\/\/www.fabioferro.eu\/charme-giovanni-raspini-muenze-mit-mediceer-wappen-in-925-sterling-silber.html"},"modified":"2024-09-18T15:52:42","modified_gmt":"2024-09-18T13:52:42","slug":"charme-giovanni-raspini-muenze-mit-mediceer-wappen-in-925-sterling-silber","status":"publish","type":"product","link":"https:\/\/www.fabioferro.eu\/de\/charme-giovanni-raspini-muenze-mit-mediceer-wappen-in-925-sterling-silber.html","title":{"rendered":"Charme Giovanni Raspini M\u00fcnze mit Mediceer Wappen in 925 Sterling Silber"},"content":{"rendered":"<p>925\/1000 Sterling Silber Giovanni Raspini Anh\u00e4nger in Form einer M\u00fcnze mit &#8216;Mediceer Wappen&#8217; Das Mediceer Wappen ist das Wappen der alten Medici Familie von Florenz. Die M\u00fcnze hat einen Durchmesser von 26,70 mm und eine Dicke von 1 mm. Ausgestattet mit einem offenen Ring zur Befestigung an einem Armband oder an einer Halskette. Neuer Artikel mit Box und original Giovanni Raspini Garantie Ich stelle eine Quittung und\/oder Rechnung aus.  &nbsp;<\/p>\n","protected":false},"excerpt":{"rendered":"<p>925 Sterling Silber Giovanni Raspini Anh\u00e4nger in Form einer M\u00fcnze mit Mediceer Wappen<\/p>\n","protected":false},"featured_media":117194,"comment_status":"open","ping_status":"closed","template":"","meta":[],"product_brand":[155],"product_cat":[7575,7576],"product_tag":[],"class_list":{"0":"post-117170","1":"product","2":"type-product","3":"status-publish","4":"has-post-thumbnail","6":"product_brand-raspini","7":"product_cat-do-it-yourself-schmuck-giovanni-raspini","8":"product_cat-giovanni-raspini-reize","10":"first","11":"instock","12":"sale","13":"taxable","14":"shipping-taxable","15":"purchasable","16":"product-type-simple"},"exclude_global_add_ons":[],"addons":[],"df_price":49.5,"df_sale_price":49.5,"df_regular_price":55,"df_image_link":"https:\/\/cdn02.fabioferro.eu\/wp-content\/uploads\/virtuemart\/product\/9452stemma-mediceo.jpg","_links":{"self":[{"href":"https:\/\/www.fabioferro.eu\/de\/wp-json\/wp\/v2\/product\/117170","targetHints":{"allow":["GET"]}}],"collection":[{"href":"https:\/\/www.fabioferro.eu\/de\/wp-json\/wp\/v2\/product"}],"about":[{"href":"https:\/\/www.fabioferro.eu\/de\/wp-json\/wp\/v2\/types\/product"}],"replies":[{"embeddable":true,"href":"https:\/\/www.fabioferro.eu\/de\/wp-json\/wp\/v2\/comments?post=117170"}],"version-history":[{"count":0,"href":"https:\/\/www.fabioferro.eu\/de\/wp-json\/wp\/v2\/product\/117170\/revisions"}],"wp:featuredmedia":[{"embeddable":true,"href":"https:\/\/www.fabioferro.eu\/de\/wp-json\/wp\/v2\/media\/117194"}],"wp:attachment":[{"href":"https:\/\/www.fabioferro.eu\/de\/wp-json\/wp\/v2\/media?parent=117170"}],"wp:term":[{"taxonomy":"product_brand","embeddable":true,"href":"https:\/\/www.fabioferro.eu\/de\/wp-json\/wp\/v2\/product_brand?post=117170"},{"taxonomy":"product_cat","embeddable":true,"href":"https:\/\/www.fabioferro.eu\/de\/wp-json\/wp\/v2\/product_cat?post=117170"},{"taxonomy":"product_tag","embeddable":true,"href":"https:\/\/www.fabioferro.eu\/de\/wp-json\/wp\/v2\/product_tag?post=117170"}],"curies":[{"name":"wp","href":"https:\/\/api.w.org\/{rel}","templated":true}]}}