{"id":117222,"date":"2016-01-23T09:22:04","date_gmt":"2016-01-23T08:22:04","guid":{"rendered":"https:\/\/www.fabioferro.eu\/festina-damenuhr-aus-titan-mit-silbernem-zifferblatt.html"},"modified":"2016-01-23T09:22:04","modified_gmt":"2016-01-23T08:22:04","slug":"festina-damenuhr-aus-titan-mit-silbernem-zifferblatt","status":"publish","type":"product","link":"https:\/\/www.fabioferro.eu\/de\/festina-damenuhr-aus-titan-mit-silbernem-zifferblatt.html","title":{"rendered":"Festina Damenuhr aus Titan mit silbernem Zifferblatt"},"content":{"rendered":"<div class=\"description\">\n<p>Festina Damenuhr Titanium Kollektion<\/p>\n<p>Analoges Quarz-Uhrwerk mit reiner Zeitmessung<\/p>\n<p>Die Uhr hat ein Gesamtgewicht von gr. 50.50<\/p>\n<p>Geh\u00e4use aus Titan, Durchmesser 30,00 mm, Dicke 7,00 mm. Ger\u00e4ndelte, wasserdichte Krone. Geh\u00e4useboden aus Titan mit Druckverschluss und wasserdicht bis 5 ATM.<\/p>\n<p>Mineralglas<\/p>\n<p>Versilbertes Zifferblatt mit leuchtenden Stunden- und Minutenzeigern, Zentralsekunde aus poliertem Metall. Schwarze gepr\u00e4gte arabische Ziffern, Datumsfeld bei drei Uhr.<\/p>\n<p>Titanarmband mit Flip-Lock-Verschluss mit Sicherheitsverschluss<\/p>\n<p>Neuware mit Box und original Festina Zweijahresgarantie<\/p>\n<p>Ausstellen einer Quittung und\/oder Rechnung<\/p>\n<\/div>\n","protected":false},"excerpt":{"rendered":"<p>Festina Damenuhr Titanium Kollektion mit Titangeh\u00e4use und -armband<\/p>\n","protected":false},"featured_media":117223,"comment_status":"open","ping_status":"closed","template":"","meta":[],"product_brand":[171],"product_cat":[5976],"product_tag":[],"class_list":{"0":"post-117222","1":"product","2":"type-product","3":"status-publish","4":"has-post-thumbnail","6":"product_brand-festina","7":"product_cat-festina-damenuhren","9":"first","10":"outofstock","11":"sale","12":"taxable","13":"shipping-taxable","14":"purchasable","15":"product-type-simple"},"exclude_global_add_ons":[],"addons":[],"df_price":79.2,"df_sale_price":79.2,"df_regular_price":99,"df_image_link":"https:\/\/cdn02.fabioferro.eu\/wp-content\/uploads\/virtuemart\/product\/f16461-1titaniumdonna.jpg","_links":{"self":[{"href":"https:\/\/www.fabioferro.eu\/de\/wp-json\/wp\/v2\/product\/117222","targetHints":{"allow":["GET"]}}],"collection":[{"href":"https:\/\/www.fabioferro.eu\/de\/wp-json\/wp\/v2\/product"}],"about":[{"href":"https:\/\/www.fabioferro.eu\/de\/wp-json\/wp\/v2\/types\/product"}],"replies":[{"embeddable":true,"href":"https:\/\/www.fabioferro.eu\/de\/wp-json\/wp\/v2\/comments?post=117222"}],"version-history":[{"count":0,"href":"https:\/\/www.fabioferro.eu\/de\/wp-json\/wp\/v2\/product\/117222\/revisions"}],"wp:featuredmedia":[{"embeddable":true,"href":"https:\/\/www.fabioferro.eu\/de\/wp-json\/wp\/v2\/media\/117223"}],"wp:attachment":[{"href":"https:\/\/www.fabioferro.eu\/de\/wp-json\/wp\/v2\/media?parent=117222"}],"wp:term":[{"taxonomy":"product_brand","embeddable":true,"href":"https:\/\/www.fabioferro.eu\/de\/wp-json\/wp\/v2\/product_brand?post=117222"},{"taxonomy":"product_cat","embeddable":true,"href":"https:\/\/www.fabioferro.eu\/de\/wp-json\/wp\/v2\/product_cat?post=117222"},{"taxonomy":"product_tag","embeddable":true,"href":"https:\/\/www.fabioferro.eu\/de\/wp-json\/wp\/v2\/product_tag?post=117222"}],"curies":[{"name":"wp","href":"https:\/\/api.w.org\/{rel}","templated":true}]}}