{"id":117225,"date":"2015-11-25T16:59:36","date_gmt":"2015-11-25T15:59:36","guid":{"rendered":"https:\/\/www.fabioferro.eu\/fope-unisex-armband-flexit-olly-sammlung-in-weissgold-mit-diamanten.html"},"modified":"2026-01-09T16:29:41","modified_gmt":"2026-01-09T15:29:41","slug":"fope-unisex-armband-flexit-olly-sammlung-in-weissgold-mit-diamanten","status":"publish","type":"product","link":"https:\/\/www.fabioferro.eu\/de\/fope-unisex-armband-flexit-olly-sammlung-in-weissgold-mit-diamanten.html","title":{"rendered":"Fope Flex&#8217;It Olly Armband aus Wei\u00dfgold mit Diamanten"},"content":{"rendered":"<p>Der Herrenschmuck von FOPE ist in drei Goldfarben erh\u00e4ltlich und hat eine 24-monatige Garantie gegen Herstellungsfehler, die von unserem offiziellen Servicecenter \u00fcberpr\u00fcft wird. Wer seinen Schmuck pflegt, sorgt daf\u00fcr, dass er ewig h\u00e4lt.<\/p>\n<p>Armband aus 750\/1000 Wei\u00dfgold mit schwarzen und wei\u00dfen Diamanten.<\/p>\n<p>Patentiertes elastisches Flex&#8217;it-Netz mit 5 mm Durchmesser.<\/p>\n<p>Fassf\u00f6rmiges Zentralmotiv aus Wei\u00dfgold, Durchmesser 9 mm, mit wei\u00dfen Diamanten im Brillantschliff, die sich mit schwarzen Diamanten von insgesamt 0,24 Karat abwechseln.<\/p>\n<p>Neuer Artikel mit original Fope-Box und Garantie.<\/p>\n<p><img decoding=\"async\" class=\"alignnone size-full wp-image-205465\" src=\"http:\/\/cdn02.fabioferro.eu\/wp-content\/uploads\/tabelle-misure-bracciali.jpg\" alt=\"\" width=\"1900\" height=\"153\" title=\"\" srcset=\"https:\/\/cdn02.fabioferro.eu\/wp-content\/uploads\/tabelle-misure-bracciali.jpg 1900w, https:\/\/cdn02.fabioferro.eu\/wp-content\/uploads\/tabelle-misure-bracciali-768x62.jpg 768w, https:\/\/cdn02.fabioferro.eu\/wp-content\/uploads\/tabelle-misure-bracciali-1536x124.jpg 1536w, https:\/\/cdn02.fabioferro.eu\/wp-content\/uploads\/tabelle-misure-bracciali-990x80.jpg 990w, https:\/\/cdn02.fabioferro.eu\/wp-content\/uploads\/tabelle-misure-bracciali-441x36.jpg 441w, https:\/\/cdn02.fabioferro.eu\/wp-content\/uploads\/tabelle-misure-bracciali-600x48.jpg 600w, https:\/\/cdn02.fabioferro.eu\/wp-content\/uploads\/tabelle-misure-bracciali-150x12.jpg 150w\" sizes=\"(max-width: 1900px) 100vw, 1900px\" \/><\/p>\n","protected":false},"excerpt":{"rendered":"<p>Unisex-Armband der Kollektion Fope Flex&#8217;It aus Wei\u00dfgold mit schwarzen und wei\u00dfen Diamanten<\/p>\n","protected":false},"featured_media":159895,"comment_status":"open","ping_status":"closed","template":"","meta":[],"product_brand":[154],"product_cat":[6161,6187],"product_tag":[],"class_list":{"0":"post-117225","1":"product","2":"type-product","3":"status-publish","4":"has-post-thumbnail","6":"product_brand-fope","7":"product_cat-fope-armbander","8":"product_cat-fope-herrenschmuck","10":"first","11":"instock","12":"taxable","13":"shipping-taxable","14":"purchasable","15":"product-type-variable","16":"has-default-attributes"},"exclude_global_add_ons":[],"addons":[],"df_price":4900,"df_sale_price":"","df_regular_price":4900,"df_image_link":"https:\/\/cdn02.fabioferro.eu\/wp-content\/uploads\/bracciale-fope-flexit-in-oro-bianco-con-diamanti-neri-722b-bbr-b.jpg","_links":{"self":[{"href":"https:\/\/www.fabioferro.eu\/de\/wp-json\/wp\/v2\/product\/117225","targetHints":{"allow":["GET"]}}],"collection":[{"href":"https:\/\/www.fabioferro.eu\/de\/wp-json\/wp\/v2\/product"}],"about":[{"href":"https:\/\/www.fabioferro.eu\/de\/wp-json\/wp\/v2\/types\/product"}],"replies":[{"embeddable":true,"href":"https:\/\/www.fabioferro.eu\/de\/wp-json\/wp\/v2\/comments?post=117225"}],"version-history":[{"count":1,"href":"https:\/\/www.fabioferro.eu\/de\/wp-json\/wp\/v2\/product\/117225\/revisions"}],"predecessor-version":[{"id":206761,"href":"https:\/\/www.fabioferro.eu\/de\/wp-json\/wp\/v2\/product\/117225\/revisions\/206761"}],"wp:featuredmedia":[{"embeddable":true,"href":"https:\/\/www.fabioferro.eu\/de\/wp-json\/wp\/v2\/media\/159895"}],"wp:attachment":[{"href":"https:\/\/www.fabioferro.eu\/de\/wp-json\/wp\/v2\/media?parent=117225"}],"wp:term":[{"taxonomy":"product_brand","embeddable":true,"href":"https:\/\/www.fabioferro.eu\/de\/wp-json\/wp\/v2\/product_brand?post=117225"},{"taxonomy":"product_cat","embeddable":true,"href":"https:\/\/www.fabioferro.eu\/de\/wp-json\/wp\/v2\/product_cat?post=117225"},{"taxonomy":"product_tag","embeddable":true,"href":"https:\/\/www.fabioferro.eu\/de\/wp-json\/wp\/v2\/product_tag?post=117225"}],"curies":[{"name":"wp","href":"https:\/\/api.w.org\/{rel}","templated":true}]}}