{"id":117250,"date":"2016-01-22T17:39:31","date_gmt":"2016-01-22T16:39:31","guid":{"rendered":"https:\/\/www.fabioferro.eu\/festina-damen-multifunktionsuhr-aus-stahl-mit-puderrosa-zifferblatt-2.html"},"modified":"2016-01-22T17:39:31","modified_gmt":"2016-01-22T16:39:31","slug":"festina-damen-multifunktionsuhr-aus-stahl-mit-puderrosa-zifferblatt-2","status":"publish","type":"product","link":"https:\/\/www.fabioferro.eu\/de\/festina-damen-multifunktionsuhr-aus-stahl-mit-puderrosa-zifferblatt-2.html","title":{"rendered":"Festina Damen-Multifunktionsuhr aus Stahl mit puderrosa Zifferblatt"},"content":{"rendered":"<p>Festina Damenuhr Multifunktionsmodell aus poliertem Edelstahl<\/p>\n<p>Analoges Quarzwerk<\/p>\n<p>Geh\u00e4use aus poliertem Stahl, Durchmesser 36,00 mm, Dicke 9,00 mm. Druckgussboden, wasserdicht bis 5 ATM, mit ger\u00e4ndelter Stahlkrone. Au\u00dfenl\u00fcnette mit eingravierten Rittern alle 5 Minuten.<\/p>\n<p>Mineralglas<\/p>\n<p>Ein sehr raffiniertes Zifferblatt in einem zarten Puderrosa. Die Stunden-, Minuten- und Sekundenzeiger sowie die Indexe und Stundenmarkierungen sind aus poliertem ros\u00e9farbenem Metall gefertigt. Drei Zifferbl\u00e4tter mit Anzeige von Tag, Datum und 24 Stunden.<\/p>\n<p>Poliertes Stahlarmband mit praktischer Faltschlie\u00dfe und zwei \u00d6ffnungskn\u00f6pfen.<\/p>\n<p>Neuware mit Box und original Festina Zweijahresgarantie.<\/p>\n","protected":false},"excerpt":{"rendered":"<p>Festina Damenuhr Multifunktionsmodell in Stahl mit puderrosa Zifferblatt<\/p>\n","protected":false},"featured_media":117269,"comment_status":"open","ping_status":"closed","template":"","meta":[],"product_brand":[171],"product_cat":[5976],"product_tag":[7442],"class_list":{"0":"post-117250","1":"product","2":"type-product","3":"status-publish","4":"has-post-thumbnail","6":"product_brand-festina","7":"product_cat-festina-damenuhren","8":"product_tag-verfugbar","10":"first","11":"instock","12":"sale","13":"taxable","14":"shipping-taxable","15":"purchasable","16":"product-type-simple"},"exclude_global_add_ons":[],"addons":[],"df_price":79.2,"df_sale_price":79.2,"df_regular_price":99,"df_image_link":"https:\/\/cdn02.fabioferro.eu\/wp-content\/uploads\/virtuemart\/product\/F16716-3classico-rosa-cipria1.jpg","_links":{"self":[{"href":"https:\/\/www.fabioferro.eu\/de\/wp-json\/wp\/v2\/product\/117250","targetHints":{"allow":["GET"]}}],"collection":[{"href":"https:\/\/www.fabioferro.eu\/de\/wp-json\/wp\/v2\/product"}],"about":[{"href":"https:\/\/www.fabioferro.eu\/de\/wp-json\/wp\/v2\/types\/product"}],"replies":[{"embeddable":true,"href":"https:\/\/www.fabioferro.eu\/de\/wp-json\/wp\/v2\/comments?post=117250"}],"version-history":[{"count":0,"href":"https:\/\/www.fabioferro.eu\/de\/wp-json\/wp\/v2\/product\/117250\/revisions"}],"wp:featuredmedia":[{"embeddable":true,"href":"https:\/\/www.fabioferro.eu\/de\/wp-json\/wp\/v2\/media\/117269"}],"wp:attachment":[{"href":"https:\/\/www.fabioferro.eu\/de\/wp-json\/wp\/v2\/media?parent=117250"}],"wp:term":[{"taxonomy":"product_brand","embeddable":true,"href":"https:\/\/www.fabioferro.eu\/de\/wp-json\/wp\/v2\/product_brand?post=117250"},{"taxonomy":"product_cat","embeddable":true,"href":"https:\/\/www.fabioferro.eu\/de\/wp-json\/wp\/v2\/product_cat?post=117250"},{"taxonomy":"product_tag","embeddable":true,"href":"https:\/\/www.fabioferro.eu\/de\/wp-json\/wp\/v2\/product_tag?post=117250"}],"curies":[{"name":"wp","href":"https:\/\/api.w.org\/{rel}","templated":true}]}}