{"id":117386,"date":"2018-06-28T15:19:21","date_gmt":"2018-06-28T13:19:21","guid":{"rendered":"https:\/\/www.fabioferro.eu\/fabio-ferro-verlobungsring-modell-valentina-weissgold-mit-diamant-030-karat.html"},"modified":"2024-10-30T10:03:07","modified_gmt":"2024-10-30T09:03:07","slug":"fabio-ferro-verlobungsring-modell-valentina-weissgold-mit-diamant-030-karat","status":"publish","type":"product","link":"https:\/\/www.fabioferro.eu\/de\/fabio-ferro-verlobungsring-modell-valentina-weissgold-mit-diamant-030-karat.html","title":{"rendered":"Fabio Ferro Verlobungsring Modell Valentina Wei\u00dfgold mit Diamant 0,30 Karat"},"content":{"rendered":"<div class=\"description\">\n<p>In unserer Goldschmiedewerkstatt handgefertigter Verlobungsring aus 750\/1000 Wei\u00dfgold Gr. 3\/4, mit einem Solit\u00e4rdiamanten mit Brillantschliff 0,30 Karat, Farbe G, Reinheit VVS1, Fassung Modell Valentina, besetzt mit einem Diamanten mit 4 polierten konvexen Riffs.<\/p>\n<p>Alle unsere IGI-Diamanten mit internationalem Zertifikat sind mit einer Lasergravur versehen, auf der der Code deutlich zu erkennen ist. Die tats\u00e4chlichen Eigenschaften des Schmuckst\u00fccks entnehmen Sie bitte der Beschreibung, das Foto dient nur zu Demonstrationszwecken. Das Schmuckst\u00fcck wird von einem Garantie- und Echtheitszertifikat mit einer eleganten personalisierten Box von Fabio Ferro i Gioielli begleitet.<\/p>\n<\/div>\n<p>&nbsp;<\/p>\n<p><img decoding=\"async\" class=\"alignnone size-full wp-image-68675\" src=\"https:\/\/cdn02.fabioferro.eu\/wp-content\/uploads\/IGI-4cs-chart-IT-scaled.jpg\" alt=\"\" width=\"1864\" height=\"2560\" title=\"\" srcset=\"https:\/\/cdn02.fabioferro.eu\/wp-content\/uploads\/IGI-4cs-chart-IT-scaled.jpg 1864w, https:\/\/cdn02.fabioferro.eu\/wp-content\/uploads\/IGI-4cs-chart-IT-768x1055.jpg 768w, https:\/\/cdn02.fabioferro.eu\/wp-content\/uploads\/IGI-4cs-chart-IT-1119x1536.jpg 1119w, https:\/\/cdn02.fabioferro.eu\/wp-content\/uploads\/IGI-4cs-chart-IT-1491x2048.jpg 1491w, https:\/\/cdn02.fabioferro.eu\/wp-content\/uploads\/IGI-4cs-chart-IT-990x1359.jpg 990w, https:\/\/cdn02.fabioferro.eu\/wp-content\/uploads\/IGI-4cs-chart-IT-441x606.jpg 441w, https:\/\/cdn02.fabioferro.eu\/wp-content\/uploads\/IGI-4cs-chart-IT-600x824.jpg 600w, https:\/\/cdn02.fabioferro.eu\/wp-content\/uploads\/IGI-4cs-chart-IT-150x206.jpg 150w\" sizes=\"(max-width: 1864px) 100vw, 1864px\" \/><\/p>\n","protected":false},"excerpt":{"rendered":"<p>Handgefertigter Verlobungsring aus Wei\u00dfgold mit IGI-Karat-zertifiziertem Diamanten. 0,30 Farbe G VVS 1.<\/p>\n","protected":false},"featured_media":117430,"comment_status":"open","ping_status":"closed","template":"","meta":[],"product_brand":[152],"product_cat":[6021],"product_tag":[],"class_list":{"0":"post-117386","1":"product","2":"type-product","3":"status-publish","4":"has-post-thumbnail","6":"product_brand-fabio-ferro-i-gioielli","7":"product_cat-verlobungsringe","9":"first","10":"instock","11":"sale","12":"taxable","13":"shipping-taxable","14":"purchasable","15":"product-type-variable","16":"has-default-attributes"},"exclude_global_add_ons":[],"addons":[],"df_price":1720,"df_sale_price":"","df_regular_price":1720,"df_image_link":"https:\/\/cdn02.fabioferro.eu\/wp-content\/uploads\/anello-solitario-fabio-ferro-da-fidanzamento-ff121021-2-1.jpg","_links":{"self":[{"href":"https:\/\/www.fabioferro.eu\/de\/wp-json\/wp\/v2\/product\/117386","targetHints":{"allow":["GET"]}}],"collection":[{"href":"https:\/\/www.fabioferro.eu\/de\/wp-json\/wp\/v2\/product"}],"about":[{"href":"https:\/\/www.fabioferro.eu\/de\/wp-json\/wp\/v2\/types\/product"}],"replies":[{"embeddable":true,"href":"https:\/\/www.fabioferro.eu\/de\/wp-json\/wp\/v2\/comments?post=117386"}],"version-history":[{"count":0,"href":"https:\/\/www.fabioferro.eu\/de\/wp-json\/wp\/v2\/product\/117386\/revisions"}],"wp:featuredmedia":[{"embeddable":true,"href":"https:\/\/www.fabioferro.eu\/de\/wp-json\/wp\/v2\/media\/117430"}],"wp:attachment":[{"href":"https:\/\/www.fabioferro.eu\/de\/wp-json\/wp\/v2\/media?parent=117386"}],"wp:term":[{"taxonomy":"product_brand","embeddable":true,"href":"https:\/\/www.fabioferro.eu\/de\/wp-json\/wp\/v2\/product_brand?post=117386"},{"taxonomy":"product_cat","embeddable":true,"href":"https:\/\/www.fabioferro.eu\/de\/wp-json\/wp\/v2\/product_cat?post=117386"},{"taxonomy":"product_tag","embeddable":true,"href":"https:\/\/www.fabioferro.eu\/de\/wp-json\/wp\/v2\/product_tag?post=117386"}],"curies":[{"name":"wp","href":"https:\/\/api.w.org\/{rel}","templated":true}]}}