{"id":117705,"date":"2024-02-09T16:17:50","date_gmt":"2024-02-09T15:17:50","guid":{"rendered":"https:\/\/www.fabioferro.eu\/fabio-ferro-punto-luce-weissgold-halskette-mit-006-karat-diamant.html"},"modified":"2025-06-06T16:22:42","modified_gmt":"2025-06-06T14:22:42","slug":"fabio-ferro-punto-luce-weissgold-halskette-mit-006-karat-diamant","status":"publish","type":"product","link":"https:\/\/www.fabioferro.eu\/de\/fabio-ferro-punto-luce-weissgold-halskette-mit-006-karat-diamant.html","title":{"rendered":"Fabio Ferro Punto Luce Wei\u00dfgold Halskette mit 0,06 Karat Diamant"},"content":{"rendered":"<div class=\"description\">\n<p>Fabio Ferro-Halskette, handgefertigt in unserer Goldschmiedewerkstatt, mit Brillant-Leuchtpunkt.<\/p>\n<p>Poliertes 750\/1000er Wei\u00dfgold mit einem Gewicht von 2,00 g.<\/p>\n<p>Doppellange Kette aus venezianischem Netz. Der erste misst 42 cm und der zweite 45 cm. Verschluss mit Karabinerhaken.<\/p>\n<p>Gleitender Lichtpunkt mit quadratischer, rautenf\u00f6rmiger L\u00fcnette, besetzt mit einem Solit\u00e4rdiamanten im Brillantschliff von 0,06 Karat, Farbe F, Reinheit VS1.<\/p>\n<p>Die zentrale L\u00fcnette misst 3,30 mm im Durchmesser und ist 2,40 mm dick.<\/p>\n<p>Das Schmuckst\u00fcck wird von einem eleganten Etui und einem von Fabio Ferro unterzeichneten Echtheitszertifikat begleitet.<\/p>\n<p><img decoding=\"async\" class=\"alignnone size-full wp-image-68675\" src=\"https:\/\/cdn02.fabioferro.eu\/wp-content\/uploads\/IGI-4cs-chart-IT-scaled.jpg\" alt=\"\" width=\"1864\" height=\"2560\" title=\"\" srcset=\"https:\/\/cdn02.fabioferro.eu\/wp-content\/uploads\/IGI-4cs-chart-IT-scaled.jpg 1864w, https:\/\/cdn02.fabioferro.eu\/wp-content\/uploads\/IGI-4cs-chart-IT-768x1055.jpg 768w, https:\/\/cdn02.fabioferro.eu\/wp-content\/uploads\/IGI-4cs-chart-IT-1119x1536.jpg 1119w, https:\/\/cdn02.fabioferro.eu\/wp-content\/uploads\/IGI-4cs-chart-IT-1491x2048.jpg 1491w, https:\/\/cdn02.fabioferro.eu\/wp-content\/uploads\/IGI-4cs-chart-IT-990x1359.jpg 990w, https:\/\/cdn02.fabioferro.eu\/wp-content\/uploads\/IGI-4cs-chart-IT-441x606.jpg 441w, https:\/\/cdn02.fabioferro.eu\/wp-content\/uploads\/IGI-4cs-chart-IT-600x824.jpg 600w, https:\/\/cdn02.fabioferro.eu\/wp-content\/uploads\/IGI-4cs-chart-IT-150x206.jpg 150w\" sizes=\"(max-width: 1864px) 100vw, 1864px\" \/><\/p>\n<\/div>\n","protected":false},"excerpt":{"rendered":"<p>Handgefertigte Halskette aus Wei\u00dfgold mit Brillanten Lichtpunkt ct. 0,06 F VS Farbe<\/p>\n","protected":false},"featured_media":117706,"comment_status":"open","ping_status":"closed","template":"","meta":[],"product_brand":[152],"product_cat":[6016],"product_tag":[7442],"class_list":{"0":"post-117705","1":"product","2":"type-product","3":"status-publish","4":"has-post-thumbnail","6":"product_brand-fabio-ferro-i-gioielli","7":"product_cat-dot-light-halsketten","8":"product_tag-verfugbar","10":"first","11":"instock","12":"sale","13":"taxable","14":"shipping-taxable","15":"purchasable","16":"product-type-simple"},"exclude_global_add_ons":[],"addons":[],"df_price":768,"df_sale_price":768,"df_regular_price":960,"df_image_link":"https:\/\/cdn02.fabioferro.eu\/wp-content\/uploads\/collana-punto-luce-in-oro-bianco-con-diamante-ff1175.jpg","_links":{"self":[{"href":"https:\/\/www.fabioferro.eu\/de\/wp-json\/wp\/v2\/product\/117705","targetHints":{"allow":["GET"]}}],"collection":[{"href":"https:\/\/www.fabioferro.eu\/de\/wp-json\/wp\/v2\/product"}],"about":[{"href":"https:\/\/www.fabioferro.eu\/de\/wp-json\/wp\/v2\/types\/product"}],"replies":[{"embeddable":true,"href":"https:\/\/www.fabioferro.eu\/de\/wp-json\/wp\/v2\/comments?post=117705"}],"version-history":[{"count":0,"href":"https:\/\/www.fabioferro.eu\/de\/wp-json\/wp\/v2\/product\/117705\/revisions"}],"wp:featuredmedia":[{"embeddable":true,"href":"https:\/\/www.fabioferro.eu\/de\/wp-json\/wp\/v2\/media\/117706"}],"wp:attachment":[{"href":"https:\/\/www.fabioferro.eu\/de\/wp-json\/wp\/v2\/media?parent=117705"}],"wp:term":[{"taxonomy":"product_brand","embeddable":true,"href":"https:\/\/www.fabioferro.eu\/de\/wp-json\/wp\/v2\/product_brand?post=117705"},{"taxonomy":"product_cat","embeddable":true,"href":"https:\/\/www.fabioferro.eu\/de\/wp-json\/wp\/v2\/product_cat?post=117705"},{"taxonomy":"product_tag","embeddable":true,"href":"https:\/\/www.fabioferro.eu\/de\/wp-json\/wp\/v2\/product_tag?post=117705"}],"curies":[{"name":"wp","href":"https:\/\/api.w.org\/{rel}","templated":true}]}}