{"id":117708,"date":"2018-05-17T17:11:54","date_gmt":"2018-05-17T15:11:54","guid":{"rendered":"https:\/\/www.fabioferro.eu\/festina-herren-timeleless-chrono-collection-uhr-in-stahl-mm-43-mit-schwarzem-und-goldenem-zifferblatt.html"},"modified":"2024-09-14T17:53:22","modified_gmt":"2024-09-14T15:53:22","slug":"festina-herren-timeleless-chrono-collection-uhr-in-stahl-mm-43-mit-schwarzem-und-goldenem-zifferblatt","status":"publish","type":"product","link":"https:\/\/www.fabioferro.eu\/de\/festina-herren-timeleless-chrono-collection-uhr-in-stahl-mm-43-mit-schwarzem-und-goldenem-zifferblatt.html","title":{"rendered":"Festina Herren Timeleless Chrono Collection Uhr in Stahl MM. 43 mit schwarzem und goldenem Zifferblatt"},"content":{"rendered":"<p>Festina Herrenuhr Timeless Chrono Kollektion aus Edelstahl. Analoges Quarz-Chronographenwerk. Geh\u00e4use aus poliertem Edelstahl, Durchmesser 43,00 mm, Dicke 10,70 mm. Wasserdichte Krone aus ger\u00e4ndeltem Stahl. Pump-Chrono-Tasten. Geh\u00e4useboden aus Stahl, druckfest verschlossen und wasserdicht bis 5 ATM. Geh\u00e4rtetes Mineralglas. Schwarzes Zifferblatt mit Stunden- und Minutenzeiger aus poliertem, vergoldetem Metall mit Leuchtspitzen. Zentraler Chrono-Sekundenzeiger aus poliertem, vergoldetem Metall. Aufgetragene Markierungen aus goldgl\u00e4nzendem Metall. Satiniertes\/poliertes Stahlarmband mit Faltschlie\u00dfe und zwei Druckkn\u00f6pfen mit Festina-Logo. Neue Uhr mit Box und original Festina 2 Jahre Garantie.  &nbsp;<\/p>\n<p>&nbsp;<\/p>\n<div class=\"custom\">\n<p><img decoding=\"async\" class=\" size-full wp-image-17129\" src=\"https:\/\/cdn02.fabioferro.eu\/wp-content\/uploads\/testi\/descrizione-orologi.png\" alt=\"Original-Uhren\" width=\"550\" height=\"150\" title=\"\" srcset=\"https:\/\/cdn02.fabioferro.eu\/wp-content\/uploads\/testi\/descrizione-orologi.png 550w, https:\/\/cdn02.fabioferro.eu\/wp-content\/uploads\/testi\/descrizione-orologi-150x41.png 150w, https:\/\/cdn02.fabioferro.eu\/wp-content\/uploads\/testi\/descrizione-orologi-441x120.png 441w\" sizes=\"(max-width: 550px) 100vw, 550px\" \/><\/p>\n<\/div>\n","protected":false},"excerpt":{"rendered":"<p>Festina Herrenuhr Timeless Chrono Kollektion aus Stahl mit schwarzem Zifferblatt und vergoldeten Indexen.<\/p>\n","protected":false},"featured_media":117713,"comment_status":"open","ping_status":"closed","template":"","meta":[],"product_brand":[171],"product_cat":[5998],"product_tag":[7442],"class_list":{"0":"post-117708","1":"product","2":"type-product","3":"status-publish","4":"has-post-thumbnail","6":"product_brand-festina","7":"product_cat-festina-herrenuhren","8":"product_tag-verfugbar","10":"first","11":"instock","12":"sale","13":"taxable","14":"shipping-taxable","15":"purchasable","16":"product-type-simple"},"exclude_global_add_ons":[],"addons":[],"df_price":103.2,"df_sale_price":103.2,"df_regular_price":129,"df_image_link":"https:\/\/cdn02.fabioferro.eu\/wp-content\/uploads\/virtuemart\/product\/orologio-festina-uomo-nero-chrono-placcato-giallo-F20343-4.jpgbis.jpg","_links":{"self":[{"href":"https:\/\/www.fabioferro.eu\/de\/wp-json\/wp\/v2\/product\/117708","targetHints":{"allow":["GET"]}}],"collection":[{"href":"https:\/\/www.fabioferro.eu\/de\/wp-json\/wp\/v2\/product"}],"about":[{"href":"https:\/\/www.fabioferro.eu\/de\/wp-json\/wp\/v2\/types\/product"}],"replies":[{"embeddable":true,"href":"https:\/\/www.fabioferro.eu\/de\/wp-json\/wp\/v2\/comments?post=117708"}],"version-history":[{"count":0,"href":"https:\/\/www.fabioferro.eu\/de\/wp-json\/wp\/v2\/product\/117708\/revisions"}],"wp:featuredmedia":[{"embeddable":true,"href":"https:\/\/www.fabioferro.eu\/de\/wp-json\/wp\/v2\/media\/117713"}],"wp:attachment":[{"href":"https:\/\/www.fabioferro.eu\/de\/wp-json\/wp\/v2\/media?parent=117708"}],"wp:term":[{"taxonomy":"product_brand","embeddable":true,"href":"https:\/\/www.fabioferro.eu\/de\/wp-json\/wp\/v2\/product_brand?post=117708"},{"taxonomy":"product_cat","embeddable":true,"href":"https:\/\/www.fabioferro.eu\/de\/wp-json\/wp\/v2\/product_cat?post=117708"},{"taxonomy":"product_tag","embeddable":true,"href":"https:\/\/www.fabioferro.eu\/de\/wp-json\/wp\/v2\/product_tag?post=117708"}],"curies":[{"name":"wp","href":"https:\/\/api.w.org\/{rel}","templated":true}]}}