{"id":117731,"date":"2018-05-18T17:03:46","date_gmt":"2018-05-18T15:03:46","guid":{"rendered":"https:\/\/www.fabioferro.eu\/damenuhr-festina-neues-modell-mademoiselle-in-stahl-mm-36-zifferblatt-und-armband-aus-natuerlichem-perlmutt-milano.html"},"modified":"2024-02-15T19:15:17","modified_gmt":"2024-02-15T18:15:17","slug":"damenuhr-festina-neues-modell-mademoiselle-in-stahl-mm-36-zifferblatt-und-armband-aus-natuerlichem-perlmutt-milano","status":"publish","type":"product","link":"https:\/\/www.fabioferro.eu\/de\/damenuhr-festina-neues-modell-mademoiselle-in-stahl-mm-36-zifferblatt-und-armband-aus-natuerlichem-perlmutt-milano.html","title":{"rendered":"Damenuhr Festina Neues Modell Mademoiselle in Stahl MM. 36 Zifferblatt und Armband aus nat\u00fcrlichem Perlmutt Milano"},"content":{"rendered":"<div class=\"description\">\n<p>Festina Damenuhr aus Edelstahl mit nat\u00fcrlichem Perlmutt und Zirkonen.<\/p>\n<p>Analoges Quarzwerk mit reiner Zeitmessung.<\/p>\n<p>Das polierte Stahlgeh\u00e4use ist 36,00 mm breit und 8,50 mm dick. Geh\u00e4useboden aus Stahl, druckfest verschlossen und wasserdicht bis 5 ATM. Wasserdichte Krone aus rosa PVD-Stahl. Die \u00e4u\u00dfere L\u00fcnette ist mit zwei Reihen von Zirkonen im Brillantschliff verziert.<\/p>\n<p>Geh\u00e4rtetes Mineralglas.<\/p>\n<p>Zifferblatt aus raffiniertem nat\u00fcrlichem Perlmutt in Rosat\u00f6nen, Stunden-, Minuten- und Sekundenzeiger aus poliertem rosa PVD-Metall. Die Indexe und arabischen Ziffern sind aus poliertem rosa Metall.<\/p>\n<p>Milano-Gliederarmband aus Edelstahl mit Faltschlie\u00dfe und zwei seitlichen Druckkn\u00f6pfen. Festina-Logo.<\/p>\n<p>Neuer Artikel mit elegantem Etui und original Festina Zweijahresgarantie.<\/p>\n<p>&nbsp;<\/p>\n<\/div>\n","protected":false},"excerpt":{"rendered":"<p>Festina Damenuhr in 36 mm Stahl mit rosafarbenem Naturperlmuttzifferblatt.<\/p>\n","protected":false},"featured_media":117742,"comment_status":"open","ping_status":"closed","template":"","meta":[],"product_brand":[171],"product_cat":[5976],"product_tag":[7442],"class_list":{"0":"post-117731","1":"product","2":"type-product","3":"status-publish","4":"has-post-thumbnail","6":"product_brand-festina","7":"product_cat-festina-damenuhren","8":"product_tag-verfugbar","10":"first","11":"instock","12":"sale","13":"taxable","14":"shipping-taxable","15":"purchasable","16":"product-type-simple"},"exclude_global_add_ons":[],"addons":[],"df_price":79.2,"df_sale_price":79.2,"df_regular_price":99,"df_image_link":"https:\/\/cdn02.fabioferro.eu\/wp-content\/uploads\/virtuemart\/product\/orologio-festina-donna-madreperla-F20420-1.jpg","_links":{"self":[{"href":"https:\/\/www.fabioferro.eu\/de\/wp-json\/wp\/v2\/product\/117731","targetHints":{"allow":["GET"]}}],"collection":[{"href":"https:\/\/www.fabioferro.eu\/de\/wp-json\/wp\/v2\/product"}],"about":[{"href":"https:\/\/www.fabioferro.eu\/de\/wp-json\/wp\/v2\/types\/product"}],"replies":[{"embeddable":true,"href":"https:\/\/www.fabioferro.eu\/de\/wp-json\/wp\/v2\/comments?post=117731"}],"version-history":[{"count":0,"href":"https:\/\/www.fabioferro.eu\/de\/wp-json\/wp\/v2\/product\/117731\/revisions"}],"wp:featuredmedia":[{"embeddable":true,"href":"https:\/\/www.fabioferro.eu\/de\/wp-json\/wp\/v2\/media\/117742"}],"wp:attachment":[{"href":"https:\/\/www.fabioferro.eu\/de\/wp-json\/wp\/v2\/media?parent=117731"}],"wp:term":[{"taxonomy":"product_brand","embeddable":true,"href":"https:\/\/www.fabioferro.eu\/de\/wp-json\/wp\/v2\/product_brand?post=117731"},{"taxonomy":"product_cat","embeddable":true,"href":"https:\/\/www.fabioferro.eu\/de\/wp-json\/wp\/v2\/product_cat?post=117731"},{"taxonomy":"product_tag","embeddable":true,"href":"https:\/\/www.fabioferro.eu\/de\/wp-json\/wp\/v2\/product_tag?post=117731"}],"curies":[{"name":"wp","href":"https:\/\/api.w.org\/{rel}","templated":true}]}}