{"id":117733,"date":"2018-05-11T15:39:09","date_gmt":"2018-05-11T13:39:09","guid":{"rendered":"https:\/\/www.fabioferro.eu\/tamashii-original-tibetanisches-armband-mit-labradorit-grau.html"},"modified":"2024-09-18T16:42:04","modified_gmt":"2024-09-18T14:42:04","slug":"tamashii-original-tibetanisches-armband-mit-labradorit-grau","status":"publish","type":"product","link":"https:\/\/www.fabioferro.eu\/de\/tamashii-original-tibetanisches-armband-mit-labradorit-grau.html","title":{"rendered":"Tamashii Original Tibetanisches Armband mit Labradorit Grau"},"content":{"rendered":"<div class=\"description\">\n<div class=\"description\">\n<div class=\"description\">\n<div class=\"description\">\n<div class=\"description\">  Tamashii-Produkte, die mit <b>nat\u00fcrlichen Steinen\/Perlen<\/b> handgefertigt werden, k\u00f6nnen Farbt\u00f6ne aufweisen, die leicht von den Fotos abweichen. Original tibetisches Tamashii Unisex-Armband mit Labradorit.  &nbsp;  Der Labradorit verdankt seinen Namen dem Ort, an dem er entdeckt wurde, in Labrador. In der Antike glaubte man, dass dieser Stein hilft, die T\u00fcren des Geistes zu \u00f6ffnen. Aus diesem Grund ist der Tr\u00e4ger von Labradorit in der Lage, Empathie zu zeigen und Synergien mit anderen zu schaffen.  &nbsp;  Das Armband ist handpoliert mit 12 Kugeln aus Labradorit mit einem Durchmesser von 8,00 mm.  <\/p>\n<div class=\"description\">  Die Gesamtl\u00e4nge des Armbands betr\u00e4gt 24,00 cm, aber es kann auch bis zu 18,00 cm getragen werden. Ein Schmuckst\u00fcck, das den Segen der tibetischen M\u00f6nche tr\u00e4gt, ein Symbol, das es einzigartig macht. Au\u00dferdem ist jedes Tamashii-Schmuckst\u00fcck mit einer Kalebasse versehen, einem kleinen Holzelement in Form eines mit Samen gef\u00fcllten K\u00fcrbisses, genannt Kamawatchi-Kalebasse, die auf besondere Weise die Kontinuit\u00e4t des Lebens symbolisiert. Neues Produkt in Originalverpackung mit Tamashii-Echtheitsgarantie. Ich stelle eine Quittung und\/oder Rechnung aus. &nbsp;<\/p>\n<\/div>\n<\/div>\n<\/div>\n<\/div>\n<\/div>\n<\/div>\n","protected":false},"excerpt":{"rendered":"<p>Tamashii-Armband aus nat\u00fcrlichem grauem Labradorit.<\/p>\n","protected":false},"featured_media":117743,"comment_status":"open","ping_status":"closed","template":"","meta":[],"product_brand":[199],"product_cat":[6318],"product_tag":[],"class_list":{"0":"post-117733","1":"product","2":"type-product","3":"status-publish","4":"has-post-thumbnail","6":"product_brand-tamashii","7":"product_cat-tamashii","9":"first","10":"instock","11":"taxable","12":"shipping-taxable","13":"purchasable","14":"product-type-simple"},"exclude_global_add_ons":[],"addons":[],"df_price":49,"df_sale_price":"","df_regular_price":49,"df_image_link":"https:\/\/cdn02.fabioferro.eu\/wp-content\/uploads\/virtuemart\/product\/tamashii-bracciale-labradorite-naturale-BHS900-202.jpg","_links":{"self":[{"href":"https:\/\/www.fabioferro.eu\/de\/wp-json\/wp\/v2\/product\/117733","targetHints":{"allow":["GET"]}}],"collection":[{"href":"https:\/\/www.fabioferro.eu\/de\/wp-json\/wp\/v2\/product"}],"about":[{"href":"https:\/\/www.fabioferro.eu\/de\/wp-json\/wp\/v2\/types\/product"}],"replies":[{"embeddable":true,"href":"https:\/\/www.fabioferro.eu\/de\/wp-json\/wp\/v2\/comments?post=117733"}],"version-history":[{"count":0,"href":"https:\/\/www.fabioferro.eu\/de\/wp-json\/wp\/v2\/product\/117733\/revisions"}],"wp:featuredmedia":[{"embeddable":true,"href":"https:\/\/www.fabioferro.eu\/de\/wp-json\/wp\/v2\/media\/117743"}],"wp:attachment":[{"href":"https:\/\/www.fabioferro.eu\/de\/wp-json\/wp\/v2\/media?parent=117733"}],"wp:term":[{"taxonomy":"product_brand","embeddable":true,"href":"https:\/\/www.fabioferro.eu\/de\/wp-json\/wp\/v2\/product_brand?post=117733"},{"taxonomy":"product_cat","embeddable":true,"href":"https:\/\/www.fabioferro.eu\/de\/wp-json\/wp\/v2\/product_cat?post=117733"},{"taxonomy":"product_tag","embeddable":true,"href":"https:\/\/www.fabioferro.eu\/de\/wp-json\/wp\/v2\/product_tag?post=117733"}],"curies":[{"name":"wp","href":"https:\/\/api.w.org\/{rel}","templated":true}]}}