{"id":117753,"date":"2018-05-16T15:25:51","date_gmt":"2018-05-16T13:25:51","guid":{"rendered":"https:\/\/www.fabioferro.eu\/uhr-festina-herren-chrono-bike-collection-im-stahlgehaeuse-mm-43-mit-schwarzem-zifferblatt.html"},"modified":"2025-07-16T01:00:15","modified_gmt":"2025-07-15T23:00:15","slug":"uhr-festina-herren-chrono-bike-collection-im-stahlgehaeuse-mm-43-mit-schwarzem-zifferblatt","status":"publish","type":"product","link":"https:\/\/www.fabioferro.eu\/de\/uhr-festina-herren-chrono-bike-collection-im-stahlgehaeuse-mm-43-mit-schwarzem-zifferblatt.html","title":{"rendered":"Uhr Festina Herren Chrono Bike Collection im Stahlgeh\u00e4use MM. 43 mit schwarzem Zifferblatt"},"content":{"rendered":"<div class=\"description\">\n<p>Festina Herrenuhr Chrono Bike in Edelstahl Durchmesser MM. 43.<\/p>\n<p>Analoges Quarz-Chronographenwerk.<\/p>\n<p>Das Geh\u00e4use hat einen Durchmesser von 43,00 mm und eine Dicke von 13,6 mm. Feste \u00e4u\u00dfere L\u00fcnette aus poliertem schwarzem PVD-Stahl mit ger\u00e4ndelter Oberfl\u00e4che. Gesch\u00fctzte und wasserdichte ger\u00e4ndelte Krone. Pump-Chrono-Tasten.<\/p>\n<p>Verschraubter Stahlboden und wasserdicht bis 10 ATM.<\/p>\n<p>Schwarzes Zifferblatt mit zweifarbigen wei\u00df\/roten applizierten Indexen, nachleuchtende Stunden- und Minutenzeiger aus wei\u00dfem Metall. Zentraler Chronozeiger aus rotem Metall.<\/p>\n<p>Datumsfeld positioniert zwischen 4.20\/4.25.<\/p>\n<p>Satiniertes Stahlarmband mit Schmetterlingsschlie\u00dfe.<\/p>\n<p>Neue Uhr mit Geh\u00e4use und original Festina zwei Jahre Garantie.<\/p>\n<p>Ich stelle eine Quittung und\/oder Rechnung aus.<\/p>\n<div class=\"custom\">\n<p><img decoding=\"async\" class=\" size-full wp-image-17129\" src=\"https:\/\/cdn02.fabioferro.eu\/wp-content\/uploads\/testi\/descrizione-orologi.png\" alt=\"Original-Uhren\" width=\"550\" height=\"150\" title=\"\" srcset=\"https:\/\/cdn02.fabioferro.eu\/wp-content\/uploads\/testi\/descrizione-orologi.png 550w, https:\/\/cdn02.fabioferro.eu\/wp-content\/uploads\/testi\/descrizione-orologi-150x41.png 150w, https:\/\/cdn02.fabioferro.eu\/wp-content\/uploads\/testi\/descrizione-orologi-441x120.png 441w\" sizes=\"(max-width: 550px) 100vw, 550px\" \/><\/p>\n<\/div>\n<\/div>\n","protected":false},"excerpt":{"rendered":"<p>Herrenuhr Festina Modell Chrono Bike in Stahl mm. 43 mit schwarzem Zifferblatt.<\/p>\n","protected":false},"featured_media":117763,"comment_status":"open","ping_status":"closed","template":"","meta":[],"product_brand":[171],"product_cat":[5998],"product_tag":[7442],"class_list":{"0":"post-117753","1":"product","2":"type-product","3":"status-publish","4":"has-post-thumbnail","6":"product_brand-festina","7":"product_cat-festina-herrenuhren","8":"product_tag-verfugbar","10":"first","11":"outofstock","12":"sale","13":"taxable","14":"shipping-taxable","15":"purchasable","16":"product-type-simple"},"exclude_global_add_ons":[],"addons":[],"df_price":159.2,"df_sale_price":159.2,"df_regular_price":199,"df_image_link":"https:\/\/cdn02.fabioferro.eu\/wp-content\/uploads\/virtuemart\/product\/orologio-festina-uomo-chrono-bike-acciaio-quadrante-nero-F20352-4.jpg","_links":{"self":[{"href":"https:\/\/www.fabioferro.eu\/de\/wp-json\/wp\/v2\/product\/117753","targetHints":{"allow":["GET"]}}],"collection":[{"href":"https:\/\/www.fabioferro.eu\/de\/wp-json\/wp\/v2\/product"}],"about":[{"href":"https:\/\/www.fabioferro.eu\/de\/wp-json\/wp\/v2\/types\/product"}],"replies":[{"embeddable":true,"href":"https:\/\/www.fabioferro.eu\/de\/wp-json\/wp\/v2\/comments?post=117753"}],"version-history":[{"count":0,"href":"https:\/\/www.fabioferro.eu\/de\/wp-json\/wp\/v2\/product\/117753\/revisions"}],"wp:featuredmedia":[{"embeddable":true,"href":"https:\/\/www.fabioferro.eu\/de\/wp-json\/wp\/v2\/media\/117763"}],"wp:attachment":[{"href":"https:\/\/www.fabioferro.eu\/de\/wp-json\/wp\/v2\/media?parent=117753"}],"wp:term":[{"taxonomy":"product_brand","embeddable":true,"href":"https:\/\/www.fabioferro.eu\/de\/wp-json\/wp\/v2\/product_brand?post=117753"},{"taxonomy":"product_cat","embeddable":true,"href":"https:\/\/www.fabioferro.eu\/de\/wp-json\/wp\/v2\/product_cat?post=117753"},{"taxonomy":"product_tag","embeddable":true,"href":"https:\/\/www.fabioferro.eu\/de\/wp-json\/wp\/v2\/product_tag?post=117753"}],"curies":[{"name":"wp","href":"https:\/\/api.w.org\/{rel}","templated":true}]}}