{"id":117754,"date":"2018-05-17T16:39:15","date_gmt":"2018-05-17T14:39:15","guid":{"rendered":"https:\/\/www.fabioferro.eu\/festina-herrenuhr-chrono-modell-in-stahl-mm-43-mit-elektro-blauem-zifferblatt.html"},"modified":"2018-05-17T16:39:15","modified_gmt":"2018-05-17T14:39:15","slug":"festina-herrenuhr-chrono-modell-in-stahl-mm-43-mit-elektro-blauem-zifferblatt","status":"publish","type":"product","link":"https:\/\/www.fabioferro.eu\/de\/festina-herrenuhr-chrono-modell-in-stahl-mm-43-mit-elektro-blauem-zifferblatt.html","title":{"rendered":"Festina Herrenuhr Chrono Modell in Stahl MM. 43 mit elektro-blauem Zifferblatt"},"content":{"rendered":"<div class=\"description\">\n<p>Festina Herrenuhr Chrono Sport Modell in Edelstahl.<\/p>\n<p>Analoges Quarzwerk.<\/p>\n<p>Geh\u00e4use aus poliertem Edelstahl, Durchmesser 43,00 mm, Dicke 11,70 mm. Wasserdichte Krone aus ger\u00e4ndeltem Stahl. Pump-Chrono-Tasten. Geh\u00e4useboden aus Stahl, druckfest verschlossen und wasserdicht bis 5 ATM.<\/p>\n<p>Geh\u00e4rtetes Mineralglas.<\/p>\n<p>Elektrisch blaues Zifferblatt mit Stunden- und Minutenzeigern aus Metall mit nachleuchtenden Spitzen. Zentraler Chrono-Sekundenzeiger aus poliertem Metall. Angewandte Markierungen aus poliertem Metall mit nachleuchtendem Mittelteil. Datumsfeld auf 3 Uhr.<\/p>\n<p>Satiniertes\/poliertes Stahlarmband mit Faltschlie\u00dfe und zwei Druckkn\u00f6pfen mit Festina-Logo.<\/p>\n<p>Neue Uhr mit Box und original Festina 2 Jahre Garantie.<\/p>\n<p>Ich stelle eine Quittung und\/oder Rechnung aus.<\/p>\n<p>&nbsp;<\/p>\n<p>&nbsp;<\/p>\n<\/div>\n","protected":false},"excerpt":{"rendered":"<p>Festina Herrenuhr Chrono Sport Modell in Stahl mm. 43 mit blauem Zifferblatt<\/p>\n","protected":false},"featured_media":117762,"comment_status":"open","ping_status":"closed","template":"","meta":[],"product_brand":[171],"product_cat":[5998],"product_tag":[7442],"class_list":{"0":"post-117754","1":"product","2":"type-product","3":"status-publish","4":"has-post-thumbnail","6":"product_brand-festina","7":"product_cat-festina-herrenuhren","8":"product_tag-verfugbar","10":"first","11":"instock","12":"sale","13":"taxable","14":"shipping-taxable","15":"purchasable","16":"product-type-simple"},"exclude_global_add_ons":[],"addons":[],"df_price":119.2,"df_sale_price":119.2,"df_regular_price":149,"df_image_link":"https:\/\/cdn02.fabioferro.eu\/wp-content\/uploads\/virtuemart\/product\/orologio-festina-uomo-chrono-blu-elettrico-F16759-3.jpgbis.jpg","_links":{"self":[{"href":"https:\/\/www.fabioferro.eu\/de\/wp-json\/wp\/v2\/product\/117754","targetHints":{"allow":["GET"]}}],"collection":[{"href":"https:\/\/www.fabioferro.eu\/de\/wp-json\/wp\/v2\/product"}],"about":[{"href":"https:\/\/www.fabioferro.eu\/de\/wp-json\/wp\/v2\/types\/product"}],"replies":[{"embeddable":true,"href":"https:\/\/www.fabioferro.eu\/de\/wp-json\/wp\/v2\/comments?post=117754"}],"version-history":[{"count":0,"href":"https:\/\/www.fabioferro.eu\/de\/wp-json\/wp\/v2\/product\/117754\/revisions"}],"wp:featuredmedia":[{"embeddable":true,"href":"https:\/\/www.fabioferro.eu\/de\/wp-json\/wp\/v2\/media\/117762"}],"wp:attachment":[{"href":"https:\/\/www.fabioferro.eu\/de\/wp-json\/wp\/v2\/media?parent=117754"}],"wp:term":[{"taxonomy":"product_brand","embeddable":true,"href":"https:\/\/www.fabioferro.eu\/de\/wp-json\/wp\/v2\/product_brand?post=117754"},{"taxonomy":"product_cat","embeddable":true,"href":"https:\/\/www.fabioferro.eu\/de\/wp-json\/wp\/v2\/product_cat?post=117754"},{"taxonomy":"product_tag","embeddable":true,"href":"https:\/\/www.fabioferro.eu\/de\/wp-json\/wp\/v2\/product_tag?post=117754"}],"curies":[{"name":"wp","href":"https:\/\/api.w.org\/{rel}","templated":true}]}}