{"id":117764,"date":"2018-05-16T17:27:18","date_gmt":"2018-05-16T15:27:18","guid":{"rendered":"https:\/\/www.fabioferro.eu\/damenuhr-festina-new-model-mademoiselle-in-stahlgehaeuse-mm-32-und-zifferblatt-mit-swarovski-kristallen.html"},"modified":"2025-06-06T16:16:03","modified_gmt":"2025-06-06T14:16:03","slug":"damenuhr-festina-new-model-mademoiselle-in-stahlgehaeuse-mm-32-und-zifferblatt-mit-swarovski-kristallen","status":"publish","type":"product","link":"https:\/\/www.fabioferro.eu\/de\/damenuhr-festina-new-model-mademoiselle-in-stahlgehaeuse-mm-32-und-zifferblatt-mit-swarovski-kristallen.html","title":{"rendered":"Damenuhr Festina New Model Mademoiselle in Stahlgeh\u00e4use MM. 32 und Zifferblatt mit Swarovski-Kristallen"},"content":{"rendered":"<div class=\"description\">\n<p>Festina Damenuhr der neuen Mademoiselle Kollektion aus Edelstahl mit Swarovski-Kristallen und Milanaisearmband.<\/p>\n<p>Analoges Quarzwerk mit reiner Zeitmessung.<\/p>\n<p>Das runde, polierte Stahlgeh\u00e4use hat einen Durchmesser von 32,00 mm und eine Dicke von 8,30 mm. Geh\u00e4useboden aus Stahl, druckfest verschlossen und wasserdicht bis 5 ATM. Wasserdichte Krone aus ger\u00e4ndeltem Stahl mit einem Kristall verziert.<\/p>\n<p>Geh\u00e4rtetes Mineralglas.<\/p>\n<p>Das Zifferblatt ist mit einem wahren Schauer funkelnder Swarovski-Kristalle geschm\u00fcckt. Stunden- und Minutenzeiger aus poliertem Metall.<\/p>\n<p>Elegantes und raffiniertes Edelstahlarmband aus Milano-Mesh. Druckknopf, mit dem das Band in der gew\u00fcnschten Breite durchgeschoben und arretiert werden kann.<\/p>\n<p>Neue Uhr mit elegantem Geh\u00e4use und original Festina Zweijahresgarantie.<\/p>\n<p>&nbsp;<\/p>\n<p>&nbsp;<\/p>\n<div class=\"custom\">\n<p>&nbsp;<\/p>\n<\/div>\n<\/div>\n","protected":false},"excerpt":{"rendered":"<p>Festina Damenuhr der neuen Mademoiselle-Kollektion mit Swarovski-Kristallen und Milaneseband.<\/p>\n","protected":false},"featured_media":117782,"comment_status":"open","ping_status":"closed","template":"","meta":[],"product_brand":[171],"product_cat":[5976],"product_tag":[7442],"class_list":{"0":"post-117764","1":"product","2":"type-product","3":"status-publish","4":"has-post-thumbnail","6":"product_brand-festina","7":"product_cat-festina-damenuhren","8":"product_tag-verfugbar","10":"first","11":"outofstock","12":"sale","13":"taxable","14":"shipping-taxable","15":"purchasable","16":"product-type-simple"},"exclude_global_add_ons":[],"addons":[],"df_price":103.2,"df_sale_price":103.2,"df_regular_price":129,"df_image_link":"https:\/\/cdn02.fabioferro.eu\/wp-content\/uploads\/virtuemart\/product\/orologio-festina-donna-swarovki-F2033-1.jpg","_links":{"self":[{"href":"https:\/\/www.fabioferro.eu\/de\/wp-json\/wp\/v2\/product\/117764","targetHints":{"allow":["GET"]}}],"collection":[{"href":"https:\/\/www.fabioferro.eu\/de\/wp-json\/wp\/v2\/product"}],"about":[{"href":"https:\/\/www.fabioferro.eu\/de\/wp-json\/wp\/v2\/types\/product"}],"replies":[{"embeddable":true,"href":"https:\/\/www.fabioferro.eu\/de\/wp-json\/wp\/v2\/comments?post=117764"}],"version-history":[{"count":0,"href":"https:\/\/www.fabioferro.eu\/de\/wp-json\/wp\/v2\/product\/117764\/revisions"}],"wp:featuredmedia":[{"embeddable":true,"href":"https:\/\/www.fabioferro.eu\/de\/wp-json\/wp\/v2\/media\/117782"}],"wp:attachment":[{"href":"https:\/\/www.fabioferro.eu\/de\/wp-json\/wp\/v2\/media?parent=117764"}],"wp:term":[{"taxonomy":"product_brand","embeddable":true,"href":"https:\/\/www.fabioferro.eu\/de\/wp-json\/wp\/v2\/product_brand?post=117764"},{"taxonomy":"product_cat","embeddable":true,"href":"https:\/\/www.fabioferro.eu\/de\/wp-json\/wp\/v2\/product_cat?post=117764"},{"taxonomy":"product_tag","embeddable":true,"href":"https:\/\/www.fabioferro.eu\/de\/wp-json\/wp\/v2\/product_tag?post=117764"}],"curies":[{"name":"wp","href":"https:\/\/api.w.org\/{rel}","templated":true}]}}