{"id":117780,"date":"2018-04-07T15:17:21","date_gmt":"2018-04-07T13:17:21","guid":{"rendered":"https:\/\/www.fabioferro.eu\/paar-ottaviani-kristall-kerzenleuchter-mit-strasssteinen-hoehe-cm-18.html"},"modified":"2018-04-07T15:17:21","modified_gmt":"2018-04-07T13:17:21","slug":"paar-ottaviani-kristall-kerzenleuchter-mit-strasssteinen-hoehe-cm-18","status":"publish","type":"product","link":"https:\/\/www.fabioferro.eu\/de\/paar-ottaviani-kristall-kerzenleuchter-mit-strasssteinen-hoehe-cm-18.html","title":{"rendered":"Paar Ottaviani Kristall-Kerzenleuchter mit Strasssteinen H\u00f6he CM. 18"},"content":{"rendered":"<p>Paar Tischkerzenhalter aus Ottaviani-Kristall mit wei\u00dfen Strasssteinen.<\/p>\n<p>Moderne Linie mit einem langen Stiel, der innen mit vielen kleinen wei\u00dfen Strasssteinen verziert ist, perfekt f\u00fcr Hochzeitsgeschenke.<\/p>\n<p>H\u00f6he des Kristall-Kerzenst\u00e4nders cm. 18.00 mit rundem Sockel und konischem Kerzenhalter, auch mit Paar wei\u00dfen Kerzen geliefert cm.18.00 hoch<\/p>\n<p>Neues Produkt mit eleganter wei\u00dfer Schachtel mit \u2018Ottaviani\u2019-Logo, Einkaufstasche und original Ottaviani-Garantie.<\/p>\n<p>Ich stelle eine Quittung und\/oder Rechnung aus.<\/p>\n<p>\u00a0<\/p>\n","protected":false},"excerpt":{"rendered":"<p>Paar Tischkerzenhalter aus Ottaviani-Kristall mit Strasssteinen.<\/p>\n","protected":false},"featured_media":117791,"comment_status":"open","ping_status":"closed","template":"","meta":[],"product_brand":[169],"product_cat":[6213],"product_tag":[],"class_list":{"0":"post-117780","1":"product","2":"type-product","3":"status-publish","4":"has-post-thumbnail","6":"product_brand-ottaviani","7":"product_cat-begunstigungen","9":"first","10":"outofstock","11":"taxable","12":"shipping-taxable","13":"purchasable","14":"product-type-simple"},"exclude_global_add_ons":[],"addons":[],"df_price":68,"df_sale_price":"","df_regular_price":68,"df_image_link":"https:\/\/cdn02.fabioferro.eu\/wp-content\/uploads\/virtuemart\/product\/candeliere-ottaviani-stelo-in-strass-80871.jpg","_links":{"self":[{"href":"https:\/\/www.fabioferro.eu\/de\/wp-json\/wp\/v2\/product\/117780","targetHints":{"allow":["GET"]}}],"collection":[{"href":"https:\/\/www.fabioferro.eu\/de\/wp-json\/wp\/v2\/product"}],"about":[{"href":"https:\/\/www.fabioferro.eu\/de\/wp-json\/wp\/v2\/types\/product"}],"replies":[{"embeddable":true,"href":"https:\/\/www.fabioferro.eu\/de\/wp-json\/wp\/v2\/comments?post=117780"}],"version-history":[{"count":0,"href":"https:\/\/www.fabioferro.eu\/de\/wp-json\/wp\/v2\/product\/117780\/revisions"}],"wp:featuredmedia":[{"embeddable":true,"href":"https:\/\/www.fabioferro.eu\/de\/wp-json\/wp\/v2\/media\/117791"}],"wp:attachment":[{"href":"https:\/\/www.fabioferro.eu\/de\/wp-json\/wp\/v2\/media?parent=117780"}],"wp:term":[{"taxonomy":"product_brand","embeddable":true,"href":"https:\/\/www.fabioferro.eu\/de\/wp-json\/wp\/v2\/product_brand?post=117780"},{"taxonomy":"product_cat","embeddable":true,"href":"https:\/\/www.fabioferro.eu\/de\/wp-json\/wp\/v2\/product_cat?post=117780"},{"taxonomy":"product_tag","embeddable":true,"href":"https:\/\/www.fabioferro.eu\/de\/wp-json\/wp\/v2\/product_tag?post=117780"}],"curies":[{"name":"wp","href":"https:\/\/api.w.org\/{rel}","templated":true}]}}