{"id":117784,"date":"2018-05-16T14:37:26","date_gmt":"2018-05-16T12:37:26","guid":{"rendered":"https:\/\/www.fabioferro.eu\/festina-herren-chrono-bike-uhr-in-stahl-mm-43-schwarzes-zifferblatt-und-hellblaues-kautschukarmband.html"},"modified":"2018-05-16T14:37:26","modified_gmt":"2018-05-16T12:37:26","slug":"festina-herren-chrono-bike-uhr-in-stahl-mm-43-schwarzes-zifferblatt-und-hellblaues-kautschukarmband","status":"publish","type":"product","link":"https:\/\/www.fabioferro.eu\/de\/festina-herren-chrono-bike-uhr-in-stahl-mm-43-schwarzes-zifferblatt-und-hellblaues-kautschukarmband.html","title":{"rendered":"Festina Herren Chrono Bike Uhr in Stahl MM. 43 Schwarzes Zifferblatt und hellblaues Kautschukarmband"},"content":{"rendered":"<p>Festina Herrenuhr New Collection Chrono Bike in Edelstahl MM. 43 mit Kautschukband.<\/p>\n<p>Analoges Quarz-Chronographenwerk.<\/p>\n<p>Das Geh\u00e4use hat einen Durchmesser von 43,00 mm und eine Dicke von 13,6 mm. Feste Au\u00dfenl\u00fcnette aus schwarzem PVD-Stahl. Wasserdicht gesch\u00fctzte, ger\u00e4ndelte Krone. Pump-Chrono-Tasten.<\/p>\n<p>Verschraubter Stahlboden, wasserdicht bis 10 ATM.<\/p>\n<p>Schwarzes Zifferblatt mit zweifarbigen wei\u00df\/blauen applizierten Indexen, wei\u00df\/blauen Metallzeigern f\u00fcr Stunden und Minuten. Zentraler Chronozeiger aus blauem Metall.<\/p>\n<p>Datumsfeld positioniert zwischen 4.20\/4.25.<\/p>\n<p>Hellblaues, perforiertes Kautschukband mit Dornschlie\u00dfe mit Festina-Logo. Gurtbreite mm. 22. Die Uhr kann bis zu einer Gr\u00f6\u00dfe von 23,00 cm getragen werden.<\/p>\n<p>Neue Uhr mit Geh\u00e4use und original Festina zwei Jahre Garantie.<\/p>\n<p>Ich stelle eine Quittung und\/oder Rechnung aus.<\/p>\n<p>&nbsp;<\/p>\n<div class=\"custom\">\n<p><img decoding=\"async\" class=\" size-full wp-image-17129\" src=\"https:\/\/cdn02.fabioferro.eu\/wp-content\/uploads\/testi\/descrizione-orologi.png\" alt=\"Original-Uhren\" width=\"550\" height=\"150\" title=\"\" srcset=\"https:\/\/cdn02.fabioferro.eu\/wp-content\/uploads\/testi\/descrizione-orologi.png 550w, https:\/\/cdn02.fabioferro.eu\/wp-content\/uploads\/testi\/descrizione-orologi-150x41.png 150w, https:\/\/cdn02.fabioferro.eu\/wp-content\/uploads\/testi\/descrizione-orologi-441x120.png 441w\" sizes=\"(max-width: 550px) 100vw, 550px\" \/><\/p>\n<\/div>\n","protected":false},"excerpt":{"rendered":"<p>Festina Herrenuhr der neuen Kollektion Chrono Bike aus Stahl mit blauem Kautschukband<\/p>\n","protected":false},"featured_media":117794,"comment_status":"open","ping_status":"closed","template":"","meta":[],"product_brand":[171],"product_cat":[5998],"product_tag":[],"class_list":{"0":"post-117784","1":"product","2":"type-product","3":"status-publish","4":"has-post-thumbnail","6":"product_brand-festina","7":"product_cat-festina-herrenuhren","9":"first","10":"outofstock","11":"sale","12":"taxable","13":"shipping-taxable","14":"purchasable","15":"product-type-simple"},"exclude_global_add_ons":[],"addons":[],"df_price":151.2,"df_sale_price":151.2,"df_regular_price":189,"df_image_link":"https:\/\/cdn02.fabioferro.eu\/wp-content\/uploads\/virtuemart\/product\/orologio-festina-uomo-chrono-cinturino-gomma-blu-F20353-7.jpg","_links":{"self":[{"href":"https:\/\/www.fabioferro.eu\/de\/wp-json\/wp\/v2\/product\/117784","targetHints":{"allow":["GET"]}}],"collection":[{"href":"https:\/\/www.fabioferro.eu\/de\/wp-json\/wp\/v2\/product"}],"about":[{"href":"https:\/\/www.fabioferro.eu\/de\/wp-json\/wp\/v2\/types\/product"}],"replies":[{"embeddable":true,"href":"https:\/\/www.fabioferro.eu\/de\/wp-json\/wp\/v2\/comments?post=117784"}],"version-history":[{"count":0,"href":"https:\/\/www.fabioferro.eu\/de\/wp-json\/wp\/v2\/product\/117784\/revisions"}],"wp:featuredmedia":[{"embeddable":true,"href":"https:\/\/www.fabioferro.eu\/de\/wp-json\/wp\/v2\/media\/117794"}],"wp:attachment":[{"href":"https:\/\/www.fabioferro.eu\/de\/wp-json\/wp\/v2\/media?parent=117784"}],"wp:term":[{"taxonomy":"product_brand","embeddable":true,"href":"https:\/\/www.fabioferro.eu\/de\/wp-json\/wp\/v2\/product_brand?post=117784"},{"taxonomy":"product_cat","embeddable":true,"href":"https:\/\/www.fabioferro.eu\/de\/wp-json\/wp\/v2\/product_cat?post=117784"},{"taxonomy":"product_tag","embeddable":true,"href":"https:\/\/www.fabioferro.eu\/de\/wp-json\/wp\/v2\/product_tag?post=117784"}],"curies":[{"name":"wp","href":"https:\/\/api.w.org\/{rel}","templated":true}]}}