{"id":117785,"date":"2018-05-09T16:43:24","date_gmt":"2018-05-09T14:43:24","guid":{"rendered":"https:\/\/www.fabioferro.eu\/tamashii-original-tibetanisches-armband-mit-zebra-jaspis.html"},"modified":"2024-02-08T12:46:26","modified_gmt":"2024-02-08T11:46:26","slug":"tamashii-original-tibetanisches-armband-mit-zebra-jaspis","status":"publish","type":"product","link":"https:\/\/www.fabioferro.eu\/de\/tamashii-original-tibetanisches-armband-mit-zebra-jaspis.html","title":{"rendered":"Tamashii Original Tibetanisches Armband mit Zebra-Jaspis"},"content":{"rendered":"<div class=\"description\">\n<div class=\"description\">\n<div class=\"description\">\n<p> Tamashii-Produkte, die mit nat\u00fcrlichen Steinen\/Perlen handgefertigt werden, k\u00f6nnen Farbt\u00f6ne aufweisen, die leicht von den Fotos abweichen.<\/p>\n<p>Original tibetisches Tamashii-Armband mit Zebra-Jaspis.<\/p>\n<p>Die alten Indianer schrieben, dass der Jaspisstein in Vers\u00f6hnungsriten geopfert wurde und dass er den Menschen auf seinem Weg des pers\u00f6nlichen Wachstums sch\u00fctzen und begleiten sollte. Die Bedeutung ist bis heute dieselbe geblieben: Sie sch\u00fctzt den Tr\u00e4ger in den Herausforderungen des Lebens und hilft ihm, seine Ziele mit Vitalit\u00e4t, Gelassenheit und Aufrichtigkeit zu erreichen.<\/p>\n<p>&nbsp;<\/p>\n<div class=\"description\">\n<p>Das Armband ist handgekn\u00fcpft und besteht aus 12 Kugeln aus nat\u00fcrlichem Jaspis in Gr\u00fcnt\u00f6nen mit einem Durchmesser von 8,00 mm.<\/p>\n<p>Die Gesamtl\u00e4nge des Armbands betr\u00e4gt 24,00 cm, es kann aber auch bis zu 18,00 cm getragen werden.<\/p>\n<p>Jedes Tamashii-Armband enth\u00e4lt die Kalebasse, ein kleines Holzelement in Form eines mit Samen gef\u00fcllten K\u00fcrbisses, genannt Kamawatchi Calabash, das die Kontinuit\u00e4t des Lebens auf besondere Weise darstellt.<\/p>\n<p>Das Schmuckst\u00fcck wird mit seiner Originalverpackung und Tamashii-Echtheitsgarantie geliefert.<\/p>\n<p>Ich stelle eine Quittung und\/oder Rechnung aus.<\/p>\n<\/div>\n<\/div>\n<\/div>\n<\/div>\n","protected":false},"excerpt":{"rendered":"<p>Tamashii tibetanisches Armband mit Zebra-Jaspis.<\/p>\n","protected":false},"featured_media":117797,"comment_status":"open","ping_status":"closed","template":"","meta":[],"product_brand":[199],"product_cat":[6318],"product_tag":[7442],"class_list":{"0":"post-117785","1":"product","2":"type-product","3":"status-publish","4":"has-post-thumbnail","6":"product_brand-tamashii","7":"product_cat-tamashii","8":"product_tag-verfugbar","10":"first","11":"instock","12":"taxable","13":"shipping-taxable","14":"purchasable","15":"product-type-simple"},"exclude_global_add_ons":[],"addons":[],"df_price":42,"df_sale_price":"","df_regular_price":42,"df_image_link":"https:\/\/cdn02.fabioferro.eu\/wp-content\/uploads\/virtuemart\/product\/BHS900-104-BRACCIALE-TAMASHII-DIASPRO-ZEBRATO.jpg","_links":{"self":[{"href":"https:\/\/www.fabioferro.eu\/de\/wp-json\/wp\/v2\/product\/117785","targetHints":{"allow":["GET"]}}],"collection":[{"href":"https:\/\/www.fabioferro.eu\/de\/wp-json\/wp\/v2\/product"}],"about":[{"href":"https:\/\/www.fabioferro.eu\/de\/wp-json\/wp\/v2\/types\/product"}],"replies":[{"embeddable":true,"href":"https:\/\/www.fabioferro.eu\/de\/wp-json\/wp\/v2\/comments?post=117785"}],"version-history":[{"count":0,"href":"https:\/\/www.fabioferro.eu\/de\/wp-json\/wp\/v2\/product\/117785\/revisions"}],"wp:featuredmedia":[{"embeddable":true,"href":"https:\/\/www.fabioferro.eu\/de\/wp-json\/wp\/v2\/media\/117797"}],"wp:attachment":[{"href":"https:\/\/www.fabioferro.eu\/de\/wp-json\/wp\/v2\/media?parent=117785"}],"wp:term":[{"taxonomy":"product_brand","embeddable":true,"href":"https:\/\/www.fabioferro.eu\/de\/wp-json\/wp\/v2\/product_brand?post=117785"},{"taxonomy":"product_cat","embeddable":true,"href":"https:\/\/www.fabioferro.eu\/de\/wp-json\/wp\/v2\/product_cat?post=117785"},{"taxonomy":"product_tag","embeddable":true,"href":"https:\/\/www.fabioferro.eu\/de\/wp-json\/wp\/v2\/product_tag?post=117785"}],"curies":[{"name":"wp","href":"https:\/\/api.w.org\/{rel}","templated":true}]}}