{"id":117799,"date":"2018-05-10T17:12:43","date_gmt":"2018-05-10T15:12:43","guid":{"rendered":"https:\/\/www.fabioferro.eu\/tamashii-original-tibetisches-armband-mit-gestreiftem-moosachat.html"},"modified":"2025-06-06T16:22:45","modified_gmt":"2025-06-06T14:22:45","slug":"tamashii-original-tibetisches-armband-mit-gestreiftem-moosachat","status":"publish","type":"product","link":"https:\/\/www.fabioferro.eu\/de\/tamashii-original-tibetisches-armband-mit-gestreiftem-moosachat.html","title":{"rendered":"Tamashii Original Tibetisches Armband mit gestreiftem Moosachat"},"content":{"rendered":"<p>Tamashii Produkte, die mit <b>nat\u00fcrlichen Steinen\/Perlen<\/b> handgefertigt werden, k\u00f6nnen Farbt\u00f6ne aufweisen, die leicht von den Fotos abweichen. Tamashii Armband mit gestreiften Moosachat Steinen.  &nbsp;  Ein faszinierender gelbgr\u00fcner bis dunkelgr\u00fcner Naturstein, der auf den Buddha Amoghasiddhi zur\u00fcckgef\u00fchrt wird, der nach Erfolg, Reichtum und Macht strebte. Dieses Tamashii-Armband verwandelt Stolz in Weisheit der Identit\u00e4t.  &nbsp;  Das Armband wurde von Hand aus 12 Steinen aus gestreiftem Moosachat mit einem Durchmesser von 8,00 mm gefertigt und gefasst. Die L\u00e4nge des Armbands betr\u00e4gt 24,00 cm, kann aber bis zu 18,00 cm getragen werden. Jedes Tamashii-Armband enth\u00e4lt die Kalebasse, ein kleines Holzelement in Form eines mit Samen gef\u00fcllten K\u00fcrbisses, genannt Kamawatchi Calabash, das auf besondere Weise die Kontinuit\u00e4t des Lebens symbolisiert. Das Schmuckst\u00fcck wird mit der Originalverpackung und der Tamashii-Echtheitsgarantie geliefert. Ich stelle eine Quittung und\/oder Rechnung aus. &nbsp;<\/p>\n<p>&nbsp;<\/p>\n","protected":false},"excerpt":{"rendered":"<p>Tamashi tibetisches Armband mit gestreiftem Moosachat.<\/p>\n","protected":false},"featured_media":117809,"comment_status":"open","ping_status":"closed","template":"","meta":[],"product_brand":[199],"product_cat":[6318],"product_tag":[7442],"class_list":{"0":"post-117799","1":"product","2":"type-product","3":"status-publish","4":"has-post-thumbnail","6":"product_brand-tamashii","7":"product_cat-tamashii","8":"product_tag-verfugbar","10":"first","11":"instock","12":"taxable","13":"shipping-taxable","14":"purchasable","15":"product-type-simple"},"exclude_global_add_ons":[],"addons":[],"df_price":42,"df_sale_price":"","df_regular_price":42,"df_image_link":"https:\/\/cdn02.fabioferro.eu\/wp-content\/uploads\/virtuemart\/product\/tamashii-bracciale-BHS900-162.jpg","_links":{"self":[{"href":"https:\/\/www.fabioferro.eu\/de\/wp-json\/wp\/v2\/product\/117799","targetHints":{"allow":["GET"]}}],"collection":[{"href":"https:\/\/www.fabioferro.eu\/de\/wp-json\/wp\/v2\/product"}],"about":[{"href":"https:\/\/www.fabioferro.eu\/de\/wp-json\/wp\/v2\/types\/product"}],"replies":[{"embeddable":true,"href":"https:\/\/www.fabioferro.eu\/de\/wp-json\/wp\/v2\/comments?post=117799"}],"version-history":[{"count":0,"href":"https:\/\/www.fabioferro.eu\/de\/wp-json\/wp\/v2\/product\/117799\/revisions"}],"wp:featuredmedia":[{"embeddable":true,"href":"https:\/\/www.fabioferro.eu\/de\/wp-json\/wp\/v2\/media\/117809"}],"wp:attachment":[{"href":"https:\/\/www.fabioferro.eu\/de\/wp-json\/wp\/v2\/media?parent=117799"}],"wp:term":[{"taxonomy":"product_brand","embeddable":true,"href":"https:\/\/www.fabioferro.eu\/de\/wp-json\/wp\/v2\/product_brand?post=117799"},{"taxonomy":"product_cat","embeddable":true,"href":"https:\/\/www.fabioferro.eu\/de\/wp-json\/wp\/v2\/product_cat?post=117799"},{"taxonomy":"product_tag","embeddable":true,"href":"https:\/\/www.fabioferro.eu\/de\/wp-json\/wp\/v2\/product_tag?post=117799"}],"curies":[{"name":"wp","href":"https:\/\/api.w.org\/{rel}","templated":true}]}}