{"id":117811,"date":"2018-02-16T17:37:36","date_gmt":"2018-02-16T16:37:36","guid":{"rendered":"https:\/\/www.fabioferro.eu\/original-tibetisches-tamashii-armband-mit-feuerrotem-achat.html"},"modified":"2025-07-04T16:49:06","modified_gmt":"2025-07-04T14:49:06","slug":"original-tibetisches-tamashii-armband-mit-feuerrotem-achat","status":"publish","type":"product","link":"https:\/\/www.fabioferro.eu\/de\/original-tibetisches-tamashii-armband-mit-feuerrotem-achat.html","title":{"rendered":"Original tibetisches Tamashii-Armband mit feuerrotem Achat"},"content":{"rendered":"<div class=\"description\">\n<div class=\"description\">\n<div class=\"description\">\n<p> Tamashii-Produkte, die mit nat\u00fcrlichen Steinen\/Perlen handgefertigt werden, k\u00f6nnen Farbt\u00f6ne aufweisen, die leicht von den Fotos abweichen. Original Unisex tibetisches Tamashii Armband mit feuerrotem Achat.<\/p>\n<p>Von allen Rott\u00f6nen ist dies derjenige, der dem Feuer, d. h. der Kraft und dem Mut, am n\u00e4chsten steht.<br \/>\nDiese Farbe darf im Buddhismus nur von den h\u00f6chsten Priestern verwendet werden, da das feurige Rot gez\u00e4hmt und kontrolliert werden muss, da es sonst gef\u00e4hrlich werden k\u00f6nnte.<br \/>\nDieses Tamashii hilft dem Tr\u00e4ger, die schwierigsten und un\u00fcberwindlichsten Hindernisse zu \u00fcberwinden, es gibt Schwung und Mut.<\/p>\n<p>\u00a0<\/p>\n<div class=\"description\">\n<p>Das Armband ist mit 12 Kugeln aus feuerrotem Achat mit einem Durchmesser von 8,00 mm besetzt und handgekn\u00fcpft.<\/p>\n<p>Die Gesamtl\u00e4nge des Armbands betr\u00e4gt 24,00 cm, es kann aber auch bis zu 18,00 cm getragen werden. Praktischer Metallknopf-Verschluss.<\/p>\n<p>Ein einzigartiges Schmuckst\u00fcck, denn es wird vollst\u00e4ndig von den geschickten H\u00e4nden tibetischer M\u00f6nche hergestellt und am Ende des Prozesses einzeln gesegnet.<\/p>\n<p>Neues Produkt in Originalverpackung mit Tamashii-Echtheitsgarantie.<\/p>\n<p>\u00a0<\/p>\n<\/div>\n<\/div>\n<\/div>\n<\/div>\n","protected":false},"excerpt":{"rendered":"<p>Tibetisches Tamashii-Armband mit feuerrotem Achat.<\/p>\n","protected":false},"featured_media":117814,"comment_status":"open","ping_status":"closed","template":"","meta":[],"product_brand":[199],"product_cat":[6318],"product_tag":[7442],"class_list":{"0":"post-117811","1":"product","2":"type-product","3":"status-publish","4":"has-post-thumbnail","6":"product_brand-tamashii","7":"product_cat-tamashii","8":"product_tag-verfugbar","10":"first","11":"instock","12":"taxable","13":"shipping-taxable","14":"purchasable","15":"product-type-simple"},"exclude_global_add_ons":[],"addons":[],"df_price":42,"df_sale_price":"","df_regular_price":42,"df_image_link":"https:\/\/cdn02.fabioferro.eu\/wp-content\/uploads\/virtuemart\/product\/BHS900-55AgataFuoco.jpg","_links":{"self":[{"href":"https:\/\/www.fabioferro.eu\/de\/wp-json\/wp\/v2\/product\/117811","targetHints":{"allow":["GET"]}}],"collection":[{"href":"https:\/\/www.fabioferro.eu\/de\/wp-json\/wp\/v2\/product"}],"about":[{"href":"https:\/\/www.fabioferro.eu\/de\/wp-json\/wp\/v2\/types\/product"}],"replies":[{"embeddable":true,"href":"https:\/\/www.fabioferro.eu\/de\/wp-json\/wp\/v2\/comments?post=117811"}],"version-history":[{"count":0,"href":"https:\/\/www.fabioferro.eu\/de\/wp-json\/wp\/v2\/product\/117811\/revisions"}],"wp:featuredmedia":[{"embeddable":true,"href":"https:\/\/www.fabioferro.eu\/de\/wp-json\/wp\/v2\/media\/117814"}],"wp:attachment":[{"href":"https:\/\/www.fabioferro.eu\/de\/wp-json\/wp\/v2\/media?parent=117811"}],"wp:term":[{"taxonomy":"product_brand","embeddable":true,"href":"https:\/\/www.fabioferro.eu\/de\/wp-json\/wp\/v2\/product_brand?post=117811"},{"taxonomy":"product_cat","embeddable":true,"href":"https:\/\/www.fabioferro.eu\/de\/wp-json\/wp\/v2\/product_cat?post=117811"},{"taxonomy":"product_tag","embeddable":true,"href":"https:\/\/www.fabioferro.eu\/de\/wp-json\/wp\/v2\/product_tag?post=117811"}],"curies":[{"name":"wp","href":"https:\/\/api.w.org\/{rel}","templated":true}]}}