{"id":117830,"date":"2018-02-15T17:50:27","date_gmt":"2018-02-15T16:50:27","guid":{"rendered":"https:\/\/www.fabioferro.eu\/original-tibetisches-tamashii-armband-mit-mattiertem-pyrit.html"},"modified":"2024-09-18T15:32:46","modified_gmt":"2024-09-18T13:32:46","slug":"original-tibetisches-tamashii-armband-mit-mattiertem-pyrit","status":"publish","type":"product","link":"https:\/\/www.fabioferro.eu\/de\/original-tibetisches-tamashii-armband-mit-mattiertem-pyrit.html","title":{"rendered":"Original tibetisches Tamashii-Armband mit mattiertem Pyrit"},"content":{"rendered":"<div class=\"description\">\n<div class=\"description\">\n<div class=\"description\">  Original tibetisches Tamashii Unisex-Armband mit mattiertem Pyrit. Als Ersatz daf\u00fcr wird der gold\u00e4hnliche, gelb gef\u00e4rbte Pyritstein verwendet. F\u00fcr Buddhisten steht Gold f\u00fcr die Sonne, das Licht und das Leben, aber auch f\u00fcr das Bewusstsein der eigenen Herkunft und des Landes, aus dem man stammt. Tamashii mit Pyrit kann Stolz in Weisheit verwandeln. Das Armband ist mit 12 Kugeln aus mattem, satiniertem Pyrit mit einem Durchmesser von 8,00 mm besetzt und handgekn\u00fcpft. Die Gesamtl\u00e4nge des Armbands betr\u00e4gt 24,00 cm, aber es kann auch bis zu 18,00 cm getragen werden. Praktischer Knopfverschluss aus Metall. Was dieses Schmuckst\u00fcck einzigartig macht, ist die Tatsache, dass es in Tibet hergestellt und von buddhistischen M\u00f6nchen gesegnet wurde. Neues Produkt in Originalverpackung mit authentischer Tamashii-Garantie. Ich stelle eine Quittung und\/oder Rechnung aus. <\/div>\n<\/div>\n<\/div>\n","protected":false},"excerpt":{"rendered":"<p>Original tibetisches Tamashii-Armband mit mattem Pyritstein.<\/p>\n","protected":false},"featured_media":117836,"comment_status":"open","ping_status":"closed","template":"","meta":[],"product_brand":[199],"product_cat":[6318],"product_tag":[],"class_list":{"0":"post-117830","1":"product","2":"type-product","3":"status-publish","4":"has-post-thumbnail","6":"product_brand-tamashii","7":"product_cat-tamashii","9":"first","10":"instock","11":"taxable","12":"shipping-taxable","13":"purchasable","14":"product-type-simple"},"exclude_global_add_ons":[],"addons":[],"df_price":42,"df_sale_price":"","df_regular_price":42,"df_image_link":"https:\/\/cdn02.fabioferro.eu\/wp-content\/uploads\/virtuemart\/product\/BHS900-70PiriteSatinata.jpg","_links":{"self":[{"href":"https:\/\/www.fabioferro.eu\/de\/wp-json\/wp\/v2\/product\/117830","targetHints":{"allow":["GET"]}}],"collection":[{"href":"https:\/\/www.fabioferro.eu\/de\/wp-json\/wp\/v2\/product"}],"about":[{"href":"https:\/\/www.fabioferro.eu\/de\/wp-json\/wp\/v2\/types\/product"}],"replies":[{"embeddable":true,"href":"https:\/\/www.fabioferro.eu\/de\/wp-json\/wp\/v2\/comments?post=117830"}],"version-history":[{"count":0,"href":"https:\/\/www.fabioferro.eu\/de\/wp-json\/wp\/v2\/product\/117830\/revisions"}],"wp:featuredmedia":[{"embeddable":true,"href":"https:\/\/www.fabioferro.eu\/de\/wp-json\/wp\/v2\/media\/117836"}],"wp:attachment":[{"href":"https:\/\/www.fabioferro.eu\/de\/wp-json\/wp\/v2\/media?parent=117830"}],"wp:term":[{"taxonomy":"product_brand","embeddable":true,"href":"https:\/\/www.fabioferro.eu\/de\/wp-json\/wp\/v2\/product_brand?post=117830"},{"taxonomy":"product_cat","embeddable":true,"href":"https:\/\/www.fabioferro.eu\/de\/wp-json\/wp\/v2\/product_cat?post=117830"},{"taxonomy":"product_tag","embeddable":true,"href":"https:\/\/www.fabioferro.eu\/de\/wp-json\/wp\/v2\/product_tag?post=117830"}],"curies":[{"name":"wp","href":"https:\/\/api.w.org\/{rel}","templated":true}]}}