{"id":117834,"date":"2018-02-16T15:55:06","date_gmt":"2018-02-16T14:55:06","guid":{"rendered":"https:\/\/www.fabioferro.eu\/original-tibetisches-tamashii-armband-mit-gestreiftem-blauem-achat.html"},"modified":"2025-03-07T10:09:30","modified_gmt":"2025-03-07T09:09:30","slug":"original-tibetisches-tamashii-armband-mit-gestreiftem-blauem-achat","status":"publish","type":"product","link":"https:\/\/www.fabioferro.eu\/de\/original-tibetisches-tamashii-armband-mit-gestreiftem-blauem-achat.html","title":{"rendered":"Original tibetisches Tamashii-Armband mit gestreiftem blauem Achat"},"content":{"rendered":"<div class=\"description\">\n<div class=\"description\">\n<div class=\"description\">\n<div class=\"description\">\n<div class=\"description\">  Originales tibetisches Tamashii-Armband mit gestreiftem blauem Achat. Der blaue Achat steht f\u00fcr die Farbe des Himmels. In diesem besonderen Fall verleiht der Himmelston diesem Tamashii ein noch g\u00f6ttlicheres und erhabeneres Aussehen. Die Rillen, die jedem Stein seine Einzigartigkeit verleihen, gelten als Metapher, um die grunds\u00e4tzliche Gleichheit aller existierenden Wesen zu betonen.  <\/div>\n<div class=\"description\">\n<p>&nbsp;<\/p>\n<div class=\"description\">  Das Armband ist mit 12 Kugeln aus gestreiftem blauem Achat mit einem Durchmesser von 8,00 mm besetzt und handgekn\u00fcpft. Die Gesamtl\u00e4nge des Armbands betr\u00e4gt 24,00 cm, aber es kann auch bis zu 18,00 cm getragen werden. Praktischer Knopfverschluss aus Metall. Ein einzigartiges Schmuckst\u00fcck, da es den Segen buddhistischer M\u00f6nche tr\u00e4gt. Neues Produkt in Originalverpackung mit Tamashii-Echtheitsgarantie. Ich stelle eine Quittung und\/oder Rechnung aus. <\/div>\n<\/div>\n<\/div>\n<\/div>\n<\/div>\n<\/div>\n","protected":false},"excerpt":{"rendered":"<p>Unisex Original tibetisches Tamashii-Armband mit gestreiftem blauem Achat.<\/p>\n","protected":false},"featured_media":117842,"comment_status":"open","ping_status":"closed","template":"","meta":[],"product_brand":[199],"product_cat":[6318],"product_tag":[],"class_list":{"0":"post-117834","1":"product","2":"type-product","3":"status-publish","4":"has-post-thumbnail","6":"product_brand-tamashii","7":"product_cat-tamashii","9":"first","10":"instock","11":"taxable","12":"shipping-taxable","13":"purchasable","14":"product-type-simple"},"exclude_global_add_ons":[],"addons":[],"df_price":42,"df_sale_price":"","df_regular_price":42,"df_image_link":"https:\/\/cdn02.fabioferro.eu\/wp-content\/uploads\/virtuemart\/product\/BHS900-165AgataBluStriata.jpg","_links":{"self":[{"href":"https:\/\/www.fabioferro.eu\/de\/wp-json\/wp\/v2\/product\/117834","targetHints":{"allow":["GET"]}}],"collection":[{"href":"https:\/\/www.fabioferro.eu\/de\/wp-json\/wp\/v2\/product"}],"about":[{"href":"https:\/\/www.fabioferro.eu\/de\/wp-json\/wp\/v2\/types\/product"}],"replies":[{"embeddable":true,"href":"https:\/\/www.fabioferro.eu\/de\/wp-json\/wp\/v2\/comments?post=117834"}],"version-history":[{"count":0,"href":"https:\/\/www.fabioferro.eu\/de\/wp-json\/wp\/v2\/product\/117834\/revisions"}],"wp:featuredmedia":[{"embeddable":true,"href":"https:\/\/www.fabioferro.eu\/de\/wp-json\/wp\/v2\/media\/117842"}],"wp:attachment":[{"href":"https:\/\/www.fabioferro.eu\/de\/wp-json\/wp\/v2\/media?parent=117834"}],"wp:term":[{"taxonomy":"product_brand","embeddable":true,"href":"https:\/\/www.fabioferro.eu\/de\/wp-json\/wp\/v2\/product_brand?post=117834"},{"taxonomy":"product_cat","embeddable":true,"href":"https:\/\/www.fabioferro.eu\/de\/wp-json\/wp\/v2\/product_cat?post=117834"},{"taxonomy":"product_tag","embeddable":true,"href":"https:\/\/www.fabioferro.eu\/de\/wp-json\/wp\/v2\/product_tag?post=117834"}],"curies":[{"name":"wp","href":"https:\/\/api.w.org\/{rel}","templated":true}]}}