{"id":117835,"date":"2018-01-16T15:21:58","date_gmt":"2018-01-16T14:21:58","guid":{"rendered":"https:\/\/www.fabioferro.eu\/charme-giovanni-raspini-herz-schmetterlinge.html"},"modified":"2018-01-16T15:21:58","modified_gmt":"2018-01-16T14:21:58","slug":"charme-giovanni-raspini-herz-schmetterlinge","status":"publish","type":"product","link":"https:\/\/www.fabioferro.eu\/de\/charme-giovanni-raspini-herz-schmetterlinge.html","title":{"rendered":"Charme Giovanni Raspini Herz Schmetterlinge"},"content":{"rendered":"<div class=\"description\">\n<p>Giovanni Raspini Charme in 925\/1000 Silber Schmetterlinge im Herzen.<\/p>\n<p>Die Abmessungen des Herzens betragen 34&#215;34 mm, die Dicke 1 mm. Die drei Schmetterlinge sind asymmetrisch auf der Oberfl\u00e4che angebracht.<\/p>\n<p>Der Anh\u00e4nger ist mit einem offenen, runden Haken ausgestattet, damit er leicht an einem Rollarmband befestigt werden kann. Er kann auch als Schl\u00fcsselanh\u00e4nger an einem Spiralbrustst\u00fcck befestigt werden.<\/p>\n<p>Neues Produkt mit original Giovanni Raspini Box und Garantie.<\/p>\n<\/div>\n","protected":false},"excerpt":{"rendered":"<p>Herzf\u00f6rmiger Anh\u00e4nger aus 925er Silber von Giovanni Raspini mit drei Schmetterlingen.<\/p>\n","protected":false},"featured_media":117844,"comment_status":"open","ping_status":"closed","template":"","meta":[],"product_brand":[155],"product_cat":[7575,7576],"product_tag":[7442],"class_list":{"0":"post-117835","1":"product","2":"type-product","3":"status-publish","4":"has-post-thumbnail","6":"product_brand-raspini","7":"product_cat-do-it-yourself-schmuck-giovanni-raspini","8":"product_cat-giovanni-raspini-reize","9":"product_tag-verfugbar","11":"first","12":"instock","13":"sale","14":"taxable","15":"shipping-taxable","16":"purchasable","17":"product-type-simple"},"exclude_global_add_ons":[],"addons":[],"df_price":108,"df_sale_price":108,"df_regular_price":120,"df_image_link":"https:\/\/cdn02.fabioferro.eu\/wp-content\/uploads\/virtuemart\/product\/charm-giovanni-raspini-cuore-farfalle-6958-1.jpg","_links":{"self":[{"href":"https:\/\/www.fabioferro.eu\/de\/wp-json\/wp\/v2\/product\/117835","targetHints":{"allow":["GET"]}}],"collection":[{"href":"https:\/\/www.fabioferro.eu\/de\/wp-json\/wp\/v2\/product"}],"about":[{"href":"https:\/\/www.fabioferro.eu\/de\/wp-json\/wp\/v2\/types\/product"}],"replies":[{"embeddable":true,"href":"https:\/\/www.fabioferro.eu\/de\/wp-json\/wp\/v2\/comments?post=117835"}],"version-history":[{"count":0,"href":"https:\/\/www.fabioferro.eu\/de\/wp-json\/wp\/v2\/product\/117835\/revisions"}],"wp:featuredmedia":[{"embeddable":true,"href":"https:\/\/www.fabioferro.eu\/de\/wp-json\/wp\/v2\/media\/117844"}],"wp:attachment":[{"href":"https:\/\/www.fabioferro.eu\/de\/wp-json\/wp\/v2\/media?parent=117835"}],"wp:term":[{"taxonomy":"product_brand","embeddable":true,"href":"https:\/\/www.fabioferro.eu\/de\/wp-json\/wp\/v2\/product_brand?post=117835"},{"taxonomy":"product_cat","embeddable":true,"href":"https:\/\/www.fabioferro.eu\/de\/wp-json\/wp\/v2\/product_cat?post=117835"},{"taxonomy":"product_tag","embeddable":true,"href":"https:\/\/www.fabioferro.eu\/de\/wp-json\/wp\/v2\/product_tag?post=117835"}],"curies":[{"name":"wp","href":"https:\/\/api.w.org\/{rel}","templated":true}]}}