{"id":117874,"date":"2018-02-15T16:13:35","date_gmt":"2018-02-15T15:13:35","guid":{"rendered":"https:\/\/www.fabioferro.eu\/original-tibetisches-tamashii-armband-mit-blauer-jade.html"},"modified":"2025-07-24T09:19:33","modified_gmt":"2025-07-24T07:19:33","slug":"original-tibetisches-tamashii-armband-mit-blauer-jade","status":"publish","type":"product","link":"https:\/\/www.fabioferro.eu\/de\/original-tibetisches-tamashii-armband-mit-blauer-jade.html","title":{"rendered":"Original tibetisches Tamashii-Armband mit blauer Jade"},"content":{"rendered":"<p>Tamashii Produkte, die mit <b>nat\u00fcrlichen Steinen\/Perlen<\/b> handgefertigt werden, k\u00f6nnen Farbt\u00f6ne aufweisen, die leicht von den Fotos abweichen. Original Unisex tibetisches Tamashii Armband mit blauer Jade Jade ist ein Edelstein, dessen Name sich vom spanischen pedra de ijada ableitet, d.h. &#8216;Stein der H\u00fcften&#8217; f\u00fcr seine anerkannte wohltuende Kraft auf die Lenden und Nieren. Sie vermittelt viele Tugenden, darunter Wohlwollen, Loyalit\u00e4t, H\u00f6flichkeit und Aufrichtigkeit. Die blaue\/himmelblaue Farbvariante ist perfekt, wenn Sie Ihre Tr\u00e4ume verfolgen oder versuchen, eine Deutung f\u00fcr Ihre Zukunftsvisionen zu finden.  <\/p>\n<div class=\"description\">\n<p>&nbsp;  Das Armband ist mit 12 nat\u00fcrlichen blauen Jadekugeln mit einem Durchmesser von 8,00 mm besetzt und handgekn\u00fcpft. Die Gesamtl\u00e4nge des Armbands betr\u00e4gt 24,00 cm, aber es kann auch bis zu 18,00 cm getragen werden. Praktischer Knopfverschluss aus Metall. Neues Produkt in Originalverpackung mit authentischer Tamashii-Garantie.  <\/p><\/div>\n","protected":false},"excerpt":{"rendered":"<p>Original tibetisches Tamashii-Armband mit blauer Jade.<\/p>\n","protected":false},"featured_media":117879,"comment_status":"open","ping_status":"closed","template":"","meta":[],"product_brand":[199],"product_cat":[6318],"product_tag":[7442],"class_list":{"0":"post-117874","1":"product","2":"type-product","3":"status-publish","4":"has-post-thumbnail","6":"product_brand-tamashii","7":"product_cat-tamashii","8":"product_tag-verfugbar","10":"first","11":"instock","12":"taxable","13":"shipping-taxable","14":"purchasable","15":"product-type-simple"},"exclude_global_add_ons":[],"addons":[],"df_price":42,"df_sale_price":"","df_regular_price":42,"df_image_link":"https:\/\/cdn02.fabioferro.eu\/wp-content\/uploads\/virtuemart\/product\/BHS900-196GiadaSkyBlue.jpg","_links":{"self":[{"href":"https:\/\/www.fabioferro.eu\/de\/wp-json\/wp\/v2\/product\/117874","targetHints":{"allow":["GET"]}}],"collection":[{"href":"https:\/\/www.fabioferro.eu\/de\/wp-json\/wp\/v2\/product"}],"about":[{"href":"https:\/\/www.fabioferro.eu\/de\/wp-json\/wp\/v2\/types\/product"}],"replies":[{"embeddable":true,"href":"https:\/\/www.fabioferro.eu\/de\/wp-json\/wp\/v2\/comments?post=117874"}],"version-history":[{"count":0,"href":"https:\/\/www.fabioferro.eu\/de\/wp-json\/wp\/v2\/product\/117874\/revisions"}],"wp:featuredmedia":[{"embeddable":true,"href":"https:\/\/www.fabioferro.eu\/de\/wp-json\/wp\/v2\/media\/117879"}],"wp:attachment":[{"href":"https:\/\/www.fabioferro.eu\/de\/wp-json\/wp\/v2\/media?parent=117874"}],"wp:term":[{"taxonomy":"product_brand","embeddable":true,"href":"https:\/\/www.fabioferro.eu\/de\/wp-json\/wp\/v2\/product_brand?post=117874"},{"taxonomy":"product_cat","embeddable":true,"href":"https:\/\/www.fabioferro.eu\/de\/wp-json\/wp\/v2\/product_cat?post=117874"},{"taxonomy":"product_tag","embeddable":true,"href":"https:\/\/www.fabioferro.eu\/de\/wp-json\/wp\/v2\/product_tag?post=117874"}],"curies":[{"name":"wp","href":"https:\/\/api.w.org\/{rel}","templated":true}]}}