{"id":117885,"date":"2018-01-13T10:14:13","date_gmt":"2018-01-13T09:14:13","guid":{"rendered":"https:\/\/www.fabioferro.eu\/giovanni-raspini-rollerblade-charme.html"},"modified":"2024-09-18T16:42:35","modified_gmt":"2024-09-18T14:42:35","slug":"giovanni-raspini-rollerblade-charme","status":"publish","type":"product","link":"https:\/\/www.fabioferro.eu\/de\/giovanni-raspini-rollerblade-charme.html","title":{"rendered":"Giovanni Raspini Rollerblade Charme"},"content":{"rendered":"<p>Giovanni Raspini 925\/1000 Silberanh\u00e4nger &#8211; Hergestellt in Italien. Anh\u00e4nger in Form eines Rollerblade-Stiefels. Der Anh\u00e4nger misst 16 mm in der L\u00e4nge (ohne Trikot) und 14 mm in der H\u00f6he. Die Dicke betr\u00e4gt 6 mm. Der Anh\u00e4nger ist mit einer offenen runden Perle mit einem Durchmesser von 9 mm versehen, damit er an einem Rollband-Armband befestigt werden kann. Er kann einfach auf eine Silber- oder Gummikette aufgef\u00e4delt oder als Schl\u00fcsselanh\u00e4nger auf ein Spiralbr\u00fcstchen gesteckt werden. Die Gesamtl\u00e4nge des Anh\u00e4ngers ist mm. 30 f\u00fcr ein Gewicht von gr. 6,4. Der Anh\u00e4nger wird mit einem Etui und einem Echtheitszertifikat von Giovanni Raspini geliefert. Auf Wunsch stellen wir eine Quittung und\/oder Rechnung aus.<\/p>\n","protected":false},"excerpt":{"rendered":"<p>Giovanni Raspini 925 Sterling Silber Anh\u00e4nger in Form eines Rollschuhs.<\/p>\n","protected":false},"featured_media":117888,"comment_status":"open","ping_status":"closed","template":"","meta":[],"product_brand":[],"product_cat":[7575,7576],"product_tag":[7442],"class_list":{"0":"post-117885","1":"product","2":"type-product","3":"status-publish","4":"has-post-thumbnail","6":"product_cat-do-it-yourself-schmuck-giovanni-raspini","7":"product_cat-giovanni-raspini-reize","8":"product_tag-verfugbar","10":"first","11":"instock","12":"sale","13":"taxable","14":"shipping-taxable","15":"purchasable","16":"product-type-simple"},"exclude_global_add_ons":[],"addons":[],"df_price":49.5,"df_sale_price":49.5,"df_regular_price":55,"df_image_link":"https:\/\/cdn02.fabioferro.eu\/wp-content\/uploads\/virtuemart\/product\/charm-giovanni-raspini-pattino-a-rotelle-8636.jpg","_links":{"self":[{"href":"https:\/\/www.fabioferro.eu\/de\/wp-json\/wp\/v2\/product\/117885","targetHints":{"allow":["GET"]}}],"collection":[{"href":"https:\/\/www.fabioferro.eu\/de\/wp-json\/wp\/v2\/product"}],"about":[{"href":"https:\/\/www.fabioferro.eu\/de\/wp-json\/wp\/v2\/types\/product"}],"replies":[{"embeddable":true,"href":"https:\/\/www.fabioferro.eu\/de\/wp-json\/wp\/v2\/comments?post=117885"}],"version-history":[{"count":0,"href":"https:\/\/www.fabioferro.eu\/de\/wp-json\/wp\/v2\/product\/117885\/revisions"}],"wp:featuredmedia":[{"embeddable":true,"href":"https:\/\/www.fabioferro.eu\/de\/wp-json\/wp\/v2\/media\/117888"}],"wp:attachment":[{"href":"https:\/\/www.fabioferro.eu\/de\/wp-json\/wp\/v2\/media?parent=117885"}],"wp:term":[{"taxonomy":"product_brand","embeddable":true,"href":"https:\/\/www.fabioferro.eu\/de\/wp-json\/wp\/v2\/product_brand?post=117885"},{"taxonomy":"product_cat","embeddable":true,"href":"https:\/\/www.fabioferro.eu\/de\/wp-json\/wp\/v2\/product_cat?post=117885"},{"taxonomy":"product_tag","embeddable":true,"href":"https:\/\/www.fabioferro.eu\/de\/wp-json\/wp\/v2\/product_tag?post=117885"}],"curies":[{"name":"wp","href":"https:\/\/api.w.org\/{rel}","templated":true}]}}