{"id":117886,"date":"2017-12-07T16:20:19","date_gmt":"2017-12-07T15:20:19","guid":{"rendered":"https:\/\/www.fabioferro.eu\/festina-damenuhr-aus-rosevergoldetem-stahl-mit-weisser-strasssteinluenette.html"},"modified":"2024-03-26T09:44:14","modified_gmt":"2024-03-26T08:44:14","slug":"festina-damenuhr-aus-rosevergoldetem-stahl-mit-weisser-strasssteinluenette","status":"publish","type":"product","link":"https:\/\/www.fabioferro.eu\/de\/festina-damenuhr-aus-rosevergoldetem-stahl-mit-weisser-strasssteinluenette.html","title":{"rendered":"Festina Damenuhr aus ros\u00e9vergoldetem Stahl mit wei\u00dfer Strasssteinl\u00fcnette"},"content":{"rendered":"<div class=\"description\">\n<p>Festina Damenuhr aus poliertem Edelstahl und Rotgoldplattierung.<\/p>\n<p>Analoges Quarzwerk mit reiner Zeitmessung.<\/p>\n<p>Geh\u00e4use aus poliertem Edelstahl, Durchmesser 28 mm, Dicke 7 mm. Au\u00dfenl\u00fcnette mit wei\u00dfen Strasssteinen verziert. Wasserdichte Krone aus ros\u00e9vergoldetem, ger\u00e4ndeltem Stahl. Edelstahlboden mit Druckverschluss und wasserdicht bis 5 ATM.<\/p>\n<p>Mineralglas<\/p>\n<p>Versilbertes Zifferblatt. Die Stunden-, Minuten- und Sekundenzeiger sowie die Stundenmarkierungen sind aus ros\u00e9farbenem, poliertem Metall.<\/p>\n<p>Armband aus poliertem Stahl mit ros\u00e9vergoldeten Mittelgliedern. Kastenschlie\u00dfe und zwei \u00d6ffnungskn\u00f6pfe mit Festina-Logo.<\/p>\n<p>Original Festina Zwei-Jahres-Box und Garantie.<\/p>\n<p>Ausstellen einer Quittung und\/oder Rechnung<\/p>\n<\/div>\n","protected":false},"excerpt":{"rendered":"<p>Festina Damenuhr aus Stahl mit Ros\u00e9goldplattierung.<\/p>\n","protected":false},"featured_media":117891,"comment_status":"open","ping_status":"closed","template":"","meta":[],"product_brand":[171],"product_cat":[5976],"product_tag":[7442],"class_list":{"0":"post-117886","1":"product","2":"type-product","3":"status-publish","4":"has-post-thumbnail","6":"product_brand-festina","7":"product_cat-festina-damenuhren","8":"product_tag-verfugbar","10":"first","11":"outofstock","12":"sale","13":"taxable","14":"shipping-taxable","15":"purchasable","16":"product-type-simple"},"exclude_global_add_ons":[],"addons":[],"df_price":111.2,"df_sale_price":111.2,"df_regular_price":139,"df_image_link":"https:\/\/cdn02.fabioferro.eu\/wp-content\/uploads\/virtuemart\/product\/festina-donna-orologio-F2024-1bis.jpg","_links":{"self":[{"href":"https:\/\/www.fabioferro.eu\/de\/wp-json\/wp\/v2\/product\/117886","targetHints":{"allow":["GET"]}}],"collection":[{"href":"https:\/\/www.fabioferro.eu\/de\/wp-json\/wp\/v2\/product"}],"about":[{"href":"https:\/\/www.fabioferro.eu\/de\/wp-json\/wp\/v2\/types\/product"}],"replies":[{"embeddable":true,"href":"https:\/\/www.fabioferro.eu\/de\/wp-json\/wp\/v2\/comments?post=117886"}],"version-history":[{"count":0,"href":"https:\/\/www.fabioferro.eu\/de\/wp-json\/wp\/v2\/product\/117886\/revisions"}],"wp:featuredmedia":[{"embeddable":true,"href":"https:\/\/www.fabioferro.eu\/de\/wp-json\/wp\/v2\/media\/117891"}],"wp:attachment":[{"href":"https:\/\/www.fabioferro.eu\/de\/wp-json\/wp\/v2\/media?parent=117886"}],"wp:term":[{"taxonomy":"product_brand","embeddable":true,"href":"https:\/\/www.fabioferro.eu\/de\/wp-json\/wp\/v2\/product_brand?post=117886"},{"taxonomy":"product_cat","embeddable":true,"href":"https:\/\/www.fabioferro.eu\/de\/wp-json\/wp\/v2\/product_cat?post=117886"},{"taxonomy":"product_tag","embeddable":true,"href":"https:\/\/www.fabioferro.eu\/de\/wp-json\/wp\/v2\/product_tag?post=117886"}],"curies":[{"name":"wp","href":"https:\/\/api.w.org\/{rel}","templated":true}]}}