{"id":117893,"date":"2018-01-13T10:06:13","date_gmt":"2018-01-13T09:06:13","guid":{"rendered":"https:\/\/www.fabioferro.eu\/charme-giovanni-raspini-schlittschuh.html"},"modified":"2025-06-06T16:20:00","modified_gmt":"2025-06-06T14:20:00","slug":"charme-giovanni-raspini-schlittschuh","status":"publish","type":"product","link":"https:\/\/www.fabioferro.eu\/de\/charme-giovanni-raspini-schlittschuh.html","title":{"rendered":"Charme Giovanni Raspini Schlittschuh"},"content":{"rendered":"<p>Giovanni Raspini 925\/1000 Sterling Silber Charme &#8211; Hergestellt in Italien<\/p>\n<p>Anh\u00e4nger in Form eines Eislaufschuhs.<\/p>\n<p>Der Anh\u00e4nger misst 18 mm in der L\u00e4nge (ohne Trikot) und 15 mm in der H\u00f6he. Die Dicke betr\u00e4gt 6 mm.<\/p>\n<p>Der Anh\u00e4nger ist mit einer offenen runden Perle mit einem Durchmesser von 9 mm versehen, damit er an einem Rollband-Armband befestigt werden kann. Er kann einfach auf eine Silber- oder Gummikette aufgef\u00e4delt oder als Schl\u00fcsselanh\u00e4nger auf ein Spiralbr\u00fcstchen gesteckt werden.<\/p>\n<p>Die Gesamtl\u00e4nge betr\u00e4gt 30 mm und das Gewicht 5,7 g.<\/p>\n<p>Der Anh\u00e4nger wird mit einem Etui und einem Echtheitszertifikat von Giovanni Raspini geliefert.<\/p>\n","protected":false},"excerpt":{"rendered":"<p>Giovanni Raspini 925 Silberanh\u00e4nger in Form eines Eislaufschuhs.<\/p>\n","protected":false},"featured_media":117900,"comment_status":"open","ping_status":"closed","template":"","meta":[],"product_brand":[155],"product_cat":[7575,7576],"product_tag":[7442],"class_list":{"0":"post-117893","1":"product","2":"type-product","3":"status-publish","4":"has-post-thumbnail","6":"product_brand-raspini","7":"product_cat-do-it-yourself-schmuck-giovanni-raspini","8":"product_cat-giovanni-raspini-reize","9":"product_tag-verfugbar","11":"first","12":"instock","13":"sale","14":"taxable","15":"shipping-taxable","16":"purchasable","17":"product-type-simple"},"exclude_global_add_ons":[],"addons":[],"df_price":49.5,"df_sale_price":49.5,"df_regular_price":55,"df_image_link":"https:\/\/cdn02.fabioferro.eu\/wp-content\/uploads\/virtuemart\/product\/charm-giovanni-raspini-argento-pattino-ghiaccio-8637.jpg","_links":{"self":[{"href":"https:\/\/www.fabioferro.eu\/de\/wp-json\/wp\/v2\/product\/117893","targetHints":{"allow":["GET"]}}],"collection":[{"href":"https:\/\/www.fabioferro.eu\/de\/wp-json\/wp\/v2\/product"}],"about":[{"href":"https:\/\/www.fabioferro.eu\/de\/wp-json\/wp\/v2\/types\/product"}],"replies":[{"embeddable":true,"href":"https:\/\/www.fabioferro.eu\/de\/wp-json\/wp\/v2\/comments?post=117893"}],"version-history":[{"count":0,"href":"https:\/\/www.fabioferro.eu\/de\/wp-json\/wp\/v2\/product\/117893\/revisions"}],"wp:featuredmedia":[{"embeddable":true,"href":"https:\/\/www.fabioferro.eu\/de\/wp-json\/wp\/v2\/media\/117900"}],"wp:attachment":[{"href":"https:\/\/www.fabioferro.eu\/de\/wp-json\/wp\/v2\/media?parent=117893"}],"wp:term":[{"taxonomy":"product_brand","embeddable":true,"href":"https:\/\/www.fabioferro.eu\/de\/wp-json\/wp\/v2\/product_brand?post=117893"},{"taxonomy":"product_cat","embeddable":true,"href":"https:\/\/www.fabioferro.eu\/de\/wp-json\/wp\/v2\/product_cat?post=117893"},{"taxonomy":"product_tag","embeddable":true,"href":"https:\/\/www.fabioferro.eu\/de\/wp-json\/wp\/v2\/product_tag?post=117893"}],"curies":[{"name":"wp","href":"https:\/\/api.w.org\/{rel}","templated":true}]}}