{"id":117896,"date":"2017-12-06T16:53:52","date_gmt":"2017-12-06T15:53:52","guid":{"rendered":"https:\/\/www.fabioferro.eu\/damenring-925-sterling-silber-rose-vergoldet-ti-sento-milano.html"},"modified":"2024-09-18T17:15:51","modified_gmt":"2024-09-18T15:15:51","slug":"damenring-925-sterling-silber-rose-vergoldet-ti-sento-milano","status":"publish","type":"product","link":"https:\/\/www.fabioferro.eu\/de\/damenring-925-sterling-silber-rose-vergoldet-ti-sento-milano.html","title":{"rendered":"Damenring 925 Sterling Silber Rose vergoldet Ti Sento Milano"},"content":{"rendered":"<div class=\"description\">  Ti Sento Milano Damenring aus 925\/1000 rhodiniertem und hypoallergenem Silber. Versilberter Ring mit Ros\u00e9gold\u00fcberzug und polierter Oberfl\u00e4che. Maximale Breite mm. 4.90 Dicke mm. 4.00. Der neue Artikel wird von einer eleganten Verpackung und der Ti Sento Milano Garantie begleitet.  <\/div>\n","protected":false},"excerpt":{"rendered":"<p>Damenring Ti Sento Milano aus Sterlingsilber mit Ros\u00e9goldplattierung.<\/p>\n","protected":false},"featured_media":117908,"comment_status":"open","ping_status":"closed","template":"","meta":[],"product_brand":[158],"product_cat":[6343],"product_tag":[7551],"class_list":{"0":"post-117896","1":"product","2":"type-product","3":"status-publish","4":"has-post-thumbnail","6":"product_brand-ti-sento-milano","7":"product_cat-ti-sento-milano-ringe","8":"product_tag-ausschlusse","10":"first","11":"outofstock","12":"taxable","13":"shipping-taxable","14":"purchasable","15":"product-type-simple"},"exclude_global_add_ons":[],"addons":[],"df_price":69,"df_sale_price":"","df_regular_price":69,"df_image_link":"https:\/\/cdn02.fabioferro.eu\/wp-content\/uploads\/virtuemart\/product\/anello-donna-ti-sento-milano-1953SR.jpg1_.jpg","_links":{"self":[{"href":"https:\/\/www.fabioferro.eu\/de\/wp-json\/wp\/v2\/product\/117896","targetHints":{"allow":["GET"]}}],"collection":[{"href":"https:\/\/www.fabioferro.eu\/de\/wp-json\/wp\/v2\/product"}],"about":[{"href":"https:\/\/www.fabioferro.eu\/de\/wp-json\/wp\/v2\/types\/product"}],"replies":[{"embeddable":true,"href":"https:\/\/www.fabioferro.eu\/de\/wp-json\/wp\/v2\/comments?post=117896"}],"version-history":[{"count":0,"href":"https:\/\/www.fabioferro.eu\/de\/wp-json\/wp\/v2\/product\/117896\/revisions"}],"wp:featuredmedia":[{"embeddable":true,"href":"https:\/\/www.fabioferro.eu\/de\/wp-json\/wp\/v2\/media\/117908"}],"wp:attachment":[{"href":"https:\/\/www.fabioferro.eu\/de\/wp-json\/wp\/v2\/media?parent=117896"}],"wp:term":[{"taxonomy":"product_brand","embeddable":true,"href":"https:\/\/www.fabioferro.eu\/de\/wp-json\/wp\/v2\/product_brand?post=117896"},{"taxonomy":"product_cat","embeddable":true,"href":"https:\/\/www.fabioferro.eu\/de\/wp-json\/wp\/v2\/product_cat?post=117896"},{"taxonomy":"product_tag","embeddable":true,"href":"https:\/\/www.fabioferro.eu\/de\/wp-json\/wp\/v2\/product_tag?post=117896"}],"curies":[{"name":"wp","href":"https:\/\/api.w.org\/{rel}","templated":true}]}}