{"id":117897,"date":"2017-12-24T18:07:36","date_gmt":"2017-12-24T17:07:36","guid":{"rendered":"https:\/\/www.fabioferro.eu\/giovanni-raspini-charme-in-925-sterling-silber-katze-form.html"},"modified":"2025-06-06T16:14:47","modified_gmt":"2025-06-06T14:14:47","slug":"giovanni-raspini-charme-in-925-sterling-silber-katze-form","status":"publish","type":"product","link":"https:\/\/www.fabioferro.eu\/de\/giovanni-raspini-charme-in-925-sterling-silber-katze-form.html","title":{"rendered":"Giovanni Raspini Charme in 925 Sterling Silber Katze Form"},"content":{"rendered":"<div class=\"description\">\n<div class=\"description\">\n<div class=\"description\">\n<p>Giovanni Raspini 925\/1000 Sterling Silber Charme &#8211; Made in Italy &#8211; Gourmet Kollektion.<\/p>\n<p>Der Anh\u00e4nger in Form eines K\u00e4tzchens hat eine offene Gegenperle, die sich leicht an einem Armband befestigen oder einfach auf ein Halsband oder eine Gummischnur auff\u00e4deln l\u00e4sst.<\/p>\n<p>Die Katze misst 14 mm bei einer Dicke von 4 mm.<\/p>\n<p>Neues Schmuckst\u00fcck mit Krokodil-Etui und Original-Garantie von Giovanni Raspini.<\/p>\n<p>Ich stelle eine Quittung und\/oder Rechnung aus.<\/p>\n<\/div>\n<\/div>\n<\/div>\n","protected":false},"excerpt":{"rendered":"<p>Giovanni Raspini 925\/1000 Sterling Silber Charme &#8211; Made in Italy &#8211; Gourmet Kollektion. Der Anh\u00e4nger in Form eines K\u00e4tzchens hat eine offene Gegenperle, die sich leicht an einem Armband befestigen oder einfach auf ein Halsband oder eine Gummischnur auff\u00e4deln l\u00e4sst. Die Katze misst 14 mm bei einer Dicke von 4 mm. Neues Schmuckst\u00fcck mit Krokodil-Etui [&hellip;]<\/p>\n","protected":false},"featured_media":117911,"comment_status":"open","ping_status":"closed","template":"","meta":[],"product_brand":[155],"product_cat":[7575,7576,7578],"product_tag":[],"class_list":{"0":"post-117897","1":"product","2":"type-product","3":"status-publish","4":"has-post-thumbnail","6":"product_brand-raspini","7":"product_cat-do-it-yourself-schmuck-giovanni-raspini","8":"product_cat-giovanni-raspini-reize","9":"product_cat-raspini-charms-fur-veranstaltung-de","11":"first","12":"instock","13":"sale","14":"taxable","15":"shipping-taxable","16":"purchasable","17":"product-type-simple"},"exclude_global_add_ons":[],"addons":[],"df_price":36,"df_sale_price":36,"df_regular_price":40,"df_image_link":"https:\/\/cdn02.fabioferro.eu\/wp-content\/uploads\/virtuemart\/product\/charm-giovanni-raspini-gatto-9650.jpg","_links":{"self":[{"href":"https:\/\/www.fabioferro.eu\/de\/wp-json\/wp\/v2\/product\/117897","targetHints":{"allow":["GET"]}}],"collection":[{"href":"https:\/\/www.fabioferro.eu\/de\/wp-json\/wp\/v2\/product"}],"about":[{"href":"https:\/\/www.fabioferro.eu\/de\/wp-json\/wp\/v2\/types\/product"}],"replies":[{"embeddable":true,"href":"https:\/\/www.fabioferro.eu\/de\/wp-json\/wp\/v2\/comments?post=117897"}],"version-history":[{"count":0,"href":"https:\/\/www.fabioferro.eu\/de\/wp-json\/wp\/v2\/product\/117897\/revisions"}],"wp:featuredmedia":[{"embeddable":true,"href":"https:\/\/www.fabioferro.eu\/de\/wp-json\/wp\/v2\/media\/117911"}],"wp:attachment":[{"href":"https:\/\/www.fabioferro.eu\/de\/wp-json\/wp\/v2\/media?parent=117897"}],"wp:term":[{"taxonomy":"product_brand","embeddable":true,"href":"https:\/\/www.fabioferro.eu\/de\/wp-json\/wp\/v2\/product_brand?post=117897"},{"taxonomy":"product_cat","embeddable":true,"href":"https:\/\/www.fabioferro.eu\/de\/wp-json\/wp\/v2\/product_cat?post=117897"},{"taxonomy":"product_tag","embeddable":true,"href":"https:\/\/www.fabioferro.eu\/de\/wp-json\/wp\/v2\/product_tag?post=117897"}],"curies":[{"name":"wp","href":"https:\/\/api.w.org\/{rel}","templated":true}]}}