{"id":117898,"date":"2017-12-02T09:18:31","date_gmt":"2017-12-02T08:18:31","guid":{"rendered":"https:\/\/www.fabioferro.eu\/herren-manschettenknoepfe-comete-schmuck-ugl-102-spiegel-stahl-mm-11x11-mit-schwarzen-diamanten.html"},"modified":"2024-07-25T10:00:49","modified_gmt":"2024-07-25T08:00:49","slug":"herren-manschettenknoepfe-comete-schmuck-ugl-102-spiegel-stahl-mm-11x11-mit-schwarzen-diamanten","status":"publish","type":"product","link":"https:\/\/www.fabioferro.eu\/de\/herren-manschettenknoepfe-comete-schmuck-ugl-102-spiegel-stahl-mm-11x11-mit-schwarzen-diamanten.html","title":{"rendered":"Herren Manschettenkn\u00f6pfe Comete Schmuck UGL 102 Spiegel Stahl MM. 11&#215;11 mit schwarzen Diamanten"},"content":{"rendered":"<p>Paar Manschettenkn\u00f6pfe Comete Gioielli Herrenkollektion Senior aus hochglanzpoliertem Edelstahl. Die Gr\u00f6\u00dfe betr\u00e4gt mm.11&#215;11 bei einer Dicke von mm. 2,50. Dieses Paar Manschettenkn\u00f6pfe wird durch zwei schwarze Diamanten im Brillantschliff versch\u00f6nert. Um dieses elegante Paar Manschettenkn\u00f6pfe noch origineller zu machen, k\u00f6nnen Sie die Initialen des Empf\u00e4ngers eingravieren lassen. Die Gravur ist immer kostenlos. Das Schmuckst\u00fcck wird von einem eleganten Etui mit einer Original-Garantie von Comete Gioielli begleitet.  &nbsp;<\/p>\n","protected":false},"excerpt":{"rendered":"<p>Herrenmanschettenkn\u00f6pfe Comete Gioielli Senior Kollektion aus 11&#215;11 mm Stahl mit schwarzen Diamanten.<\/p>\n","protected":false},"featured_media":117907,"comment_status":"open","ping_status":"closed","template":"","meta":[],"product_brand":[157],"product_cat":[6392],"product_tag":[],"class_list":{"0":"post-117898","1":"product","2":"type-product","3":"status-publish","4":"has-post-thumbnail","6":"product_brand-comete","7":"product_cat-comete-accessoires-manner","9":"first","10":"outofstock","11":"sale","12":"taxable","13":"shipping-taxable","14":"purchasable","15":"product-type-simple"},"exclude_global_add_ons":[],"addons":[],"df_price":106.2,"df_sale_price":106.2,"df_regular_price":118,"df_image_link":"https:\/\/cdn02.fabioferro.eu\/wp-content\/uploads\/virtuemart\/product\/coppia-gemelli-uomo-comete-gioielli-acciaio-diamanti-neri-UGM102N.jpg","_links":{"self":[{"href":"https:\/\/www.fabioferro.eu\/de\/wp-json\/wp\/v2\/product\/117898","targetHints":{"allow":["GET"]}}],"collection":[{"href":"https:\/\/www.fabioferro.eu\/de\/wp-json\/wp\/v2\/product"}],"about":[{"href":"https:\/\/www.fabioferro.eu\/de\/wp-json\/wp\/v2\/types\/product"}],"replies":[{"embeddable":true,"href":"https:\/\/www.fabioferro.eu\/de\/wp-json\/wp\/v2\/comments?post=117898"}],"version-history":[{"count":0,"href":"https:\/\/www.fabioferro.eu\/de\/wp-json\/wp\/v2\/product\/117898\/revisions"}],"wp:featuredmedia":[{"embeddable":true,"href":"https:\/\/www.fabioferro.eu\/de\/wp-json\/wp\/v2\/media\/117907"}],"wp:attachment":[{"href":"https:\/\/www.fabioferro.eu\/de\/wp-json\/wp\/v2\/media?parent=117898"}],"wp:term":[{"taxonomy":"product_brand","embeddable":true,"href":"https:\/\/www.fabioferro.eu\/de\/wp-json\/wp\/v2\/product_brand?post=117898"},{"taxonomy":"product_cat","embeddable":true,"href":"https:\/\/www.fabioferro.eu\/de\/wp-json\/wp\/v2\/product_cat?post=117898"},{"taxonomy":"product_tag","embeddable":true,"href":"https:\/\/www.fabioferro.eu\/de\/wp-json\/wp\/v2\/product_tag?post=117898"}],"curies":[{"name":"wp","href":"https:\/\/api.w.org\/{rel}","templated":true}]}}