{"id":117906,"date":"2017-11-30T09:17:34","date_gmt":"2017-11-30T08:17:34","guid":{"rendered":"https:\/\/www.fabioferro.eu\/giovanni-raspini-fruchtanhaenger.html"},"modified":"2025-06-06T16:01:38","modified_gmt":"2025-06-06T14:01:38","slug":"giovanni-raspini-fruchtanhaenger","status":"publish","type":"product","link":"https:\/\/www.fabioferro.eu\/de\/giovanni-raspini-fruchtanhaenger.html","title":{"rendered":"Giovanni Raspini Fruchtanh\u00e4nger"},"content":{"rendered":"<div class=\"description\">\n<div class=\"description\">\n<p>Giovanni Raspini Charm &#8211; Schmuck Made in Italy &#8211; Handgefertigt aus 925\/1000 Sterling Silber.<\/p>\n<p>Der Anh\u00e4nger in Form einer Ananas mit Bl\u00e4ttern misst 20&#215;9 mm im Durchmesser in der H\u00f6he (ohne die Gegenfeder). Gewicht gr. 4.00.<\/p>\n<p>Der Anh\u00e4nger hat eine offene Gegenfeder mit einem Durchmesser von 9,00 mm. Die \u00d6ffnung des Trikots ist ideal, um den Anh\u00e4nger an einem Rollarmband anzubringen oder ihn einfach auf eine Gummischnur aufzuf\u00e4deln.<\/p>\n<p>Der Anh\u00e4nger wird mit einer personalisierten Schachtel und einer Echtheitsgarantie von Giovanni Raspini geliefert.<\/p>\n<\/div>\n<\/div>\n","protected":false},"excerpt":{"rendered":"<p>925\/1000 Sterling Silber Giovanni Raspini Anh\u00e4nger in Form einer Ananas.<\/p>\n","protected":false},"featured_media":117918,"comment_status":"open","ping_status":"closed","template":"","meta":[],"product_brand":[155],"product_cat":[7575],"product_tag":[],"class_list":{"0":"post-117906","1":"product","2":"type-product","3":"status-publish","4":"has-post-thumbnail","6":"product_brand-raspini","7":"product_cat-do-it-yourself-schmuck-giovanni-raspini","9":"first","10":"instock","11":"taxable","12":"shipping-taxable","13":"purchasable","14":"product-type-variable","15":"has-default-attributes"},"exclude_global_add_ons":[],"addons":[],"df_price":40,"df_sale_price":"","df_regular_price":40,"df_image_link":"https:\/\/cdn02.fabioferro.eu\/wp-content\/uploads\/virtuemart\/product\/Charm-giovanni-raspini-argenro-ananas-10022.jpg","_links":{"self":[{"href":"https:\/\/www.fabioferro.eu\/de\/wp-json\/wp\/v2\/product\/117906","targetHints":{"allow":["GET"]}}],"collection":[{"href":"https:\/\/www.fabioferro.eu\/de\/wp-json\/wp\/v2\/product"}],"about":[{"href":"https:\/\/www.fabioferro.eu\/de\/wp-json\/wp\/v2\/types\/product"}],"replies":[{"embeddable":true,"href":"https:\/\/www.fabioferro.eu\/de\/wp-json\/wp\/v2\/comments?post=117906"}],"version-history":[{"count":0,"href":"https:\/\/www.fabioferro.eu\/de\/wp-json\/wp\/v2\/product\/117906\/revisions"}],"wp:featuredmedia":[{"embeddable":true,"href":"https:\/\/www.fabioferro.eu\/de\/wp-json\/wp\/v2\/media\/117918"}],"wp:attachment":[{"href":"https:\/\/www.fabioferro.eu\/de\/wp-json\/wp\/v2\/media?parent=117906"}],"wp:term":[{"taxonomy":"product_brand","embeddable":true,"href":"https:\/\/www.fabioferro.eu\/de\/wp-json\/wp\/v2\/product_brand?post=117906"},{"taxonomy":"product_cat","embeddable":true,"href":"https:\/\/www.fabioferro.eu\/de\/wp-json\/wp\/v2\/product_cat?post=117906"},{"taxonomy":"product_tag","embeddable":true,"href":"https:\/\/www.fabioferro.eu\/de\/wp-json\/wp\/v2\/product_tag?post=117906"}],"curies":[{"name":"wp","href":"https:\/\/api.w.org\/{rel}","templated":true}]}}