{"id":117913,"date":"2017-11-22T17:42:46","date_gmt":"2017-11-22T16:42:46","guid":{"rendered":"https:\/\/www.fabioferro.eu\/fabio-ferro-tahiti-perlen-tropfen-ohrringe-aus-weissgold-und-schwarzen-diamanten.html"},"modified":"2024-02-08T12:49:43","modified_gmt":"2024-02-08T11:49:43","slug":"fabio-ferro-tahiti-perlen-tropfen-ohrringe-aus-weissgold-und-schwarzen-diamanten","status":"publish","type":"product","link":"https:\/\/www.fabioferro.eu\/de\/fabio-ferro-tahiti-perlen-tropfen-ohrringe-aus-weissgold-und-schwarzen-diamanten.html","title":{"rendered":"Fabio Ferro Tahiti-Perlen Tropfen-Ohrringe aus Wei\u00dfgold und schwarzen Diamanten"},"content":{"rendered":"<div class=\"description\">\n<div class=\"description\">\n<div class=\"description\">\n<p>In unserer Goldschmiedewerkstatt entworfene, konstruierte und handgefertigte Tropfenohrringe.<\/p>\n<p>Fassung aus poliertem 750\/1000er Wei\u00dfgold mit einem Gewicht von 2,40 g.<\/p>\n<p>Nonnenf\u00f6rmiges Anh\u00e4nger-Modell mit r\u00fcckseitigem Verschluss. Die Vorderseite ist mit schwarzen Diamanten im Brillantschliff von insgesamt 0,14 Karat besetzt.<\/p>\n<p>Teardrop-f\u00f6rmige Anh\u00e4nger aus Tahiti-Zuchtperlen, grau schattiert und leicht geteilt, unregelm\u00e4\u00dfig und nicht zur\u00fcckverfolgbar. Die Abmessungen der Perlen sind 16&#215;11 mm im Durchmesser.<\/p>\n<p>Der Ohrring hat eine Gesamtl\u00e4nge von 3,50 cm.<\/p>\n<p>Die Farbe der Perlen kann leicht von der Abbildung abweichen, da es sich um nat\u00fcrliche Perlen handelt und eine Perle von der anderen verschieden ist.<\/p>\n<p>Das Schmuckst\u00fcck wird mit einem eleganten Etui und einem von Fabio Ferro I Gioielli unterzeichneten Echtheitszertifikat geliefert.<\/p>\n<\/div>\n<\/div>\n<\/div>\n","protected":false},"excerpt":{"rendered":"<p>Tropfenohrringe aus Wei\u00dfgold f\u00fcr Damen mit Tahiti-Perlen und schwarzen Diamanten.<\/p>\n","protected":false},"featured_media":117942,"comment_status":"open","ping_status":"closed","template":"","meta":[],"product_brand":[152],"product_cat":[6022],"product_tag":[7442],"class_list":{"0":"post-117913","1":"product","2":"type-product","3":"status-publish","4":"has-post-thumbnail","6":"product_brand-fabio-ferro-i-gioielli","7":"product_cat-perlen-ohrringe","8":"product_tag-verfugbar","10":"first","11":"instock","12":"sale","13":"taxable","14":"shipping-taxable","15":"purchasable","16":"product-type-simple"},"exclude_global_add_ons":[],"addons":[],"df_price":1600,"df_sale_price":1600,"df_regular_price":2000,"df_image_link":"https:\/\/cdn02.fabioferro.eu\/wp-content\/uploads\/orecchini-di-perle-tahiti-barocche-con-oro-bianco-e-zaffiri-ff4270.jpg","_links":{"self":[{"href":"https:\/\/www.fabioferro.eu\/de\/wp-json\/wp\/v2\/product\/117913","targetHints":{"allow":["GET"]}}],"collection":[{"href":"https:\/\/www.fabioferro.eu\/de\/wp-json\/wp\/v2\/product"}],"about":[{"href":"https:\/\/www.fabioferro.eu\/de\/wp-json\/wp\/v2\/types\/product"}],"replies":[{"embeddable":true,"href":"https:\/\/www.fabioferro.eu\/de\/wp-json\/wp\/v2\/comments?post=117913"}],"version-history":[{"count":0,"href":"https:\/\/www.fabioferro.eu\/de\/wp-json\/wp\/v2\/product\/117913\/revisions"}],"wp:featuredmedia":[{"embeddable":true,"href":"https:\/\/www.fabioferro.eu\/de\/wp-json\/wp\/v2\/media\/117942"}],"wp:attachment":[{"href":"https:\/\/www.fabioferro.eu\/de\/wp-json\/wp\/v2\/media?parent=117913"}],"wp:term":[{"taxonomy":"product_brand","embeddable":true,"href":"https:\/\/www.fabioferro.eu\/de\/wp-json\/wp\/v2\/product_brand?post=117913"},{"taxonomy":"product_cat","embeddable":true,"href":"https:\/\/www.fabioferro.eu\/de\/wp-json\/wp\/v2\/product_cat?post=117913"},{"taxonomy":"product_tag","embeddable":true,"href":"https:\/\/www.fabioferro.eu\/de\/wp-json\/wp\/v2\/product_tag?post=117913"}],"curies":[{"name":"wp","href":"https:\/\/api.w.org\/{rel}","templated":true}]}}