{"id":118023,"date":"2017-11-30T10:26:04","date_gmt":"2017-11-30T09:26:04","guid":{"rendered":"https:\/\/www.fabioferro.eu\/giovanni-raspini-kugelfoermiger-aquamarin-anhaenger.html"},"modified":"2024-09-18T15:33:13","modified_gmt":"2024-09-18T13:33:13","slug":"giovanni-raspini-kugelfoermiger-aquamarin-anhaenger","status":"publish","type":"product","link":"https:\/\/www.fabioferro.eu\/de\/giovanni-raspini-kugelfoermiger-aquamarin-anhaenger.html","title":{"rendered":"Giovanni Raspini Kugelf\u00f6rmiger Aquamarin-Anh\u00e4nger"},"content":{"rendered":"<div class=\"description\">  Giovanni Raspini Charm &#8211; Schmuck Made in Italy &#8211; Handgefertigt aus 925\/1000 Sterling Silber. Der Anh\u00e4nger besteht aus einem kugelf\u00f6rmig geschliffenen nat\u00fcrlichen Aquamarin mit einem Durchmesser von 10,00 mm. Der Aquamarin symbolisiert in der Kristalltherapie die RUHE. Er wird mit der blauen Farbe des Meeres assoziiert und ist der Stein, der innere emotionale St\u00fcrme beruhigt. Er symbolisiert Beruhigung und Ruhe vor \u00c4rger und Stress. F\u00fcr alle Liebhaber des Meeres, die sich allein vom Rauschen der Wellen beruhigen lassen. Der Anh\u00e4nger ist mit einer offenen Gegenperle mit einem Durchmesser von 9,00 mm ausgestattet, die das Logo von Giovanni Raspini tr\u00e4gt. Die \u00d6ffnung des Trikots ist so gestaltet, dass der Anh\u00e4nger leicht an einem Rollarmband befestigt oder einfach auf eine Halskette aufgeschoben werden kann. Die Gesamtl\u00e4nge des Anh\u00e4ngers betr\u00e4gt 23 mm. Der Anh\u00e4nger wird in einer eleganten, schwarzen, personalisierten Box mit Krokodilpr\u00e4gung geliefert, die eine Echtheitsgarantie von Giovanni Raspini enth\u00e4lt.  <\/div>\n","protected":false},"excerpt":{"rendered":"<p>Giovanni Raspini Charm in 925\/1000 Silber mit kugelf\u00f6rmiger Aquamarinboule Durchmesser 10 mm. Erh\u00e4ltlich in verschiedenen Modellen.<\/p>\n","protected":false},"featured_media":118033,"comment_status":"open","ping_status":"closed","template":"","meta":[],"product_brand":[155],"product_cat":[7575,7576,7578],"product_tag":[],"class_list":{"0":"post-118023","1":"product","2":"type-product","3":"status-publish","4":"has-post-thumbnail","6":"product_brand-raspini","7":"product_cat-do-it-yourself-schmuck-giovanni-raspini","8":"product_cat-giovanni-raspini-reize","9":"product_cat-raspini-charms-fur-veranstaltung-de","11":"first","12":"instock","13":"sale","14":"taxable","15":"shipping-taxable","16":"purchasable","17":"product-type-simple"},"exclude_global_add_ons":[],"addons":[],"df_price":31.5,"df_sale_price":31.5,"df_regular_price":35,"df_image_link":"https:\/\/cdn02.fabioferro.eu\/wp-content\/uploads\/virtuemart\/product\/charm-giovanni-raspini-acquamarina-10027.jpg","_links":{"self":[{"href":"https:\/\/www.fabioferro.eu\/de\/wp-json\/wp\/v2\/product\/118023","targetHints":{"allow":["GET"]}}],"collection":[{"href":"https:\/\/www.fabioferro.eu\/de\/wp-json\/wp\/v2\/product"}],"about":[{"href":"https:\/\/www.fabioferro.eu\/de\/wp-json\/wp\/v2\/types\/product"}],"replies":[{"embeddable":true,"href":"https:\/\/www.fabioferro.eu\/de\/wp-json\/wp\/v2\/comments?post=118023"}],"version-history":[{"count":0,"href":"https:\/\/www.fabioferro.eu\/de\/wp-json\/wp\/v2\/product\/118023\/revisions"}],"wp:featuredmedia":[{"embeddable":true,"href":"https:\/\/www.fabioferro.eu\/de\/wp-json\/wp\/v2\/media\/118033"}],"wp:attachment":[{"href":"https:\/\/www.fabioferro.eu\/de\/wp-json\/wp\/v2\/media?parent=118023"}],"wp:term":[{"taxonomy":"product_brand","embeddable":true,"href":"https:\/\/www.fabioferro.eu\/de\/wp-json\/wp\/v2\/product_brand?post=118023"},{"taxonomy":"product_cat","embeddable":true,"href":"https:\/\/www.fabioferro.eu\/de\/wp-json\/wp\/v2\/product_cat?post=118023"},{"taxonomy":"product_tag","embeddable":true,"href":"https:\/\/www.fabioferro.eu\/de\/wp-json\/wp\/v2\/product_tag?post=118023"}],"curies":[{"name":"wp","href":"https:\/\/api.w.org\/{rel}","templated":true}]}}