{"id":118029,"date":"2017-12-15T18:37:33","date_gmt":"2017-12-15T17:37:33","guid":{"rendered":"https:\/\/www.fabioferro.eu\/giovanni-raspini-925-silber-charme-fuchs.html"},"modified":"2024-09-18T15:33:02","modified_gmt":"2024-09-18T13:33:02","slug":"giovanni-raspini-925-silber-charme-fuchs","status":"publish","type":"product","link":"https:\/\/www.fabioferro.eu\/de\/giovanni-raspini-925-silber-charme-fuchs.html","title":{"rendered":"Giovanni Raspini 925 Silber Charme Fuchs"},"content":{"rendered":"<div class=\"description\">\n<div class=\"description\">\n<div class=\"description\">\n<div class=\"description\">  Giovanni Raspini Charm in Form eines Fuchses. Hergestellt aus 925\/1000 Sterling Silberfolie &#8211; Made in Italy &#8211; Die Ma\u00dfe sind 20 mm in der L\u00e4nge und 10 mm in der H\u00f6he. Der Anh\u00e4nger ist mit einer offenen Gegenperle von 9 mm Durchmesser ausgestattet, die es erm\u00f6glicht, den Anh\u00e4nger an einem Armband zu befestigen. Er kann auch einfach an eine Kette geh\u00e4ngt oder an einen Schl\u00fcsselring gesteckt werden. Das Schmuckst\u00fcck wird von einem eleganten, personalisierten Etui und der Garantie von Giovanni Raspini begleitet. Ich stelle eine Quittung und\/oder Rechnung aus. <\/div>\n<\/div>\n<\/div>\n<\/div>\n","protected":false},"excerpt":{"rendered":"<p>925 Sterling Silber Giovanni Raspini Charm in Form eines Fuchses.<\/p>\n","protected":false},"featured_media":118050,"comment_status":"open","ping_status":"closed","template":"","meta":[],"product_brand":[155],"product_cat":[7575,7576,7578],"product_tag":[],"class_list":{"0":"post-118029","1":"product","2":"type-product","3":"status-publish","4":"has-post-thumbnail","6":"product_brand-raspini","7":"product_cat-do-it-yourself-schmuck-giovanni-raspini","8":"product_cat-giovanni-raspini-reize","9":"product_cat-raspini-charms-fur-veranstaltung-de","11":"first","12":"instock","13":"sale","14":"taxable","15":"shipping-taxable","16":"purchasable","17":"product-type-simple"},"exclude_global_add_ons":[],"addons":[],"df_price":36,"df_sale_price":36,"df_regular_price":40,"df_image_link":"https:\/\/cdn02.fabioferro.eu\/wp-content\/uploads\/virtuemart\/product\/charm-giovanni-raspini-volpe-9931.jpg","_links":{"self":[{"href":"https:\/\/www.fabioferro.eu\/de\/wp-json\/wp\/v2\/product\/118029","targetHints":{"allow":["GET"]}}],"collection":[{"href":"https:\/\/www.fabioferro.eu\/de\/wp-json\/wp\/v2\/product"}],"about":[{"href":"https:\/\/www.fabioferro.eu\/de\/wp-json\/wp\/v2\/types\/product"}],"replies":[{"embeddable":true,"href":"https:\/\/www.fabioferro.eu\/de\/wp-json\/wp\/v2\/comments?post=118029"}],"version-history":[{"count":0,"href":"https:\/\/www.fabioferro.eu\/de\/wp-json\/wp\/v2\/product\/118029\/revisions"}],"wp:featuredmedia":[{"embeddable":true,"href":"https:\/\/www.fabioferro.eu\/de\/wp-json\/wp\/v2\/media\/118050"}],"wp:attachment":[{"href":"https:\/\/www.fabioferro.eu\/de\/wp-json\/wp\/v2\/media?parent=118029"}],"wp:term":[{"taxonomy":"product_brand","embeddable":true,"href":"https:\/\/www.fabioferro.eu\/de\/wp-json\/wp\/v2\/product_brand?post=118029"},{"taxonomy":"product_cat","embeddable":true,"href":"https:\/\/www.fabioferro.eu\/de\/wp-json\/wp\/v2\/product_cat?post=118029"},{"taxonomy":"product_tag","embeddable":true,"href":"https:\/\/www.fabioferro.eu\/de\/wp-json\/wp\/v2\/product_tag?post=118029"}],"curies":[{"name":"wp","href":"https:\/\/api.w.org\/{rel}","templated":true}]}}