{"id":118062,"date":"2017-11-14T17:02:31","date_gmt":"2017-11-14T16:02:31","guid":{"rendered":"https:\/\/www.fabioferro.eu\/damen-925-sterling-silber-ti-sento-milano-ring-mit-weissen-zirkonia-interlace.html"},"modified":"2024-09-18T17:15:58","modified_gmt":"2024-09-18T15:15:58","slug":"damen-925-sterling-silber-ti-sento-milano-ring-mit-weissen-zirkonia-interlace","status":"publish","type":"product","link":"https:\/\/www.fabioferro.eu\/de\/damen-925-sterling-silber-ti-sento-milano-ring-mit-weissen-zirkonia-interlace.html","title":{"rendered":"Damen 925 Sterling Silber Ti Sento Milano Ring mit wei\u00dfen Zirkonia Interlace"},"content":{"rendered":"<div class=\"description\">  Ti Sento Milano Damenring aus 925\/1000 rhodiniertem und hypoallergenem Silber mit wei\u00dfen Zirkonen. Doppelt gekreuztes Modell. Der eine hat ein spezielles Mini-Bubble-Design, der andere ist mit wei\u00dfen Zirkonia im Brillantschliff besetzt. Gr\u00f6\u00dfe 14 sofort lieferbar. Die Ringe beginnen bei den Gr\u00f6\u00dfen Nr. 10 bis Nr. 20. Kann auf Anfrage bestellt werden und wird in etwa 7 Tagen geliefert.  <strong><br \/>\n<\/strong>  Dieses neue Schmuckst\u00fcck wird von einer eleganten Schachtel und der entsprechenden Ti Sento Milano Garantie begleitet.  <\/div>\n","protected":false},"excerpt":{"rendered":"<p>Ti Sento Milano Damenring aus 925er Silber mit wei\u00dfem Zirkonia.<\/p>\n","protected":false},"featured_media":118066,"comment_status":"open","ping_status":"closed","template":"","meta":[],"product_brand":[158],"product_cat":[6343],"product_tag":[7551],"class_list":{"0":"post-118062","1":"product","2":"type-product","3":"status-publish","4":"has-post-thumbnail","6":"product_brand-ti-sento-milano","7":"product_cat-ti-sento-milano-ringe","8":"product_tag-ausschlusse","10":"first","11":"outofstock","12":"taxable","13":"shipping-taxable","14":"purchasable","15":"product-type-simple"},"exclude_global_add_ons":[],"addons":[],"df_price":79,"df_sale_price":"","df_regular_price":79,"df_image_link":"https:\/\/cdn02.fabioferro.eu\/wp-content\/uploads\/virtuemart\/product\/anello-donna-ti-sento-milano-argento-12020ZI-14.jpg2_.jpg","_links":{"self":[{"href":"https:\/\/www.fabioferro.eu\/de\/wp-json\/wp\/v2\/product\/118062","targetHints":{"allow":["GET"]}}],"collection":[{"href":"https:\/\/www.fabioferro.eu\/de\/wp-json\/wp\/v2\/product"}],"about":[{"href":"https:\/\/www.fabioferro.eu\/de\/wp-json\/wp\/v2\/types\/product"}],"replies":[{"embeddable":true,"href":"https:\/\/www.fabioferro.eu\/de\/wp-json\/wp\/v2\/comments?post=118062"}],"version-history":[{"count":0,"href":"https:\/\/www.fabioferro.eu\/de\/wp-json\/wp\/v2\/product\/118062\/revisions"}],"wp:featuredmedia":[{"embeddable":true,"href":"https:\/\/www.fabioferro.eu\/de\/wp-json\/wp\/v2\/media\/118066"}],"wp:attachment":[{"href":"https:\/\/www.fabioferro.eu\/de\/wp-json\/wp\/v2\/media?parent=118062"}],"wp:term":[{"taxonomy":"product_brand","embeddable":true,"href":"https:\/\/www.fabioferro.eu\/de\/wp-json\/wp\/v2\/product_brand?post=118062"},{"taxonomy":"product_cat","embeddable":true,"href":"https:\/\/www.fabioferro.eu\/de\/wp-json\/wp\/v2\/product_cat?post=118062"},{"taxonomy":"product_tag","embeddable":true,"href":"https:\/\/www.fabioferro.eu\/de\/wp-json\/wp\/v2\/product_tag?post=118062"}],"curies":[{"name":"wp","href":"https:\/\/api.w.org\/{rel}","templated":true}]}}