{"id":118068,"date":"2017-11-11T18:16:16","date_gmt":"2017-11-11T17:16:16","guid":{"rendered":"https:\/\/www.fabioferro.eu\/ti-sento-milano-925-sterling-silber-ohrringe-mit-kubischen-zirkonia-pave.html"},"modified":"2024-09-18T17:16:05","modified_gmt":"2024-09-18T15:16:05","slug":"ti-sento-milano-925-sterling-silber-ohrringe-mit-kubischen-zirkonia-pave","status":"publish","type":"product","link":"https:\/\/www.fabioferro.eu\/de\/ti-sento-milano-925-sterling-silber-ohrringe-mit-kubischen-zirkonia-pave.html","title":{"rendered":"Ti Sento Milano 925 Sterling Silber Ohrringe mit kubischen Zirkonia Pav\u00e8"},"content":{"rendered":"<div class=\"description\">\n<div class=\"description\">  Ti Sento Milano Damenohrringe aus rhodiniertem 925\/1000 Sterling Silber mit Zirkonia-Pav\u00e8. Festes Lappenmodell mit Schmetterlingsverschluss. Wei\u00dfes Zirkonpav\u00e9. Der Ohrring misst mm. 8,00&#215;8,00 bei einer Dicke von mm. 4,00. Das neue Schmuckst\u00fcck wird von einer eleganten Schachtel und der entsprechenden TI Sento Milano Garantie begleitet. Ich stelle eine Quittung und\/oder Rechnung aus. <\/div>\n<\/div>\n","protected":false},"excerpt":{"rendered":"<p>Ti Sento Milano feste Ohrringe aus 925er Silber mit Zirkoniapav\u00e9e.<\/p>\n","protected":false},"featured_media":118069,"comment_status":"open","ping_status":"closed","template":"","meta":[],"product_brand":[158],"product_cat":[6060],"product_tag":[7551],"class_list":{"0":"post-118068","1":"product","2":"type-product","3":"status-publish","4":"has-post-thumbnail","6":"product_brand-ti-sento-milano","7":"product_cat-ti-sento-milano-ohrringe","8":"product_tag-ausschlusse","10":"first","11":"outofstock","12":"taxable","13":"shipping-taxable","14":"purchasable","15":"product-type-simple"},"exclude_global_add_ons":[],"addons":[],"df_price":79,"df_sale_price":"","df_regular_price":79,"df_image_link":"https:\/\/cdn02.fabioferro.eu\/wp-content\/uploads\/virtuemart\/product\/orecchini_ti_sento_milano_pave_7681ZI_jpg2__1510424277_125.jpg","_links":{"self":[{"href":"https:\/\/www.fabioferro.eu\/de\/wp-json\/wp\/v2\/product\/118068","targetHints":{"allow":["GET"]}}],"collection":[{"href":"https:\/\/www.fabioferro.eu\/de\/wp-json\/wp\/v2\/product"}],"about":[{"href":"https:\/\/www.fabioferro.eu\/de\/wp-json\/wp\/v2\/types\/product"}],"replies":[{"embeddable":true,"href":"https:\/\/www.fabioferro.eu\/de\/wp-json\/wp\/v2\/comments?post=118068"}],"version-history":[{"count":0,"href":"https:\/\/www.fabioferro.eu\/de\/wp-json\/wp\/v2\/product\/118068\/revisions"}],"wp:featuredmedia":[{"embeddable":true,"href":"https:\/\/www.fabioferro.eu\/de\/wp-json\/wp\/v2\/media\/118069"}],"wp:attachment":[{"href":"https:\/\/www.fabioferro.eu\/de\/wp-json\/wp\/v2\/media?parent=118068"}],"wp:term":[{"taxonomy":"product_brand","embeddable":true,"href":"https:\/\/www.fabioferro.eu\/de\/wp-json\/wp\/v2\/product_brand?post=118068"},{"taxonomy":"product_cat","embeddable":true,"href":"https:\/\/www.fabioferro.eu\/de\/wp-json\/wp\/v2\/product_cat?post=118068"},{"taxonomy":"product_tag","embeddable":true,"href":"https:\/\/www.fabioferro.eu\/de\/wp-json\/wp\/v2\/product_tag?post=118068"}],"curies":[{"name":"wp","href":"https:\/\/api.w.org\/{rel}","templated":true}]}}