{"id":118173,"date":"2017-10-10T16:20:47","date_gmt":"2017-10-10T14:20:47","guid":{"rendered":"https:\/\/www.fabioferro.eu\/giovanni-raspini-via-lattea-ring.html"},"modified":"2025-06-06T16:07:13","modified_gmt":"2025-06-06T14:07:13","slug":"giovanni-raspini-via-lattea-ring","status":"publish","type":"product","link":"https:\/\/www.fabioferro.eu\/de\/giovanni-raspini-via-lattea-ring.html","title":{"rendered":"Giovanni Raspini Via Lattea Ring"},"content":{"rendered":"<p>Damenring Giovanni Raspini neue Kollektion Via Lattea aus 925\/1000 Silber und Labradorit. Gewicht gr. 15.<\/p>\n<p>Der f\u00fcr dieses Schmuckst\u00fcck verwendete Labradorit ist ein Silikatmineral aus Aluminium, Kalzium und Natrium mit schillernden, ins Blaue und Silbergraue tendierenden Graut\u00f6nen.<\/p>\n<p>Handgefertigter Schmuck, ausschlie\u00dflich in Italien hergestellt. Eine Kollektion, die von einem Sternenhimmel mit Mondlichtreflexen inspiriert ist.<\/p>\n<p>Eine Oberfl\u00e4che aus asymmetrischen Mikrobl\u00e4schen mit 3 grauen Labradoritkugeln in der Mitte des Rings. Die maximale Breite an der Oberseite des Rings betr\u00e4gt 25 mm. Dicke 9 mm.<\/p>\n<p>Neues Schmuckst\u00fcck mit schwarzem Krokodil-Etui und offizieller Giovanni Raspini-Garantie.<\/p>\n","protected":false},"excerpt":{"rendered":"<p>Damenring Giovanni Raspini neue Kollektion Via Lattea aus 925er Silber mit nat\u00fcrlichem Labradorit.<\/p>\n","protected":false},"featured_media":118175,"comment_status":"open","ping_status":"closed","template":"","meta":[],"product_brand":[],"product_cat":[7572],"product_tag":[],"class_list":{"0":"post-118173","1":"product","2":"type-product","3":"status-publish","4":"has-post-thumbnail","6":"product_cat-ringe-giovanni-raspini","8":"first","9":"instock","10":"sale","11":"taxable","12":"shipping-taxable","13":"purchasable","14":"product-type-variable","15":"has-default-attributes"},"exclude_global_add_ons":[],"addons":[],"df_price":247.5,"df_sale_price":"","df_regular_price":247.5,"df_image_link":"https:\/\/cdn02.fabioferro.eu\/wp-content\/uploads\/virtuemart\/product\/anello_giovanni_raspini_labradorite_via_lattea_9959__1595926783_962.jpg","_links":{"self":[{"href":"https:\/\/www.fabioferro.eu\/de\/wp-json\/wp\/v2\/product\/118173","targetHints":{"allow":["GET"]}}],"collection":[{"href":"https:\/\/www.fabioferro.eu\/de\/wp-json\/wp\/v2\/product"}],"about":[{"href":"https:\/\/www.fabioferro.eu\/de\/wp-json\/wp\/v2\/types\/product"}],"replies":[{"embeddable":true,"href":"https:\/\/www.fabioferro.eu\/de\/wp-json\/wp\/v2\/comments?post=118173"}],"version-history":[{"count":0,"href":"https:\/\/www.fabioferro.eu\/de\/wp-json\/wp\/v2\/product\/118173\/revisions"}],"wp:featuredmedia":[{"embeddable":true,"href":"https:\/\/www.fabioferro.eu\/de\/wp-json\/wp\/v2\/media\/118175"}],"wp:attachment":[{"href":"https:\/\/www.fabioferro.eu\/de\/wp-json\/wp\/v2\/media?parent=118173"}],"wp:term":[{"taxonomy":"product_brand","embeddable":true,"href":"https:\/\/www.fabioferro.eu\/de\/wp-json\/wp\/v2\/product_brand?post=118173"},{"taxonomy":"product_cat","embeddable":true,"href":"https:\/\/www.fabioferro.eu\/de\/wp-json\/wp\/v2\/product_cat?post=118173"},{"taxonomy":"product_tag","embeddable":true,"href":"https:\/\/www.fabioferro.eu\/de\/wp-json\/wp\/v2\/product_tag?post=118173"}],"curies":[{"name":"wp","href":"https:\/\/api.w.org\/{rel}","templated":true}]}}