{"id":118188,"date":"2017-10-10T15:22:35","date_gmt":"2017-10-10T13:22:35","guid":{"rendered":"https:\/\/www.fabioferro.eu\/giovanni-raspini-925-sterling-silber-halskette-mit-labradorit-neue-milchstrasse-kollektion.html"},"modified":"2024-09-18T15:33:34","modified_gmt":"2024-09-18T13:33:34","slug":"giovanni-raspini-925-sterling-silber-halskette-mit-labradorit-neue-milchstrasse-kollektion","status":"publish","type":"product","link":"https:\/\/www.fabioferro.eu\/de\/giovanni-raspini-925-sterling-silber-halskette-mit-labradorit-neue-milchstrasse-kollektion.html","title":{"rendered":"Giovanni Raspini 925 Sterling Silber Halskette mit Labradorit Neue Milchstra\u00dfe Kollektion"},"content":{"rendered":"<div class=\"description\">\n<div class=\"description\">  Damenhalskette Giovanni Raspini neue Kollektion in 925\/1000 Silber mit nat\u00fcrlichem Labradorit. Der f\u00fcr dieses Schmuckst\u00fcck verwendete Labradorit ist ein Silikatmineral aus Aluminium, Kalzium und Natrium mit schillernden Graut\u00f6nen, die in Blau und Silbergrau \u00fcbergehen. Handgefertigt und ausschlie\u00dflich in Italien hergestellt. Eine Kollektion, die von einem Sternenhimmel mit Mondlichtreflexen inspiriert ist. Die Halskette besteht aus 8 ineinander greifenden, starren Elementen, die beim Tragen miteinander verschmelzen. Die maximale Breite, die das zentrale Element erreicht, betr\u00e4gt 12 mm. Die Dicke betr\u00e4gt 5 mm. Auf der Oberfl\u00e4che, mittig auf der Vorderseite, befinden sich f\u00fcnf Kugeln aus nat\u00fcrlichem Labradorit in mondgrauen Farbt\u00f6nen mit silberblauen Reflexen. Die Kette endet mit zwei Ringkettenst\u00fccken, von denen ein Teil mit einem Karabinerverschluss versehen ist. Das andere St\u00fcck endet mit einem niedlichen Gl\u00fccksbringer in Form einer Chilischote, einem unverkennbaren Detail in Giovanni Raspinis Schmuck. Die Gesamtl\u00e4nge der Halskette betr\u00e4gt ca. 41,00 cm. Neuer Artikel mit krokodilgepr\u00e4gtem Geh\u00e4use und offizieller Giovanni Raspini-Garantie. Ich stelle eine Quittung und\/oder Rechnung aus. <\/div>\n<\/div>\n","protected":false},"excerpt":{"rendered":"<p>Damenhalskette Giovanni Raspini neue Kollektion Via Lattea aus 925er Silber mit nat\u00fcrlichem grauem Labradorit.<\/p>\n","protected":false},"featured_media":118189,"comment_status":"open","ping_status":"closed","template":"","meta":[],"product_brand":[155],"product_cat":[7568],"product_tag":[],"class_list":{"0":"post-118188","1":"product","2":"type-product","3":"status-publish","4":"has-post-thumbnail","6":"product_brand-raspini","7":"product_cat-giovanni-raspini-halsketten","9":"first","10":"instock","11":"sale","12":"taxable","13":"shipping-taxable","14":"purchasable","15":"product-type-simple"},"exclude_global_add_ons":[],"addons":[],"df_price":796.5,"df_sale_price":796.5,"df_regular_price":885,"df_image_link":"https:\/\/cdn02.fabioferro.eu\/wp-content\/uploads\/virtuemart\/product\/collana-giovanni-raspini-via-lattea-argento-9957.jpg2_.jpg","_links":{"self":[{"href":"https:\/\/www.fabioferro.eu\/de\/wp-json\/wp\/v2\/product\/118188","targetHints":{"allow":["GET"]}}],"collection":[{"href":"https:\/\/www.fabioferro.eu\/de\/wp-json\/wp\/v2\/product"}],"about":[{"href":"https:\/\/www.fabioferro.eu\/de\/wp-json\/wp\/v2\/types\/product"}],"replies":[{"embeddable":true,"href":"https:\/\/www.fabioferro.eu\/de\/wp-json\/wp\/v2\/comments?post=118188"}],"version-history":[{"count":0,"href":"https:\/\/www.fabioferro.eu\/de\/wp-json\/wp\/v2\/product\/118188\/revisions"}],"wp:featuredmedia":[{"embeddable":true,"href":"https:\/\/www.fabioferro.eu\/de\/wp-json\/wp\/v2\/media\/118189"}],"wp:attachment":[{"href":"https:\/\/www.fabioferro.eu\/de\/wp-json\/wp\/v2\/media?parent=118188"}],"wp:term":[{"taxonomy":"product_brand","embeddable":true,"href":"https:\/\/www.fabioferro.eu\/de\/wp-json\/wp\/v2\/product_brand?post=118188"},{"taxonomy":"product_cat","embeddable":true,"href":"https:\/\/www.fabioferro.eu\/de\/wp-json\/wp\/v2\/product_cat?post=118188"},{"taxonomy":"product_tag","embeddable":true,"href":"https:\/\/www.fabioferro.eu\/de\/wp-json\/wp\/v2\/product_tag?post=118188"}],"curies":[{"name":"wp","href":"https:\/\/api.w.org\/{rel}","templated":true}]}}