{"id":118222,"date":"2017-09-22T16:36:58","date_gmt":"2017-09-22T14:36:58","guid":{"rendered":"https:\/\/www.fabioferro.eu\/festina-damenuhr-mademoiselle-kollektion-im-stahlgehaeuse-mm-28-mit-silbernem-zifferblatt.html"},"modified":"2017-09-22T16:36:58","modified_gmt":"2017-09-22T14:36:58","slug":"festina-damenuhr-mademoiselle-kollektion-im-stahlgehaeuse-mm-28-mit-silbernem-zifferblatt","status":"publish","type":"product","link":"https:\/\/www.fabioferro.eu\/de\/festina-damenuhr-mademoiselle-kollektion-im-stahlgehaeuse-mm-28-mit-silbernem-zifferblatt.html","title":{"rendered":"Festina Damenuhr Mademoiselle Kollektion im Stahlgeh\u00e4use MM. 28 mit silbernem Zifferblatt"},"content":{"rendered":"<div class=\"description\">\n<div class=\"description\">\n<div class=\"description\">\n<p>Festina Mademoiselle Damenuhr aus Edelstahl mit ros\u00e9farbenen Metallindexen.<\/p>\n<p>Analoges Quarzwerk mit reiner Zeitmessung.<\/p>\n<p>Das polierte Stahlgeh\u00e4use hat einen Durchmesser von 28,00 mm und eine Dicke von 6,50 mm. Geh\u00e4useboden aus Stahl, druckfest verschlossen und wasserdicht bis 5 ATM. Wasserdichte Krone aus ger\u00e4ndeltem Stahl.<\/p>\n<p>Geh\u00e4rtetes Mineralglas.<\/p>\n<p>Silberfarbenes Zifferblatt mit Stunden-, Minuten- und Sekundenzeiger aus poliertem ros\u00e9farbenem Metall.<\/p>\n<p>Poliertes Edelstahlarmband mit Kastenschlie\u00dfe und zwei seitlichen Druckkn\u00f6pfen zum \u00d6ffnen. Festina-Logo.<\/p>\n<p>Neue Uhr mit elegantem Geh\u00e4use und original Festina Zweijahresgarantie.<\/p>\n<p>Ich stelle eine Quittung und\/oder Rechnung aus.<\/p>\n<\/div>\n<\/div>\n<\/div>\n","protected":false},"excerpt":{"rendered":"<p>Festina Damenuhr der Kollektion Mademoiselle aus Edelstahl mit silbernem Zifferblatt und ros\u00e9farbenen Metallindexen.<\/p>\n","protected":false},"featured_media":118230,"comment_status":"open","ping_status":"closed","template":"","meta":[],"product_brand":[171],"product_cat":[5976],"product_tag":[7442],"class_list":{"0":"post-118222","1":"product","2":"type-product","3":"status-publish","4":"has-post-thumbnail","6":"product_brand-festina","7":"product_cat-festina-damenuhren","8":"product_tag-verfugbar","10":"first","11":"outofstock","12":"sale","13":"taxable","14":"shipping-taxable","15":"purchasable","16":"product-type-simple"},"exclude_global_add_ons":[],"addons":[],"df_price":103.2,"df_sale_price":103.2,"df_regular_price":129,"df_image_link":"https:\/\/cdn02.fabioferro.eu\/wp-content\/uploads\/virtuemart\/product\/orologio-festina-donna-acciaio-PVD-rosa-F20216-1.jpg","_links":{"self":[{"href":"https:\/\/www.fabioferro.eu\/de\/wp-json\/wp\/v2\/product\/118222","targetHints":{"allow":["GET"]}}],"collection":[{"href":"https:\/\/www.fabioferro.eu\/de\/wp-json\/wp\/v2\/product"}],"about":[{"href":"https:\/\/www.fabioferro.eu\/de\/wp-json\/wp\/v2\/types\/product"}],"replies":[{"embeddable":true,"href":"https:\/\/www.fabioferro.eu\/de\/wp-json\/wp\/v2\/comments?post=118222"}],"version-history":[{"count":0,"href":"https:\/\/www.fabioferro.eu\/de\/wp-json\/wp\/v2\/product\/118222\/revisions"}],"wp:featuredmedia":[{"embeddable":true,"href":"https:\/\/www.fabioferro.eu\/de\/wp-json\/wp\/v2\/media\/118230"}],"wp:attachment":[{"href":"https:\/\/www.fabioferro.eu\/de\/wp-json\/wp\/v2\/media?parent=118222"}],"wp:term":[{"taxonomy":"product_brand","embeddable":true,"href":"https:\/\/www.fabioferro.eu\/de\/wp-json\/wp\/v2\/product_brand?post=118222"},{"taxonomy":"product_cat","embeddable":true,"href":"https:\/\/www.fabioferro.eu\/de\/wp-json\/wp\/v2\/product_cat?post=118222"},{"taxonomy":"product_tag","embeddable":true,"href":"https:\/\/www.fabioferro.eu\/de\/wp-json\/wp\/v2\/product_tag?post=118222"}],"curies":[{"name":"wp","href":"https:\/\/api.w.org\/{rel}","templated":true}]}}