{"id":118237,"date":"2017-09-28T13:53:33","date_gmt":"2017-09-28T11:53:33","guid":{"rendered":"https:\/\/www.fabioferro.eu\/weisse-suesswasser-zuchtperlen-aus-eisen-fabio-halskette-65-70-mm.html"},"modified":"2017-09-28T13:53:33","modified_gmt":"2017-09-28T11:53:33","slug":"weisse-suesswasser-zuchtperlen-aus-eisen-fabio-halskette-65-70-mm","status":"publish","type":"product","link":"https:\/\/www.fabioferro.eu\/de\/weisse-suesswasser-zuchtperlen-aus-eisen-fabio-halskette-65-70-mm.html","title":{"rendered":"Wei\u00dfe S\u00fc\u00dfwasser-Zuchtperlen aus Eisen Fabio Halskette 6,5-7,0 mm"},"content":{"rendered":"<div class=\"description\">\n<p>Fabio Ferro Halskette aus wei\u00dfen S\u00fc\u00dfwasser-Zuchtperlen Durchmesser 6,50-7,00 mm.<\/p>\n<p>Der Perlenstrang besteht aus 64 S\u00fc\u00dfwasser-Zuchtperlen von hervorragender wei\u00dfer Perlenfarbe, Durchmesser 6,50-7,00 mm.<\/p>\n<p>Der Faden wird Knoten f\u00fcr Knoten von Hand poliert, damit jede einzelne Perle stabiler und sicherer ist, sie sich nicht ber\u00fchren und nicht durch st\u00e4ndigen Kontakt verschlei\u00dfen.<\/p>\n<p>Die Halskette ist mit einem eleganten tropfenf\u00f6rmigen Verschluss aus 925er Sterlingsilber mit praktischem Druckknopf-Sicherheitsverschluss versehen.<\/p>\n<p>Die Gesamtl\u00e4nge der Kette betr\u00e4gt 47 cm einschlie\u00dflich des Verschlusses.<\/p>\n<p>Die Farbe der Perlen kann leicht von der Abbildung abweichen, da es sich um nat\u00fcrliche Perlen handelt und eine Perle von der anderen verschieden ist.<\/p>\n<p>Die Halskette wird mit einer eleganten Geschenkbox und einem von Fabio Ferro I Gioielli unterzeichneten Garantie- und Qualit\u00e4tszertifikat geliefert.<\/p>\n<p>&nbsp;<\/p>\n<p>&nbsp;<\/p>\n<\/div>\n","protected":false},"excerpt":{"rendered":"<p>Damenhalskette aus wei\u00dfen S\u00fc\u00dfwasser-Zuchtperlen, Durchmesser 6,50-7,00 mm.<\/p>\n","protected":false},"featured_media":118245,"comment_status":"open","ping_status":"closed","template":"","meta":[],"product_brand":[],"product_cat":[6301],"product_tag":[],"class_list":{"0":"post-118237","1":"product","2":"type-product","3":"status-publish","4":"has-post-thumbnail","6":"product_cat-perlenketten","8":"first","9":"instock","10":"sale","11":"taxable","12":"shipping-taxable","13":"purchasable","14":"product-type-simple"},"exclude_global_add_ons":[],"addons":[],"df_price":408,"df_sale_price":408,"df_regular_price":510,"df_image_link":"https:\/\/cdn02.fabioferro.eu\/wp-content\/uploads\/collana-di-perle-fabio-ferro-acqua-dolce-ff4819.jpg","_links":{"self":[{"href":"https:\/\/www.fabioferro.eu\/de\/wp-json\/wp\/v2\/product\/118237","targetHints":{"allow":["GET"]}}],"collection":[{"href":"https:\/\/www.fabioferro.eu\/de\/wp-json\/wp\/v2\/product"}],"about":[{"href":"https:\/\/www.fabioferro.eu\/de\/wp-json\/wp\/v2\/types\/product"}],"replies":[{"embeddable":true,"href":"https:\/\/www.fabioferro.eu\/de\/wp-json\/wp\/v2\/comments?post=118237"}],"version-history":[{"count":0,"href":"https:\/\/www.fabioferro.eu\/de\/wp-json\/wp\/v2\/product\/118237\/revisions"}],"wp:featuredmedia":[{"embeddable":true,"href":"https:\/\/www.fabioferro.eu\/de\/wp-json\/wp\/v2\/media\/118245"}],"wp:attachment":[{"href":"https:\/\/www.fabioferro.eu\/de\/wp-json\/wp\/v2\/media?parent=118237"}],"wp:term":[{"taxonomy":"product_brand","embeddable":true,"href":"https:\/\/www.fabioferro.eu\/de\/wp-json\/wp\/v2\/product_brand?post=118237"},{"taxonomy":"product_cat","embeddable":true,"href":"https:\/\/www.fabioferro.eu\/de\/wp-json\/wp\/v2\/product_cat?post=118237"},{"taxonomy":"product_tag","embeddable":true,"href":"https:\/\/www.fabioferro.eu\/de\/wp-json\/wp\/v2\/product_tag?post=118237"}],"curies":[{"name":"wp","href":"https:\/\/api.w.org\/{rel}","templated":true}]}}