{"id":118240,"date":"2017-08-10T17:39:45","date_gmt":"2017-08-10T15:39:45","guid":{"rendered":"https:\/\/www.fabioferro.eu\/fope-eka-collection-ohrringe-aus-weissgold-mit-diamanten.html"},"modified":"2026-04-09T10:01:49","modified_gmt":"2026-04-09T08:01:49","slug":"fope-eka-collection-ohrringe-aus-weissgold-mit-diamanten","status":"publish","type":"product","link":"https:\/\/www.fabioferro.eu\/de\/fope-eka-collection-ohrringe-aus-weissgold-mit-diamanten.html","title":{"rendered":"Fope Eka Collection Ohrringe aus Wei\u00dfgold mit Diamanten"},"content":{"rendered":"<p>Fope Ohrringe der Kollektion Eka aus 18 Karat Wei\u00dfgold mit Diamantenpav\u00e9. Halbkreisf\u00f6rmiges Modell mit Drehverschluss und Federklemme auf der R\u00fcckseite. Brillantenpav\u00e9 auf der Vorderseite mit einem Gesamtgewicht von 0,19 Karat. Die Steine sind gekonnt gefasst und zeichnen sich durch eine Farbe von G und einen Reinheitsgrad von VS1 aus. Vollst\u00e4ndig in Italien handgefertigt. Die Schmuckst\u00fccke werden von einem eleganten Etui und der offiziellen Fope-Garantie begleitet.<\/p>\n","protected":false},"excerpt":{"rendered":"<p>Elegant, praktisch, aber vor allem f\u00fcr jeden Moment geeignet. Fope kreiert auch Alltagsschmuck.<\/p>\n","protected":false},"featured_media":118252,"comment_status":"open","ping_status":"closed","template":"","meta":[],"product_brand":[],"product_cat":[5937],"product_tag":[],"class_list":{"0":"post-118240","1":"product","2":"type-product","3":"status-publish","4":"has-post-thumbnail","6":"product_cat-fope-ohrringe","8":"first","9":"instock","10":"taxable","11":"shipping-taxable","12":"purchasable","13":"product-type-simple"},"exclude_global_add_ons":[],"addons":[],"df_price":2510,"df_sale_price":"","df_regular_price":2510,"df_image_link":"https:\/\/cdn02.fabioferro.eu\/wp-content\/uploads\/virtuemart\/product\/orecchini_fope_in_oro_bianco_collezione_eka_OR730_PAVE_B__1593791446_558.jpg","_links":{"self":[{"href":"https:\/\/www.fabioferro.eu\/de\/wp-json\/wp\/v2\/product\/118240","targetHints":{"allow":["GET"]}}],"collection":[{"href":"https:\/\/www.fabioferro.eu\/de\/wp-json\/wp\/v2\/product"}],"about":[{"href":"https:\/\/www.fabioferro.eu\/de\/wp-json\/wp\/v2\/types\/product"}],"replies":[{"embeddable":true,"href":"https:\/\/www.fabioferro.eu\/de\/wp-json\/wp\/v2\/comments?post=118240"}],"version-history":[{"count":1,"href":"https:\/\/www.fabioferro.eu\/de\/wp-json\/wp\/v2\/product\/118240\/revisions"}],"predecessor-version":[{"id":198031,"href":"https:\/\/www.fabioferro.eu\/de\/wp-json\/wp\/v2\/product\/118240\/revisions\/198031"}],"wp:featuredmedia":[{"embeddable":true,"href":"https:\/\/www.fabioferro.eu\/de\/wp-json\/wp\/v2\/media\/118252"}],"wp:attachment":[{"href":"https:\/\/www.fabioferro.eu\/de\/wp-json\/wp\/v2\/media?parent=118240"}],"wp:term":[{"taxonomy":"product_brand","embeddable":true,"href":"https:\/\/www.fabioferro.eu\/de\/wp-json\/wp\/v2\/product_brand?post=118240"},{"taxonomy":"product_cat","embeddable":true,"href":"https:\/\/www.fabioferro.eu\/de\/wp-json\/wp\/v2\/product_cat?post=118240"},{"taxonomy":"product_tag","embeddable":true,"href":"https:\/\/www.fabioferro.eu\/de\/wp-json\/wp\/v2\/product_tag?post=118240"}],"curies":[{"name":"wp","href":"https:\/\/api.w.org\/{rel}","templated":true}]}}